{"id":1198,"date":"2018-08-29T14:42:08","date_gmt":"2018-08-29T17:42:08","guid":{"rendered":"https:\/\/ens10-caba.infd.edu.ar\/sitio\/nivel-medio\/"},"modified":"2024-09-25T12:20:45","modified_gmt":"2024-09-25T15:20:45","slug":"nivel-medio","status":"publish","type":"page","link":"https:\/\/ens10-caba.infd.edu.ar\/sitio\/nivel-medio\/","title":{"rendered":"Nivel Medio"},"content":{"rendered":"<p>La <strong>Secundaria del Futuro<\/strong> es una profundizaci\u00f3n de la<strong> Nueva Escuela Secundaria (NES)<\/strong> que propone un modelo de escuela cada vez m\u00e1s inclusivo que se adapte a las innovaciones tecnol\u00f3gicas y a los nuevos formatos de los procesos de aprendizaje y ense\u00f1anza que acompa\u00f1an de la mejor manera las trayectorias escolares. La ENS10 implementa la SF desde 2018.<\/p>\n<p>El plan de estudio del NIVEL MEDIO est\u00e1 organizado por un Ciclo B\u00e1sico (1ro y 2do a\u00f1o) y un Ciclo Superior (3ro, 4to y 5to a\u00f1o) con tres orientaciones: Bachillerato en Educaci\u00f3n, Bachillerato en Ciencias Sociales y Humanidades y Bachillerato en Ciencias Naturales.<\/p>\n<p>Cuenta con un Departamento de Orientaci\u00f3n constituido por una Asesora Pedag\u00f3gica, una Psicopedagoga y una Psic\u00f3loga.<\/p>\n<p>Cuenta tambi\u00e9n con Parejas Tutoriales de 1\u00ba a 5\u00ba a\u00f1o formadas por un\/a profesor\/a tutor\/a y un\/a preceptor\/a. Este equipo cumple una funci\u00f3n fundamental en el acompa\u00f1amiento de nuestros\/as estudiantes. Se llevan adelante programas espec\u00edficos en cada uno de los cursos, enmarcados dentro de prop\u00f3sitos y objetivos institucionales. Se tratan situaciones grupales e individuales que requieren asesoramiento, y consultas pertinentes al Equipo de Orientaci\u00f3n Escolar.\u00a0<\/p>\n\n\n<pre class=\"wp-block-preformatted\"><strong>VISITAS GUIADAS - INGRESANTES 2025 -<\/strong><\/pre>\n\n\n\n<p>Para todos los que est\u00e9n interesados en inscribir a sus hijos\/as en el nivel secundario para el ciclo lectivo 2025 , se organizar\u00e1n durante el mes de Octubre 2024&nbsp;visitas&nbsp;para conocer la escuela.&nbsp; &nbsp;&nbsp;<\/p>\n\n\n\n<p><strong>Estas&nbsp;visitas&nbsp;SON DE CAR\u00c1CTER OPTATIVO &#8211; no obligatorias -.<\/strong><\/p>\n\n\n\n<p>Para participar de las mismas e ingresar al establecimiento es obligatorio que completen el siguiente&nbsp; formulario:&nbsp;<a href=\"https:\/\/forms.gle\/ihQj1X7ARbdLe2Ru6\" target=\"_blank\" rel=\"noreferrer noopener\">https:\/\/forms.gle\/ihQj1X7ARbdLe2Ru6<\/a><\/p>\n","protected":false},"excerpt":{"rendered":"<p>La Secundaria del Futuro es una profundizaci\u00f3n de la Nueva Escuela Secundaria (NES) que propone un modelo de escuela cada vez m\u00e1s inclusivo que se adapte a las innovaciones tecnol\u00f3gicas y a los nuevos formatos de los procesos de aprendizaje y ense\u00f1anza que acompa\u00f1an de la mejor manera las trayectorias escolares. La ENS10 implementa la &#8230; <a title=\"Nivel Medio\" class=\"read-more\" href=\"https:\/\/ens10-caba.infd.edu.ar\/sitio\/nivel-medio\/\" aria-label=\"More on Nivel Medio\">[+]<\/a><\/p>\n","protected":false},"author":2976,"featured_media":0,"parent":0,"menu_order":0,"comment_status":"closed","ping_status":"closed","template":"","meta":[],"acf":[],"_links":{"self":[{"href":"https:\/\/ens10-caba.infd.edu.ar\/sitio\/wp-json\/wp\/v2\/pages\/1198"}],"collection":[{"href":"https:\/\/ens10-caba.infd.edu.ar\/sitio\/wp-json\/wp\/v2\/pages"}],"about":[{"href":"https:\/\/ens10-caba.infd.edu.ar\/sitio\/wp-json\/wp\/v2\/types\/page"}],"author":[{"embeddable":true,"href":"https:\/\/ens10-caba.infd.edu.ar\/sitio\/wp-json\/wp\/v2\/users\/2976"}],"replies":[{"embeddable":true,"href":"https:\/\/ens10-caba.infd.edu.ar\/sitio\/wp-json\/wp\/v2\/comments?post=1198"}],"version-history":[{"count":13,"href":"https:\/\/ens10-caba.infd.edu.ar\/sitio\/wp-json\/wp\/v2\/pages\/1198\/revisions"}],"predecessor-version":[{"id":4325,"href":"https:\/\/ens10-caba.infd.edu.ar\/sitio\/wp-json\/wp\/v2\/pages\/1198\/revisions\/4325"}],"wp:attachment":[{"href":"https:\/\/ens10-caba.infd.edu.ar\/sitio\/wp-json\/wp\/v2\/media?parent=1198"}],"curies":[{"name":"wp","href":"https:\/\/api.w.org\/{rel}","templated":true}]}}