{"id":1211,"date":"2018-08-29T14:42:14","date_gmt":"2018-08-29T17:42:14","guid":{"rendered":"https:\/\/ens10-caba.infd.edu.ar\/sitio\/nivel-primario-dpto-aplicacion\/"},"modified":"2025-02-22T18:21:22","modified_gmt":"2025-02-22T21:21:22","slug":"nivel-primario-dpto-aplicacion","status":"publish","type":"page","link":"https:\/\/ens10-caba.infd.edu.ar\/sitio\/nivel-primario-dpto-aplicacion\/","title":{"rendered":"Nivel Primario &#8211;"},"content":{"rendered":"<p style=\"text-align: justify;\">\n<table style=\"width: 1172px; height: 2216px;\" border=\"0\">\n<tbody>\n<tr>\n<td>\n<p style=\"text-align: justify;\"><span lang=\"ES\" style=\"font-size: 10pt;\">El Departamento de Aplicaci\u00f3n funciona en la planta baja del Establecimiento, donde se encuentran las aulas de todos los grados, sal\u00f3n de m\u00fasica, salones de pl\u00e1stica y de tecnolog\u00eda y los despachos de las autoridades.\u00a0 <\/span><span lang=\"ES\" style=\"font-size: 10pt;\">Cuenta con 14 secciones de grado, es de Turno Tarde y su horario es: de 13.10 horas a 17.25 horas.<\/span><\/p>\n<\/td>\n<\/tr>\n<tr>\n<td>\n<p style=\"text-align: justify;\"><span lang=\"ES\" style=\"font-size: 10pt;\">Adem\u00e1s de las \u00e1reas a cargo de maestros de grado (Pr\u00e1cticas del Lenguaje, Matem\u00e1tica, Conocimiento del Mundo, Ciencias Sociales, Ciencias Naturales) y de los maestros especiales (Educaci\u00f3n Musical, Educaci\u00f3n Pl\u00e1stica, Educaci\u00f3n F\u00edsica y Tecnolog\u00eda), cuenta tambi\u00e9n con Lengua Extranjera: Ingl\u00e9s, 5 horas semanales en todas las secciones de primero a s\u00e9ptimo grado, contribuyendo a la formaci\u00f3n integral de los alumnos.\u00a0<\/span><\/p>\n<p style=\"text-align: justify;\">\u00a0<img decoding=\"async\" loading=\"lazy\" style=\"border: 0;\" title=\"PATIO 4\" src=\"https:\/\/ens10-caba.infd.edu.ar\/sitio\/wp-content\/uploads\/2018\/08\/PATIO_4.jpg\" alt=\"PATIO 4\" width=\"600\" height=\"450\" border=\"0\" \/><\/p>\n<p style=\"text-align: justify;\"><span lang=\"ES\" style=\"font-size: 10pt;\">Se llevan a cabo proyectos relacionados a todas las \u00c1reas, Torneos de Educaci\u00f3n F\u00edsica, Ex\u00e1menes Cle en Sexto Grado, Talleres de Guitarra, Comedia Musical, Coro, Apoyo Escolar y Profundizaci\u00f3n de Saberes, Talleres de Pl\u00e1stica y Tecnolog\u00eda, Ecolog\u00eda, Huerta escolar, Inform\u00e1tica, Nataci\u00f3n en Cuarto Grado. Todas las actividades se realizan dentro del horario escolar.<\/span><\/p>\n<p style=\"text-align: justify;\">\u00a0<img decoding=\"async\" loading=\"lazy\" style=\"border: 0; vertical-align: middle;\" title=\"HUERTA 3\" src=\"https:\/\/ens10-caba.infd.edu.ar\/sitio\/wp-content\/uploads\/2018\/08\/HUERTA_3.jpg\" alt=\"HUERTA 3\" width=\"600\" height=\"450\" border=\"0\" \/><\/p>\n<p style=\"text-align: justify;\"><span lang=\"ES\" style=\"font-size: 10pt;\">Amplios patios con canchas de f\u00fatbol, volley y handball.<\/span><\/p>\n<p style=\"text-align: justify;\"><span lang=\"ES\" style=\"font-size: 10pt;\"><img decoding=\"async\" loading=\"lazy\" style=\"border: 0; vertical-align: middle;\" title=\"PATIO 1\" src=\"https:\/\/ens10-caba.infd.edu.ar\/sitio\/wp-content\/uploads\/2018\/08\/PATIO_1.jpg\" alt=\"PATIO 1\" width=\"600\" height=\"450\" border=\"0\" \/><\/span><\/p>\n<\/td>\n<\/tr>\n<tr>\n<td>\n<p style=\"text-align: justify;\"><span lang=\"ES\" style=\"font-size: 10pt;\">El Nivel Primario es, como Departamento de Aplicaci\u00f3n, el \u00e1mbito en el que los alumnos del Nivel Terciario hacen sus observaciones y pr\u00e1cticas docentes.<\/span><\/p>\n<p style=\"text-align: justify;\"><span lang=\"ES\" style=\"font-size: 10pt;\"><img decoding=\"async\" loading=\"lazy\" style=\"border: 0;\" title=\"fotos 7-\u00a6 22\" src=\"https:\/\/ens10-caba.infd.edu.ar\/sitio\/wp-content\/uploads\/2018\/08\/fotos_7-_22.jpg\" alt=\"fotos 7-\u00a6 22\" width=\"600\" height=\"450\" border=\"0\" \/><\/span><\/p>\n<\/td>\n<\/tr>\n<\/tbody>\n<\/table>\n","protected":false},"excerpt":{"rendered":"<p>El Departamento de Aplicaci\u00f3n funciona en la planta baja del Establecimiento, donde se encuentran las aulas de todos los grados, sal\u00f3n de m\u00fasica, salones de pl\u00e1stica y de tecnolog\u00eda y los despachos de las autoridades.\u00a0 Cuenta con 14 secciones de grado, es de Turno Tarde y su horario es: de 13.10 horas a 17.25 horas. &#8230; <a title=\"Nivel Primario &#8211;\" class=\"read-more\" href=\"https:\/\/ens10-caba.infd.edu.ar\/sitio\/nivel-primario-dpto-aplicacion\/\" aria-label=\"More on Nivel Primario &#8211;\">[+]<\/a><\/p>\n","protected":false},"author":2976,"featured_media":0,"parent":0,"menu_order":0,"comment_status":"closed","ping_status":"closed","template":"","meta":[],"acf":[],"_links":{"self":[{"href":"https:\/\/ens10-caba.infd.edu.ar\/sitio\/wp-json\/wp\/v2\/pages\/1211"}],"collection":[{"href":"https:\/\/ens10-caba.infd.edu.ar\/sitio\/wp-json\/wp\/v2\/pages"}],"about":[{"href":"https:\/\/ens10-caba.infd.edu.ar\/sitio\/wp-json\/wp\/v2\/types\/page"}],"author":[{"embeddable":true,"href":"https:\/\/ens10-caba.infd.edu.ar\/sitio\/wp-json\/wp\/v2\/users\/2976"}],"replies":[{"embeddable":true,"href":"https:\/\/ens10-caba.infd.edu.ar\/sitio\/wp-json\/wp\/v2\/comments?post=1211"}],"version-history":[{"count":2,"href":"https:\/\/ens10-caba.infd.edu.ar\/sitio\/wp-json\/wp\/v2\/pages\/1211\/revisions"}],"predecessor-version":[{"id":4472,"href":"https:\/\/ens10-caba.infd.edu.ar\/sitio\/wp-json\/wp\/v2\/pages\/1211\/revisions\/4472"}],"wp:attachment":[{"href":"https:\/\/ens10-caba.infd.edu.ar\/sitio\/wp-json\/wp\/v2\/media?parent=1211"}],"curies":[{"name":"wp","href":"https:\/\/api.w.org\/{rel}","templated":true}]}}