{"id":1213,"date":"2018-08-29T14:42:15","date_gmt":"2018-08-29T17:42:15","guid":{"rendered":"https:\/\/ens10-caba.infd.edu.ar\/sitio\/nivel-inicial\/"},"modified":"2024-09-12T21:17:24","modified_gmt":"2024-09-13T00:17:24","slug":"nivel-inicial","status":"publish","type":"page","link":"https:\/\/ens10-caba.infd.edu.ar\/sitio\/nivel-inicial\/","title":{"rendered":"Nivel Inicial"},"content":{"rendered":"\n<p><\/p>\n\n\n<div class=\"wp-block-image\">\n<figure class=\"alignleft size-full is-resized\"><img decoding=\"async\" loading=\"lazy\" src=\"https:\/\/ens10-caba.infd.edu.ar\/sitio\/wp-content\/uploads\/2018\/08\/ni2.jpg\" alt=\"\" class=\"wp-image-1162\" width=\"137\" height=\"137\"\/><\/figure><\/div>\n\n\n<p>El <strong>jard\u00edn de Infantes de la ENS N\u00ba10<\/strong>. funciona en el predio de la calle <strong>Tres de febrero 2463<\/strong>. Ofrece sus servicios a la comunidad, brindando escolaridad para <strong>ni\u00f1os de 2, 3, 4, 5 a\u00f1os<\/strong>. Es un jard\u00edn de jornada simple que funciona en ambos turnos, en los siguientes horarios:<\/p>\n\n\n\n<ul>\n<li>Turno Ma\u00f1ana 8.45 hs. a 12 .00 hs.<\/li>\n\n\n\n<li>Turno Tarde 13.00 hs. a 16.15 hs.<\/li>\n<\/ul>\n\n\n\n<pre class=\"wp-block-preformatted\"><strong><u>CONTACTO:<\/u><\/strong><\/pre>\n\n\n\n<ul>\n<li><strong>Direcci\u00f3n:<\/strong> 3 de Febrero 2463<\/li>\n\n\n\n<li><strong>Tel\u00e9fono:<\/strong> 4788-5465<\/li>\n\n\n\n<li><strong>Mail:<\/strong> ens10_nidirecccion@bue.edu.ar<\/li>\n<\/ul>\n\n\n\n<pre class=\"wp-block-preformatted\"><strong>IMPORTANTE:<\/strong> Hay vacantes para las salas 2, 3, 4 y 5 a\u00f1os (ambos turnos).<\/pre>\n\n\n\n<hr class=\"wp-block-separator has-alpha-channel-opacity\"\/>\n\n\n\n<h2 class=\"wp-block-heading\">&#8211; Inscripci\u00f3n escolar Ciclo Lectivo 2025 &#8211;<\/h2>\n\n\n\n<h5 class=\"wp-block-heading\">Inscripci\u00f3n Escolar en L\u00ednea \u2013 30\/09 al 18\/10 \u2013<\/h5>\n\n\n\n<p>Para realizar consultas y tr\u00e1mites ingres\u00e1 en la&nbsp;<a href=\"https:\/\/buenosaires.gob.ar\/educacion\/estudiantes\/inscripcionescolar\">web de Inscripci\u00f3n escolar<\/a>.&nbsp;<\/p>\n\n\n\n<pre class=\"wp-block-preformatted\"><strong>Visitas Guiadas<\/strong>\n\nSon organizadas por el <strong>Gobierno de la Ciudad de Buenos Aires<\/strong> en una fecha determinada por ellos. Los <strong>turnos son online <\/strong>desde la web de inscripciones. <\/pre>\n\n\n\n<h6 class=\"wp-block-heading\">\u00bfCu\u00e1les son los requisitos?<\/h6>\n\n\n\n<ul>\n<li>DNI vigente del aspirante<\/li>\n\n\n\n<li>DNI de madre, padre o tutor\/a.<\/li>\n<\/ul>\n\n\n\n<pre class=\"wp-block-preformatted\"><strong>Pasos para realizar el tr\u00e1mite<\/strong><\/pre>\n\n\n\n<h5 class=\"wp-block-heading\">\u2013 Realiz\u00e1 la preinscripci\u00f3n<\/h5>\n\n\n\n<p>Pod\u00e9s hacerlo en la&nbsp;<a href=\"https:\/\/www.buenosaires.gob.ar\/educacion\/estudiantes\/inscripcionescolar\" target=\"_blank\" rel=\"noreferrer noopener\">web de Educaci\u00f3n<\/a>&nbsp;del Gobierno de la Ciudad, llamando a la&nbsp;<strong>Comunidad Educativa Conectada (CEC) al 0800 333 3382<\/strong>, los d\u00edas h\u00e1biles&nbsp;<strong>de 8 a 20 h<\/strong>, o de manera presencial en&nbsp;<a href=\"https:\/\/www.buenosaires.gob.ar\/educacion\/estudiantes\/inscripcionescolar\/preguntas-frecuentes#44\" target=\"_blank\" rel=\"noreferrer noopener\">las distintas sedes<\/a>.<\/p>\n\n\n\n<h5 class=\"wp-block-heading\">\u2013 Realiz\u00e1 el control documental<\/h5>\n\n\n\n<p>Consiste en la presentaci\u00f3n&nbsp;<strong>de la documentaci\u00f3n<\/strong>&nbsp;que respalda la informaci\u00f3n suministrada&nbsp;<strong>en el sistema<\/strong>, al momento de la preinscripci\u00f3n. Hay tiempo hasta<strong>&nbsp;fecha a confirmar.<\/strong><\/p>\n\n\n\n<pre class=\"wp-block-preformatted\">La publicaci\u00f3n de listados de asignaci\u00f3n de vacantes ser\u00e1 <strong>23\/10\/24<\/strong>.<\/pre>\n","protected":false},"excerpt":{"rendered":"<p>El jard\u00edn de Infantes de la ENS N\u00ba10. funciona en el predio de la calle Tres de febrero 2463. Ofrece sus servicios a la comunidad, brindando escolaridad para ni\u00f1os de 2, 3, 4, 5 a\u00f1os. Es un jard\u00edn de jornada simple que funciona en ambos turnos, en los siguientes horarios: CONTACTO: IMPORTANTE: Hay vacantes para &#8230; <a title=\"Nivel Inicial\" class=\"read-more\" href=\"https:\/\/ens10-caba.infd.edu.ar\/sitio\/nivel-inicial\/\" aria-label=\"More on Nivel Inicial\">[+]<\/a><\/p>\n","protected":false},"author":2976,"featured_media":0,"parent":0,"menu_order":0,"comment_status":"closed","ping_status":"closed","template":"","meta":[],"acf":[],"_links":{"self":[{"href":"https:\/\/ens10-caba.infd.edu.ar\/sitio\/wp-json\/wp\/v2\/pages\/1213"}],"collection":[{"href":"https:\/\/ens10-caba.infd.edu.ar\/sitio\/wp-json\/wp\/v2\/pages"}],"about":[{"href":"https:\/\/ens10-caba.infd.edu.ar\/sitio\/wp-json\/wp\/v2\/types\/page"}],"author":[{"embeddable":true,"href":"https:\/\/ens10-caba.infd.edu.ar\/sitio\/wp-json\/wp\/v2\/users\/2976"}],"replies":[{"embeddable":true,"href":"https:\/\/ens10-caba.infd.edu.ar\/sitio\/wp-json\/wp\/v2\/comments?post=1213"}],"version-history":[{"count":7,"href":"https:\/\/ens10-caba.infd.edu.ar\/sitio\/wp-json\/wp\/v2\/pages\/1213\/revisions"}],"predecessor-version":[{"id":4305,"href":"https:\/\/ens10-caba.infd.edu.ar\/sitio\/wp-json\/wp\/v2\/pages\/1213\/revisions\/4305"}],"wp:attachment":[{"href":"https:\/\/ens10-caba.infd.edu.ar\/sitio\/wp-json\/wp\/v2\/media?parent=1213"}],"curies":[{"name":"wp","href":"https:\/\/api.w.org\/{rel}","templated":true}]}}