{"id":1217,"date":"2018-08-29T14:42:16","date_gmt":"2018-08-29T17:42:16","guid":{"rendered":"https:\/\/ens10-caba.infd.edu.ar\/sitio\/asociacion-cooperadora\/"},"modified":"2024-10-02T15:36:51","modified_gmt":"2024-10-02T18:36:51","slug":"asociacion-cooperadora","status":"publish","type":"page","link":"https:\/\/ens10-caba.infd.edu.ar\/sitio\/asociacion-cooperadora\/","title":{"rendered":"Asociaci\u00f3n cooperadora"},"content":{"rendered":"<p><span style=\"font-family: arial,helvetica,sans-serif;\"><span style=\"font-size: 12pt;\"><strong><span style=\"text-decoration: underline;\"><span style=\"font-family: tahoma,arial,helvetica,sans-serif;\">Objeto social<\/span><\/span><\/strong><\/span><\/span><\/p>\n<p style=\"text-align: justify;\"><span style=\"font-family: arial,helvetica,sans-serif;\"><span style=\"font-size: 12pt;\"><span style=\"font-family: tahoma,arial,helvetica,sans-serif;\"><span style=\"font-size: 10pt;\">La Asociaci\u00f3n Cooperadora Mercedes de San Mart\u00edn de Balcarce es una Asociaci\u00f3n sin fines de lucro ubicada en O&#8217;Higgins 2441 y sus fines se encuentran ligados a la escuela Normal 10 \u00abJuan Bautista Alberdi\u00bb y sus fines y prop\u00f3sitos son: <\/span><\/span><\/span><\/span><\/p>\n<ul>\n<li>\n<div style=\"text-align: justify;\"><span style=\"font-family: arial,helvetica,sans-serif;\"><span style=\"font-size: 12pt;\"><span style=\"font-family: tahoma,arial,helvetica,sans-serif;\"><span style=\"font-size: 10pt;\"><strong>Vincular<\/strong> a las familias de los alumnos con dicha Escuela, y a \u00e9sta con la comunidad; <\/span><\/span><\/span><\/span><\/div>\n<\/li>\n<li>\n<div style=\"text-align: justify;\"><span style=\"font-family: arial,helvetica,sans-serif;\"><span style=\"font-size: 12pt;\"><span style=\"font-family: tahoma,arial,helvetica,sans-serif;\"><span style=\"font-size: 10pt;\"><strong>Auspiciar<\/strong> la asistencia escolar, a cuyo efecto se proveer\u00e1 a los alumnos necesitados, en lo posible, de ropa, calzado, \u00fatiles escolares, atenci\u00f3n m\u00e9dica, etc.;<\/span><\/span><\/span><\/span><\/div>\n<\/li>\n<li>\n<div style=\"text-align: justify;\"><span style=\"font-family: arial,helvetica,sans-serif;\"><span style=\"font-size: 12pt;\"><span style=\"font-family: tahoma,arial,helvetica,sans-serif;\"><span style=\"font-size: 10pt;\"><strong>Propender<\/strong> al desenvolvimiento de la educaci\u00f3n moral, f\u00edsica e intelectual de los alumnos organizando conferencias, reuniones, conciertos y todo acto que facilite dicho fin; <\/span><\/span><\/span><\/span><\/div>\n<\/li>\n<li>\n<div style=\"text-align: justify;\"><span style=\"font-family: arial,helvetica,sans-serif;\"><span style=\"font-size: 12pt;\"><span style=\"font-family: tahoma,arial,helvetica,sans-serif;\"><span style=\"font-size: 10pt;\"><strong>Cooperar<\/strong> en la organizaci\u00f3n de actos culturales, conferencias, visitas a museos o lugares que permitan ampliar los conocimientos adquiridos en la Escuela; <\/span><\/span><\/span><\/span><\/div>\n<\/li>\n<li>\n<div style=\"text-align: justify;\"><span style=\"font-family: arial,helvetica,sans-serif;\"><span style=\"font-size: 12pt;\"><span style=\"font-family: tahoma,arial,helvetica,sans-serif;\"><span style=\"font-size: 10pt;\"><strong>Contribuir<\/strong> al mejoramiento de la Escuela, colaborando con su personal directivo y docente;<\/span><\/span><\/span><\/span><\/div>\n<\/li>\n<li>\n<div style=\"text-align: justify;\"><span style=\"font-family: arial,helvetica,sans-serif;\"><span style=\"font-size: 12pt;\"><span style=\"font-family: tahoma,arial,helvetica,sans-serif;\"><span style=\"font-size: 10pt;\"><strong>Colaborar<\/strong> o brindar servicios escolares; <\/span><\/span><\/span><\/span><\/div>\n<\/li>\n<li>\n<div style=\"text-align: justify;\"><span style=\"font-family: arial,helvetica,sans-serif;\"><span style=\"font-size: 12pt;\"><span style=\"font-family: tahoma,arial,helvetica,sans-serif;\"><span style=\"font-size: 10pt;\"><strong>Realizar<\/strong> festivales, rifas, etc. que permitan aumentar recursos<\/span><\/span><\/span><\/span><\/div>\n<\/li>\n<\/ul>\n<p><span style=\"font-family: arial,helvetica,sans-serif;\"><span style=\"font-size: 12pt;\"><strong><span style=\"text-decoration: underline;\"><span style=\"font-family: tahoma,arial,helvetica,sans-serif;\">Funcionamiento<\/span><\/span><\/strong><\/span><\/span><\/p>\n<p style=\"text-align: justify;\"><span style=\"font-family: arial,helvetica,sans-serif;\"><span style=\"font-size: 12pt;\"><span style=\"font-family: tahoma,arial,helvetica,sans-serif;\"><span style=\"font-size: 10pt;\">Como la cooperadora es una Asociaci\u00f3n Civil, funciona de manera muy similar a un club. Tiene Asociados y una Comisi\u00f3n Directiva que maneja los ingresos de las cuotas sociales aportadas por sus Socios.<br \/>\nSi bien el pago de la cuota social es absolutamente voluntario y de acuerdo a las posibilidades de cada familia y de ninguna forma puede condicionar las posibilidades educativas de cada alumno, se fija una cuota social anual que debe ser abonada para pertenecer a la categor\u00eda de \u00abSocio Activo\u00bb. La misma es fundamental para el desarrollo de las actividades de la Cooperadora y es el importe que les solicitamos, como cualquier club, a nuestros Socios.<br \/>\nPor supuesto, estamos muy agradecidos por todos los aportes y donaciones de cualquier tenor que han sido realizadas, por lo que nos sentimos con la enorme responsabilidad de responder con nuestro mejor esfuerzo a aquellos que nos han confiado esta tarea.<\/span><\/span><\/span><\/span><\/p>\n<p><span style=\"font-family: arial,helvetica,sans-serif;\"><span style=\"font-size: 12pt;\"><strong><span style=\"text-decoration: underline;\"><span style=\"font-family: tahoma,arial,helvetica,sans-serif;\">Nuestra Historia<\/span><\/span><\/strong><\/span><\/span><\/p>\n<p style=\"text-align: justify;\"><span style=\"font-family: arial,helvetica,sans-serif;\"><span style=\"font-size: 12pt;\"><span style=\"font-family: tahoma,arial,helvetica,sans-serif;\"><span style=\"font-size: 10pt;\">Nuestra Cooperadora denominada \u00abMercedes de San Mart\u00edn de Balcarce\u00bb fue fundada el 5 de Noviembre de 1916, por padres, tutores o encargados de alumnas, ex alumnas, maestras y profesoras de la Escuela actualmente denominada Normal N\u00famero 10 \u00abJuan Bautista Alberdi\u00bb con el nombre de Asociaci\u00f3n Cooperadora \u00abPor la salud de mi hija\u00bb (por aquellos tiempos, al Normal 10 solo concurr\u00edan ni\u00f1as).<br \/>\nDesde entonces las distintas comisiones directivas han desarrollado sus actividades en el marco social en que estuvieron insertos. La Cooperadora ha vivido la \u00e9poca de oro de los Normales, en donde hab\u00eda m\u00e9dicos, comedor, odont\u00f3logos, etc., y tambi\u00e9n las \u00e9pocas de la destrucci\u00f3n sistem\u00e1tica de la educaci\u00f3n con reducciones de presupuesto, personal y otros tantos males. Estos marcos sociales impactaron, como es l\u00f3gico, en la participaci\u00f3n de la Cooperadora de nuestra Escuela. Tal es la situaci\u00f3n, que desde el a\u00f1o 2001 no han sido elevados en tiempo y forma las documentaciones que debemos presentar a las autoridades que nos controlan, lo cual ha motivado distintas auditor\u00edas que han ido cerrando y resolviendo los balances adeudados, hasta que por una nueva disposici\u00f3n, se congelaron los subsidios estatales hasta que no se eleven los balances 2007 y 2008, con las obvias consecuencias para la Escuela.<br \/>\nPor otra parte, cabe aclarar que en los \u00faltimos a\u00f1os no se ha podido conformar correctamente una Comisi\u00f3n Directiva, ya que por ejemplo, de la comisi\u00f3n del a\u00f1o 2008, quedaron trabajando \u00fanicamente dos personas, quienes renunciaron al verse sobrepasados, a pesar del esfuerzo, por la situaci\u00f3n en que se encontraban.<br \/>\nAsi es que, ante la acefal\u00eda, en mayo de este a\u00f1o conformamos una nueva comisi\u00f3n y desde entonces hemos trabajado, dentro de las posibilidades, en el mejoramiento de la escuela y tambi\u00e9n en aquello que fue una enorme tarea: el cierre de los balances 2007 y 2008. Ahora debemos aprobar en Asamblea Extraordinaria estos balances y elevarlos a las autoridades y as\u00ed normalizar la situaci\u00f3n, para poder avanzar nuevamente hacia una Escuela mejor.<br \/>\nEsta Comisi\u00f3n Directiva entiende que debemos solicitar el compromiso de todos los padres y alumnos para hacer una Escuela mejor, participando, colaborando y cuidando la Escuela P\u00fablica para que\u00a0<strong>todos<\/strong>\u00a0tengamos el derecho universal de la\u00a0<strong>Educaci\u00f3n.<\/strong><\/span><\/span><\/span><\/span><\/p>\n<p><span style=\"font-family: arial,helvetica,sans-serif;\"><span style=\"font-size: 12pt;\"><strong><span style=\"text-decoration: underline;\"><span style=\"font-family: tahoma,arial,helvetica,sans-serif;\">Contacto<\/span><\/span><\/strong><\/span><\/span><\/p>\n<h6>Podes acercarte a la oficina de la Cooperadora ubicada al lado de la Direcci\u00f3n del Nivel Primario y Medio.<\/h6>\n<ul>\n<li><strong>Env\u00edanos un mail:<\/strong> cooperadoranormal10@gmail.com<\/li>\n<li><strong>Tel: <\/strong>4785 &#8211; 3333<\/li>\n<\/ul>\n","protected":false},"excerpt":{"rendered":"<p>Objeto social La Asociaci\u00f3n Cooperadora Mercedes de San Mart\u00edn de Balcarce es una Asociaci\u00f3n sin fines de lucro ubicada en O&#8217;Higgins 2441 y sus fines se encuentran ligados a la escuela Normal 10 \u00abJuan Bautista Alberdi\u00bb y sus fines y prop\u00f3sitos son: Vincular a las familias de los alumnos con dicha Escuela, y a \u00e9sta &#8230; <a title=\"Asociaci\u00f3n cooperadora\" class=\"read-more\" href=\"https:\/\/ens10-caba.infd.edu.ar\/sitio\/asociacion-cooperadora\/\" aria-label=\"More on Asociaci\u00f3n cooperadora\">[+]<\/a><\/p>\n","protected":false},"author":2976,"featured_media":0,"parent":0,"menu_order":0,"comment_status":"closed","ping_status":"closed","template":"","meta":[],"acf":[],"_links":{"self":[{"href":"https:\/\/ens10-caba.infd.edu.ar\/sitio\/wp-json\/wp\/v2\/pages\/1217"}],"collection":[{"href":"https:\/\/ens10-caba.infd.edu.ar\/sitio\/wp-json\/wp\/v2\/pages"}],"about":[{"href":"https:\/\/ens10-caba.infd.edu.ar\/sitio\/wp-json\/wp\/v2\/types\/page"}],"author":[{"embeddable":true,"href":"https:\/\/ens10-caba.infd.edu.ar\/sitio\/wp-json\/wp\/v2\/users\/2976"}],"replies":[{"embeddable":true,"href":"https:\/\/ens10-caba.infd.edu.ar\/sitio\/wp-json\/wp\/v2\/comments?post=1217"}],"version-history":[{"count":5,"href":"https:\/\/ens10-caba.infd.edu.ar\/sitio\/wp-json\/wp\/v2\/pages\/1217\/revisions"}],"predecessor-version":[{"id":4340,"href":"https:\/\/ens10-caba.infd.edu.ar\/sitio\/wp-json\/wp\/v2\/pages\/1217\/revisions\/4340"}],"wp:attachment":[{"href":"https:\/\/ens10-caba.infd.edu.ar\/sitio\/wp-json\/wp\/v2\/media?parent=1217"}],"curies":[{"name":"wp","href":"https:\/\/api.w.org\/{rel}","templated":true}]}}