{"id":1231,"date":"2018-08-29T14:42:21","date_gmt":"2018-08-29T17:42:21","guid":{"rendered":"https:\/\/ens10-caba.infd.edu.ar\/sitio\/historia\/"},"modified":"2024-05-09T23:29:30","modified_gmt":"2024-05-10T02:29:30","slug":"historia","status":"publish","type":"page","link":"https:\/\/ens10-caba.infd.edu.ar\/sitio\/historia\/","title":{"rendered":"Nuestra Historia"},"content":{"rendered":"<p><span style=\"font-size: 12pt; color: #cc6600; font-family: arial,helvetica,sans-serif;\"><strong>&nbsp;<\/strong><\/span><span style=\"font-family: verdana,geneva;\"><span class=\"Texto_verdana\"><span style=\"font-size: 10pt;\">L<span style=\"font-family: tahoma,arial,helvetica,sans-serif;\">a Escuela Normal de Maestras entrama su historia con la del barrio de Belgrano. Fundada bajo la dependencia del Consejo Nacional de Educaci\u00f3n, por decreto del entonces Presidente de la Naci\u00f3n Dr. Victorino de la Plaza y refrendada por el Dr. Tom\u00e1s R. Cullen, ministro de Justicia e Instrucci\u00f3n P\u00fablica el 14 de mayo de 1914, se encomend\u00f3 su organizaci\u00f3n a la profesora Enriqueta Lucero, su primera y recordada directora. <br><\/span><\/span><\/span><\/span><span style=\"font-family: verdana,geneva;\"><span class=\"Texto_verdana\"><span style=\"font-size: 10pt;\"><span style=\"font-family: tahoma,arial,helvetica,sans-serif;\">Comenz\u00f3 a funcionar en el edificio de la Escuela Normal Superior N\u00ba 6, G\u00fcemes 3859. Al a\u00f1o siguiente se traslad\u00f3 al barrio de Belgrano, instal\u00e1ndose en Tres de Febrero 2370, entre Blanco Encalada y Olaz\u00e1bal, en la que fuera la casa de Lucio V. Mansilla. La directora Enriqueta Lucero, solicit\u00f3 que se le pusiera a la instituci\u00f3n el nombre del pr\u00f3cer, \u00ab<\/span><a href=\"http:\/\/www.alberdi.org.ar\/\" target=\"_blank\" rel=\"noopener\"><span style=\"font-family: tahoma,arial,helvetica,sans-serif;\">Juan B. Alberdi<\/span><\/a><span style=\"font-family: tahoma,arial,helvetica,sans-serif;\">\u00ab, rindiendo as\u00ed homenaje a su compatriota tucumano y eminente constitucionalista.<\/span><\/span><\/span><\/span><\/p>\n<div id=\"titulo1\"><span style=\"font-family: verdana,geneva;\"><span class=\"Texto_verdana\"><span style=\"font-size: 10pt;\"><span style=\"font-family: tahoma,arial,helvetica,sans-serif;\"><img decoding=\"async\" class=\"alignleft\" title=\"la 1er directora del ens10\" src=\"https:\/\/ens10-caba.infd.edu.ar\/sitio\/wp-content\/uploads\/2018\/08\/enriqueta1.jpg\" alt=\"la 1er directora del ens10\" border=\"0\">&nbsp;<\/span><\/span><\/span><\/span><\/div>\n<div style=\"text-align: left;\"><strong><span style=\"font-family: verdana,geneva;\"><span class=\"Texto_verdana\"><span style=\"font-size: 10pt;\"><span style=\"font-family: tahoma,arial,helvetica,sans-serif;\">PRIMERA DIRECTORA DEL ESTABLECIMIENTO<\/span><\/span><\/span><\/span><\/strong><\/div>\n<div style=\"text-align: left;\"><em><span style=\"font-family: verdana,geneva;\"><span class=\"Texto_verdana\"><span style=\"font-size: 10pt;\">P<span style=\"font-family: tahoma,arial,helvetica,sans-serif;\">r<\/span><span style=\"font-family: tahoma,arial,helvetica,sans-serif;\">ofesora Enriqueta Lucero<\/span><\/span><\/span><\/span><\/em><\/div>\n<div>&nbsp;<\/div>\n<p style=\"text-align: left;\"><span style=\"color: #000000;\"><span style=\"font-size: 10pt;\"><span style=\"font-family: tahoma,arial,helvetica,sans-serif;\"><span style=\"font-size: 10pt;\">Fue la primera escuela secundaria de gesti\u00f3n oficial y formaci\u00f3n laica , creada en la zona de Belgrano, compartiendo la formaci\u00f3n de maestros con otros colegios de la zona como el de la Misericordia, fundado en 1903, Sagrado Coraz\u00f3n, en 1912, y el Colegio Manuel Belgrano de los Hermanos Maristas creado en 1916. Tambi\u00e9n en esa \u00e9poca se fueron estableciendo otros colegios como el Goethe Sch\u00fcle y el Humboldt Sch\u00fcle de la colectividad alemana, el Liceo Franc\u00e9s Jean Mermoz, los colegios ingleses y los pertenecientes a la colectividad jud\u00eda.<\/span><\/span><\/span><\/span><\/p>\n<p id=\"justificado\" style=\"text-align: justify;\"><span style=\"color: #000000;\"><span style=\"font-size: 10pt;\"><span style=\"font-family: tahoma,arial,helvetica,sans-serif;\"><span style=\"font-size: 10pt;\">El edificio de la calle Tres de Febrero era alquilado y poco a poco vio excedida su capacidad por la canti\u00addad de alumnos que all\u00ed asist\u00edan. A mediados de la d\u00e9cada del 50, durante la gesti\u00f3n de la directo\u00adra Olga Velazco, se concretaron las primeras tratativas para obtener el predio Municipal donde hoy se emplaza el edificio de la Escuela y el Gimnasio. En 1959 , por la Ley 14818, se dispuso la construcci\u00f3n de la nueva sede, coloc\u00e1ndose la piedra fundacional el 29 de agosto de 1960. Diez a\u00f1os mas tarde, el 29 de agosto de 1970 se inaugura el gimnasio, fecha coincidente con el 160 aniversario del nacimiento de Alberdi.<\/span><\/span><\/span><\/span><\/p>\n<p style=\"text-align: justify;\"><span style=\"color: #000000;\"><span style=\"font-size: 10pt;\"><span style=\"font-family: tahoma,arial,helvetica,sans-serif;\"><span style=\"font-size: 10pt;\">En el a\u00f1o 1970 se produce un gran cambio en la formaci\u00f3n docente cre\u00e1ndose las carreras del Nivel Terciario con el Profesorado en Ense\u00f1anza Primaria y el Profesorado en Educaci\u00f3n Preescolar y transform\u00e1ndose las Escuelas Normales en bachilleratos modalizados con orientaci\u00f3n docente. En 1971 se inicia la carrera de Profesorado de Ense\u00f1anza Primaria y en 1974 el Profesorado de Educaci\u00f3n Preescolar.<\/span><\/span><\/span><\/span><\/p>\n<p id=\"justificado\" style=\"text-align: justify;\"><span style=\"color: #000000;\"><span style=\"font-size: 10pt;\"><span style=\"font-family: tahoma,arial,helvetica,sans-serif;\"><span style=\"font-size: 10pt;\">En agosto de 1982 la escuela se traslada a su actual sede de O\u00b4Higgins 2441 contando a dem\u00e1s con el edificio anexo de 3 de febrero 2345, donde funciona el Nivel Inicial y el Gimnasio del Departamento de Educaci\u00f3n F\u00edsica. En 1987 se crean, por la demanda de vacantes , mas divisiones del nivel medio y pasan a ser 7 divisiones por curso.&nbsp;<\/span><\/span><\/span><\/span><span style=\"color: #000000;\"><span style=\"font-size: 10pt;\"><span style=\"font-family: tahoma,arial,helvetica,sans-serif;\"><span style=\"font-size: 10pt;\">En el mes de marzo de 1996 se autoriza el funcionamiento del turno vespertino para las carreras de formaci\u00f3n docente, por la demanda de postulantes en su mayor\u00eda provenientes de la zona NOE de la Ciudad de Buenos Aires y otras aleda\u00f1as del Gran Buenos Aires.<\/span><\/span><\/span><\/span><\/p>\n<p style=\"text-align: justify;\"><span style=\"color: #000000;\"><span style=\"font-size: 10pt;\"><span style=\"font-family: tahoma,arial,helvetica,sans-serif;\"><span style=\"font-size: 10pt;\">En el a\u00f1o 2002 el Gobierno de la Ciudad de Buenos Aires implementa la reforma de los Planes de estudio para la formaci\u00f3n docente de los Institutos de Nivel Terciario . Se desarrollan los nuevos lineamientos curriculares para las carreras de Profesor de Nivel Primario EGB 1 y 2 y de Profesor de Nivel Inicial . Es innegable el impacto social provocado por la Escuela Normal en su radio de influencia. Esta afirmaci\u00f3n se confirma con los datos estad\u00edsticos de matriculaci\u00f3n, retenci\u00f3n y promoci\u00f3n de alumnos inscriptos en todos y cada uno de sus niveles de funcionamiento. La actividad acad\u00e9mica espec\u00edfica y la comunitaria convirtieron a la ENS N\u00ba10 en un centro de radiaci\u00f3n cultural para el Barrio de Belgrano.<\/span><\/span><\/span><\/span><\/p>\n<h4 style=\"text-align: left;\">EL PATRONO DE NUESTRA ESCUELA<\/h4>\n<p><span style=\"font-size: 12pt; color: #cc6600; font-family: arial,helvetica,sans-serif;\"><strong><span style=\"font-family: verdana,geneva;\"><span class=\"Texto_verdana\"><span style=\"font-size: 10pt;\"><span style=\"font-family: tahoma,arial,helvetica,sans-serif;\"><img decoding=\"async\" loading=\"lazy\" class=\"alignleft\" title=\"alberdi\" src=\"https:\/\/ens10-caba.infd.edu.ar\/sitio\/wp-content\/uploads\/2018\/08\/Alberdi.jpg\" alt=\"alberdi\" width=\"186\" height=\"222\" border=\"0\"><\/span><\/span><\/span><\/span><\/strong><\/span><\/p>\n<p><span style=\"font-size: 10pt;\"><span style=\"font-family: tahoma,arial,helvetica,sans-serif;\">J<span style=\"color: #000000;\">uan Bautista Alberdi naci\u00f3 en la ciudad de Tucum\u00e1n el 29 de agosto de 1810. Su padre don Salvador Alberdi, fue uno de los primeros espa\u00f1oles, que apoy\u00f3 la causa de la independencia. Su madre do\u00f1a Josefa, era tucumana y cultivo en \u00e9l la poes\u00eda y la m\u00fasica. <\/span><\/span><\/span><span style=\"font-size: 10pt; font-family: tahoma, arial, helvetica, sans-serif; text-align: justify;\">Alberdi estudi\u00f3 en Buenos Aires en tiempos de Rivadavia al que lleg\u00f3 en un convoy de carretas, luego de dos meses de viaje. Para entonces, sus padres fallecen y queda hu\u00e9rfano y pobre. Trabaj\u00f3 y desempe\u00f1o empleos subalternos en el comercio porte\u00f1o. Altern\u00f3 con la generaci\u00f3n de Miguel Can\u00e9 en el colegio de Ciencias Naturales, fraterniz\u00f3 con L\u00f3pez en el sal\u00f3n literario, con Echeverr\u00eda en la \u00abAsociaci\u00f3n de Mayo\u00bb, y con Juan Mar\u00eda Guti\u00e9rrez Sarmiento y Mitre en Chile.<\/span><span style=\"font-family: tahoma,arial,helvetica,sans-serif;\"><span style=\"font-size: 10pt;\">&nbsp;<\/span><\/span><span style=\"font-family: tahoma,arial,helvetica,sans-serif;\"><span style=\"font-size: 10pt;\">Estudi\u00f3 derecho en Buenos Aires, aunque rindi\u00f3 varios ex\u00e1menes en C\u00f3rdoba. en 1833 regres\u00f3 a su provincia para despu\u00e9s viajar a Europa y finalmente se radic\u00f3 en Chile donde ejerci\u00f3 periodismo y abogac\u00eda.&nbsp;<\/span><\/span><span style=\"font-family: tahoma,arial,helvetica,sans-serif;\"><span style=\"font-size: 10pt;\">La mejor historia de su vida y sus pensamientos se hallan en las p\u00e1ginas de sus Obras y de sus escritos p\u00f3stumos. Dos copiosas series de trabajos literarios.<\/span><\/span><\/p>\n<p style=\"text-align: justify;\"><span style=\"font-family: tahoma,arial,helvetica,sans-serif;\"><span style=\"font-size: 10pt;\">Escribi\u00f3 sobre derecho, econom\u00eda, educaci\u00f3n democr\u00e1tica, m\u00fasica y ensayos dram\u00e1ticos pero, sin dudas, el libro que se\u00f1ala la hora decisiva de su destino intelectual fue Bases. En su obra expresa (para su pueblo reci\u00e9n salido del despotismo y de la anarqu\u00eda) las normas pol\u00edticas que deb\u00eda conducir a la poblaci\u00f3n al orden, a la riqueza, al ideal de la democracia. \u00abBases y puntos de partida para la Organizaci\u00f3n Constitucional de la Rep\u00fablica Argentina\u00bb, sali\u00f3 as la luz en Chile el 1 de Mayo de 1852 y posteriormente en 1856 conoci\u00e9ndosela como edici\u00f3n de Valpara\u00edso y cuyo texto completo figura en las \u00abObras Completas de Alberdi\u00bb.<\/span><\/span><\/p>\n<p style=\"text-align: justify;\"><span style=\"font-family: tahoma,arial,helvetica,sans-serif;\"><span style=\"font-size: 10pt;\">Combati\u00f3 a Rosas desde la frustrada campa\u00f1a de Lavalle hasta la triunfante campa\u00f1a de Urquiza. Desempe\u00f1o una misi\u00f3n diplom\u00e1tica en Europa como representante de la Confederaci\u00f3n Argentina ante los gobiernos de Inglaterra, Espa\u00f1a, Francia y la Santa Sede.&nbsp;<\/span><\/span><span style=\"font-family: tahoma,arial,helvetica,sans-serif;\"><span style=\"font-size: 10pt;\">En 1878 regres\u00f3 al pa\u00eds, alej\u00e1ndose otra vez a su retiro a Francia donde falleci\u00f3 el 18 de junio de 1884. Muri\u00f3 en soledad y en la miseria.<\/span><\/span><\/p>\n<h2 id=\"block-4a3df956-1e3e-4f10-b1d2-c657e3b3344a\" class=\"block-editor-rich-text__editable block-editor-block-list__block wp-block is-selected wp-block-heading rich-text\" tabindex=\"0\" role=\"document\" contenteditable=\"true\" aria-multiline=\"true\" aria-label=\"Bloque: Encabezado\" data-block=\"4a3df956-1e3e-4f10-b1d2-c657e3b3344a\" data-type=\"core\/heading\" data-title=\"Encabezado\">Asociaci\u00f3n ex alumnas<\/h2>\n<p>Han transcurrido muchos a\u00f1os de nuestra vida de egresadas. Muchos hechos y acontecimientos del ayer y del hoy nos convoca para recordarlos y revivirlos en un panorama y un mundo diferente. Somos la estudiante de ayer, con las an\u00e9cdotas e inquietudes del mundo de hoy. Nuestras querida escuela Normal con su excelencia en la formaci\u00f3n educativa es hoy la escuela de formaci\u00f3n terciaria y profesorado. Grandes cambios tecnol\u00f3gicos reemplazan hoy engranajes educativos. Nuestro orgullo de entonces era pertenecer a la \u00abEscuela P\u00fablica\u00bb, forjadora en excelencia donde la disciplina y el esfuerzo era la base de la permanencia en ella. Profesores de extraordinaria formaci\u00f3n acad\u00e9mica eran gu\u00edas y consejeros. Quedan sus nombres en nuestras memorias, como el de quienes hacen de la ense\u00f1anza un verdadero apostolado.<br>Recordar aquellos a\u00f1os que vivimos es parte de nuestra historia. La permanente comunicaci\u00f3n y las charlas de los encuentros de ex-alumnas, ceden hoy un lugar a la palabra escrita y a trav\u00e9s de ella que permanece por siempre vivo, el pasado con el presente. As\u00ed, se hece la historia, la de todos los hombres, desde el m\u00e1s encumbrado hasta el m\u00e1s insignificante. Unos pertenecen a la historia grande; la de los pueblos, las naciones, el universo. Otras sencillas, ignotas y s\u00f3lo presente en h\u00e1bitos donde les toc\u00f3 actuar.<\/p>\n<p>Hoy, aqu\u00ed estamos, como ex-alumnas, con la sencillez y la humildad de quienes quieren contar algo de su ayer, de su experiencia e ilusiones, vividas en nuestra lejana adolescencia. Caminemos entonces, retrospectivamente a ese ayer, din\u00e1mico, jubiloso, de nuestro andar por la Escuela Normal N\u00b0 10. Sea adem\u00e1s un testimonio de agradecimiento para quienes forjaron nuestra formaci\u00f3n docente y un homenaje a quienes a\u00fan sin estar, permanecen por siempre en nuestro recuerdo.<\/p>\n<p>Ayer, hoy y ma\u00f1ana. \u00a1Cu\u00e1ntas cosas han cambiado! Y cambiar\u00e1n en nombre de un tecnicismo y progreso quiz\u00e1s menos humanista y m\u00e1s trasgresor y sorprendente. El momento hist\u00f3rico que vivimos nos obliga a fortalecer m\u00e1s que nunca las ra\u00edces de nuestra identidad como docentes argentinos. Todos juntos, directivos, padres, maestros, y, alumnos debemos insistir unidos sobre los valores que encarnan el pasado con el presente, teniendo en cuenta que siempre el porvenir que queremos para las futuras generaciones. Necesitamos y debemos luchar, como dec\u00eda Sarmiento, el ilustre maestro sanjuanino, con \u00abla pluma y la palabra\u00bb con el ejemplo y el amor, para que sea una inquebrantable consigna sus sue\u00f1os: \u00abHagamos de la Rep\u00fablica una gran escuela y de cada escuela, una gran familia\u00bb<\/p>\n<p><strong>Lidya E. Posse&nbsp; (Ex-alumna 1951)<\/strong><\/p>\n<p>Este escrito fue publicado en el libro \u00abAyer y hoy\u00bb de esta asociaci\u00f3n,&nbsp; en el a\u00f1o&nbsp;2008, cuya actoria&nbsp;es de las ex-alumnas Noem\u00ed Dominguez de Andrade, Marta Capdevila de&nbsp;H\u00f6ller, Marta y Lidia Posse.&nbsp;<\/p>\n<p><\/p>\n\n\n<p><\/p>\n\n\n\nCon el entusiasmo de un grupo de ex alumnas surgi\u00f3 la creaci\u00f3n de una Asociaci\u00f3n de Ex alumnas, comenzando a gestarse y ponerse en marcha dicho proyecto.<\/p>\n<p>\n\n\n\n<\/p>\n<p>Finalizado el acto, la ex alumna Marta Capdevila de H\u00f6ller, Elsa Scarabelli de Vaccaro y Elvira Schermann de S\u00e1nchez (promoci\u00f3n 1944), comenzaron la movilizaci\u00f3n llamando e interesando a las ex alumnas para aunar ideas y cristalizar las formaci\u00f3n de la asociaci\u00f3n. <span style=\"font-size: revert;\">La Asamblea Constitutiva tuvo lugar el 24 de septiembre de 1999, donde se cristaliz\u00f3 el sue\u00f1o que comenzara en 14 de marzo del mismo a\u00f1o. <\/span><span style=\"font-size: revert;\">En todo momento la asociaci\u00f3n procur\u00f3 abrir caminos en la comunidad educativa y la asociaci\u00f3n estudiantil, fij\u00e1ndose los siguientes objetivos, a los que llam\u00f3 \u00absus prop\u00f3sitos\u00bb<\/span><\/p>\n<p>\n\n\n\n<\/p>\n<ul>\n\n<li>Acercamiento a ex alumnas\/os de todas las promociones para integraci\u00f3n a la misma.<\/li>\n\n \n\n<li>Apoyo a la Direcci\u00f3n de la escuela en lo referente a manifestaciones culturales, did\u00e1cticas y festejos.<\/li>\n\n \n\n<li>Otorgamiento de Becas<\/li>\n\n \n\n<li>Muestras y exposiciones<\/li>\n\n \n\n<li>Ateneos y conferencias<\/li>\n\n \n\n<li>Reuniones de camarader\u00eda<\/li>\n\n \n\n<li>Vinculaci\u00f3n de la asociaci\u00f3n con otras similares.<\/li>\n\n<\/ul>\n<p>\n\n\n<p><\/p>","protected":false},"excerpt":{"rendered":"<p>&nbsp;La Escuela Normal de Maestras entrama su historia con la del barrio de Belgrano. Fundada bajo la dependencia del Consejo Nacional de Educaci\u00f3n, por decreto del entonces Presidente de la Naci\u00f3n Dr. Victorino de la Plaza y refrendada por el Dr. Tom\u00e1s R. Cullen, ministro de Justicia e Instrucci\u00f3n P\u00fablica el 14 de mayo de &#8230; <a title=\"Nuestra Historia\" class=\"read-more\" href=\"https:\/\/ens10-caba.infd.edu.ar\/sitio\/historia\/\" aria-label=\"More on Nuestra Historia\">[+]<\/a><\/p>\n","protected":false},"author":2976,"featured_media":0,"parent":0,"menu_order":0,"comment_status":"closed","ping_status":"closed","template":"","meta":[],"acf":[],"_links":{"self":[{"href":"https:\/\/ens10-caba.infd.edu.ar\/sitio\/wp-json\/wp\/v2\/pages\/1231"}],"collection":[{"href":"https:\/\/ens10-caba.infd.edu.ar\/sitio\/wp-json\/wp\/v2\/pages"}],"about":[{"href":"https:\/\/ens10-caba.infd.edu.ar\/sitio\/wp-json\/wp\/v2\/types\/page"}],"author":[{"embeddable":true,"href":"https:\/\/ens10-caba.infd.edu.ar\/sitio\/wp-json\/wp\/v2\/users\/2976"}],"replies":[{"embeddable":true,"href":"https:\/\/ens10-caba.infd.edu.ar\/sitio\/wp-json\/wp\/v2\/comments?post=1231"}],"version-history":[{"count":7,"href":"https:\/\/ens10-caba.infd.edu.ar\/sitio\/wp-json\/wp\/v2\/pages\/1231\/revisions"}],"predecessor-version":[{"id":3943,"href":"https:\/\/ens10-caba.infd.edu.ar\/sitio\/wp-json\/wp\/v2\/pages\/1231\/revisions\/3943"}],"wp:attachment":[{"href":"https:\/\/ens10-caba.infd.edu.ar\/sitio\/wp-json\/wp\/v2\/media?parent=1231"}],"curies":[{"name":"wp","href":"https:\/\/api.w.org\/{rel}","templated":true}]}}