{"id":1243,"date":"2018-08-29T14:42:27","date_gmt":"2018-08-29T17:42:27","guid":{"rendered":"https:\/\/ens10-caba.infd.edu.ar\/sitio\/proyecto-escuela\/"},"modified":"2024-09-12T21:09:39","modified_gmt":"2024-09-13T00:09:39","slug":"proyecto-escuela","status":"publish","type":"page","link":"https:\/\/ens10-caba.infd.edu.ar\/sitio\/proyecto-escuela\/","title":{"rendered":"Proyecto Escuela 2024"},"content":{"rendered":"\n<pre class=\"wp-block-preformatted has-large-font-size\"><strong>\u201cExplorar tiene sentido\u201d<\/strong> <\/pre>\n\n\n\n<p>Dicho Proyecto se basa en la exploraci\u00f3n como eje fundamental del aprendizaje y la manifestaci\u00f3n de las emociones a trav\u00e9s de los sentidos. Es importante destacar que por medio de la estimulaci\u00f3n sensorial, la cual es el fortalecimiento y desarrollo de los cinco sentidos (vista, o\u00eddo, gusto, olfato, tacto), los\/as ni\u00f1os\/as no solo exploran sino tambi\u00e9n \u00a0descubren su entorno y gracias a un buen desarrollo sensorial pueden adquirir habilidades sociales, cognitivas. Adem\u00e1s, adquirir diferentes experiencias los lleva al razonamiento, a la formaci\u00f3n de su propio criterio, a la resoluci\u00f3n de conflictos y a la capacidad de decisi\u00f3n.\u00a0<\/p>\n\n\n\n<p><strong><em><u>Nuestros Prop\u00f3sitos en el Proyecto Escuela (PE):<\/u><\/em><\/strong><\/p>\n\n\n\n<ul>\n<li>Garantizar una oferta de educaci\u00f3n heterog\u00e9nea que promueva la equidad educativa.&nbsp;<\/li>\n\n\n\n<li>Abordar los contenidos transversalmente con los ejes L\u00fadico, ESI y Educaci\u00f3n Digital.&nbsp;<\/li>\n\n\n\n<li>Impulsar el potencial de las personas promoviendo el aprendizaje a lo largo de toda la vida.&nbsp;<\/li>\n\n\n\n<li>Estimular la realizaci\u00f3n de acciones concretas en Gesti\u00f3n Ambiental.<\/li>\n\n\n\n<li>Contribuir al desarrollo de contenidos y dispositivos de formaci\u00f3n y perfeccionamiento docente para el abordaje integral de la Educaci\u00f3n Ambiental, propiciando la innovaci\u00f3n pedag\u00f3gica.&nbsp;<\/li>\n\n\n\n<li>Ofrecer variedad de situaciones y oportunidades para que puedan explorar por medio de los sentidos.&nbsp;<\/li>\n\n\n\n<li>Propiciar diversas actividades de conexi\u00f3n con su cuerpo en sentido integral.&nbsp;<\/li>\n\n\n\n<li>Guiar los procesos de aprendizaje a partir de preguntas y del intercambio de ideas, en los que se pongan de manifiesto los modos de pensar y de resolver problemas sencillos relacionados con el contexto cercano.&nbsp;<\/li>\n<\/ul>\n\n\n\n<figure class=\"wp-block-gallery has-nested-images columns-default is-cropped wp-block-gallery-1 is-layout-flex\">\n<figure class=\"wp-block-image size-large\"><img decoding=\"async\" loading=\"lazy\" width=\"1425\" height=\"1900\" data-id=\"4297\"  src=\"https:\/\/ens10-caba.infd.edu.ar\/sitio\/wp-content\/uploads\/2024\/09\/20240624_092650-1425x1900.jpg\" alt=\"\" class=\"wp-image-4297\" srcset=\"https:\/\/ens10-caba.infd.edu.ar\/sitio\/wp-content\/uploads\/2024\/09\/20240624_092650-1425x1900.jpg 1425w, https:\/\/ens10-caba.infd.edu.ar\/sitio\/wp-content\/uploads\/2024\/09\/20240624_092650-750x1000.jpg 750w, https:\/\/ens10-caba.infd.edu.ar\/sitio\/wp-content\/uploads\/2024\/09\/20240624_092650-768x1024.jpg 768w, https:\/\/ens10-caba.infd.edu.ar\/sitio\/wp-content\/uploads\/2024\/09\/20240624_092650-1152x1536.jpg 1152w, https:\/\/ens10-caba.infd.edu.ar\/sitio\/wp-content\/uploads\/2024\/09\/20240624_092650-1536x2048.jpg 1536w, https:\/\/ens10-caba.infd.edu.ar\/sitio\/wp-content\/uploads\/2024\/09\/20240624_092650-scaled.jpg 1920w\" sizes=\"(max-width: 1425px) 100vw, 1425px\" \/><\/figure>\n\n\n\n<figure class=\"wp-block-image size-large\"><img decoding=\"async\" loading=\"lazy\" width=\"1283\" height=\"941\" data-id=\"4295\"  src=\"https:\/\/ens10-caba.infd.edu.ar\/sitio\/wp-content\/uploads\/2024\/09\/IMG-20240513-WA0023-1.jpg\" alt=\"\" class=\"wp-image-4295\" srcset=\"https:\/\/ens10-caba.infd.edu.ar\/sitio\/wp-content\/uploads\/2024\/09\/IMG-20240513-WA0023-1.jpg 1283w, https:\/\/ens10-caba.infd.edu.ar\/sitio\/wp-content\/uploads\/2024\/09\/IMG-20240513-WA0023-1-1000x733.jpg 1000w, https:\/\/ens10-caba.infd.edu.ar\/sitio\/wp-content\/uploads\/2024\/09\/IMG-20240513-WA0023-1-768x563.jpg 768w\" sizes=\"(max-width: 1283px) 100vw, 1283px\" \/><\/figure>\n\n\n\n<figure class=\"wp-block-image size-large\"><img decoding=\"async\" loading=\"lazy\" width=\"1600\" height=\"901\" data-id=\"4294\"  src=\"https:\/\/ens10-caba.infd.edu.ar\/sitio\/wp-content\/uploads\/2024\/09\/IMG-20240514-WA0078.jpg\" alt=\"\" class=\"wp-image-4294\" srcset=\"https:\/\/ens10-caba.infd.edu.ar\/sitio\/wp-content\/uploads\/2024\/09\/IMG-20240514-WA0078.jpg 1600w, https:\/\/ens10-caba.infd.edu.ar\/sitio\/wp-content\/uploads\/2024\/09\/IMG-20240514-WA0078-1000x563.jpg 1000w, https:\/\/ens10-caba.infd.edu.ar\/sitio\/wp-content\/uploads\/2024\/09\/IMG-20240514-WA0078-768x432.jpg 768w, https:\/\/ens10-caba.infd.edu.ar\/sitio\/wp-content\/uploads\/2024\/09\/IMG-20240514-WA0078-1536x865.jpg 1536w\" sizes=\"(max-width: 1600px) 100vw, 1600px\" \/><\/figure>\n\n\n\n<figure class=\"wp-block-image size-large\"><img decoding=\"async\" loading=\"lazy\" width=\"1600\" height=\"902\" data-id=\"4298\"  src=\"https:\/\/ens10-caba.infd.edu.ar\/sitio\/wp-content\/uploads\/2024\/09\/IMG-20240528-WA0052.jpg\" alt=\"\" class=\"wp-image-4298\" srcset=\"https:\/\/ens10-caba.infd.edu.ar\/sitio\/wp-content\/uploads\/2024\/09\/IMG-20240528-WA0052.jpg 1600w, https:\/\/ens10-caba.infd.edu.ar\/sitio\/wp-content\/uploads\/2024\/09\/IMG-20240528-WA0052-1000x564.jpg 1000w, https:\/\/ens10-caba.infd.edu.ar\/sitio\/wp-content\/uploads\/2024\/09\/IMG-20240528-WA0052-768x433.jpg 768w, https:\/\/ens10-caba.infd.edu.ar\/sitio\/wp-content\/uploads\/2024\/09\/IMG-20240528-WA0052-1536x866.jpg 1536w\" sizes=\"(max-width: 1600px) 100vw, 1600px\" \/><\/figure>\n\n\n\n<figure class=\"wp-block-image size-large\"><img decoding=\"async\" loading=\"lazy\" width=\"1280\" height=\"960\" data-id=\"4296\"  src=\"https:\/\/ens10-caba.infd.edu.ar\/sitio\/wp-content\/uploads\/2024\/09\/IMG-20240531-WA0040.jpg\" alt=\"\" class=\"wp-image-4296\" srcset=\"https:\/\/ens10-caba.infd.edu.ar\/sitio\/wp-content\/uploads\/2024\/09\/IMG-20240531-WA0040.jpg 1280w, https:\/\/ens10-caba.infd.edu.ar\/sitio\/wp-content\/uploads\/2024\/09\/IMG-20240531-WA0040-1000x750.jpg 1000w, https:\/\/ens10-caba.infd.edu.ar\/sitio\/wp-content\/uploads\/2024\/09\/IMG-20240531-WA0040-768x576.jpg 768w\" sizes=\"(max-width: 1280px) 100vw, 1280px\" \/><\/figure>\n\n\n\n<figure class=\"wp-block-image size-large\"><img decoding=\"async\" loading=\"lazy\" width=\"1200\" height=\"940\" data-id=\"4299\"  src=\"https:\/\/ens10-caba.infd.edu.ar\/sitio\/wp-content\/uploads\/2024\/09\/IMG-20240619-WA0003-1.jpg\" alt=\"\" class=\"wp-image-4299\" srcset=\"https:\/\/ens10-caba.infd.edu.ar\/sitio\/wp-content\/uploads\/2024\/09\/IMG-20240619-WA0003-1.jpg 1200w, https:\/\/ens10-caba.infd.edu.ar\/sitio\/wp-content\/uploads\/2024\/09\/IMG-20240619-WA0003-1-1000x783.jpg 1000w, https:\/\/ens10-caba.infd.edu.ar\/sitio\/wp-content\/uploads\/2024\/09\/IMG-20240619-WA0003-1-768x602.jpg 768w\" sizes=\"(max-width: 1200px) 100vw, 1200px\" \/><\/figure>\n\n\n\n<figure class=\"wp-block-image size-large\"><img decoding=\"async\" loading=\"lazy\" width=\"1280\" height=\"960\" data-id=\"4300\"  src=\"https:\/\/ens10-caba.infd.edu.ar\/sitio\/wp-content\/uploads\/2024\/09\/IMG-20240619-WA0024.jpg\" alt=\"\" class=\"wp-image-4300\" srcset=\"https:\/\/ens10-caba.infd.edu.ar\/sitio\/wp-content\/uploads\/2024\/09\/IMG-20240619-WA0024.jpg 1280w, https:\/\/ens10-caba.infd.edu.ar\/sitio\/wp-content\/uploads\/2024\/09\/IMG-20240619-WA0024-1000x750.jpg 1000w, https:\/\/ens10-caba.infd.edu.ar\/sitio\/wp-content\/uploads\/2024\/09\/IMG-20240619-WA0024-768x576.jpg 768w\" sizes=\"(max-width: 1280px) 100vw, 1280px\" \/><\/figure>\n<\/figure>\n","protected":false},"excerpt":{"rendered":"<p>\u201cExplorar tiene sentido\u201d Dicho Proyecto se basa en la exploraci\u00f3n como eje fundamental del aprendizaje y la manifestaci\u00f3n de las emociones a trav\u00e9s de los sentidos. Es importante destacar que por medio de la estimulaci\u00f3n sensorial, la cual es el fortalecimiento y desarrollo de los cinco sentidos (vista, o\u00eddo, gusto, olfato, tacto), los\/as ni\u00f1os\/as no &#8230; <a title=\"Proyecto Escuela 2024\" class=\"read-more\" href=\"https:\/\/ens10-caba.infd.edu.ar\/sitio\/proyecto-escuela\/\" aria-label=\"More on Proyecto Escuela 2024\">[+]<\/a><\/p>\n","protected":false},"author":2976,"featured_media":0,"parent":0,"menu_order":0,"comment_status":"closed","ping_status":"closed","template":"","meta":[],"acf":[],"_links":{"self":[{"href":"https:\/\/ens10-caba.infd.edu.ar\/sitio\/wp-json\/wp\/v2\/pages\/1243"}],"collection":[{"href":"https:\/\/ens10-caba.infd.edu.ar\/sitio\/wp-json\/wp\/v2\/pages"}],"about":[{"href":"https:\/\/ens10-caba.infd.edu.ar\/sitio\/wp-json\/wp\/v2\/types\/page"}],"author":[{"embeddable":true,"href":"https:\/\/ens10-caba.infd.edu.ar\/sitio\/wp-json\/wp\/v2\/users\/2976"}],"replies":[{"embeddable":true,"href":"https:\/\/ens10-caba.infd.edu.ar\/sitio\/wp-json\/wp\/v2\/comments?post=1243"}],"version-history":[{"count":3,"href":"https:\/\/ens10-caba.infd.edu.ar\/sitio\/wp-json\/wp\/v2\/pages\/1243\/revisions"}],"predecessor-version":[{"id":4301,"href":"https:\/\/ens10-caba.infd.edu.ar\/sitio\/wp-json\/wp\/v2\/pages\/1243\/revisions\/4301"}],"wp:attachment":[{"href":"https:\/\/ens10-caba.infd.edu.ar\/sitio\/wp-json\/wp\/v2\/media?parent=1243"}],"curies":[{"name":"wp","href":"https:\/\/api.w.org\/{rel}","templated":true}]}}