{"id":1249,"date":"2018-08-29T14:42:29","date_gmt":"2018-08-29T17:42:29","guid":{"rendered":"https:\/\/ens10-caba.infd.edu.ar\/sitio\/inscripcion-nivel-primario\/"},"modified":"2024-12-10T22:02:41","modified_gmt":"2024-12-11T01:02:41","slug":"inscripcion-nivel-primario","status":"publish","type":"page","link":"https:\/\/ens10-caba.infd.edu.ar\/sitio\/inscripcion-nivel-primario\/","title":{"rendered":"Inscripci\u00f3n Nivel Primario"},"content":{"rendered":"<p style=\"text-align: center;\"><img decoding=\"async\" loading=\"lazy\" class=\"alignnone size-medium wp-image-4412\" src=\"https:\/\/ens10-caba.infd.edu.ar\/sitio\/wp-content\/uploads\/2024\/12\/inscripcion-primaria-800x1000.png\" alt=\"\" width=\"800\" height=\"1000\" srcset=\"https:\/\/ens10-caba.infd.edu.ar\/sitio\/wp-content\/uploads\/2024\/12\/inscripcion-primaria-800x1000.png 800w, https:\/\/ens10-caba.infd.edu.ar\/sitio\/wp-content\/uploads\/2024\/12\/inscripcion-primaria-768x960.png 768w, https:\/\/ens10-caba.infd.edu.ar\/sitio\/wp-content\/uploads\/2024\/12\/inscripcion-primaria.png 1080w\" sizes=\"(max-width: 800px) 100vw, 800px\" \/><\/p>\n<p><span style=\"font-size: 10pt;\"><strong><span style=\"text-decoration: underline;\">LUGAR Y HORARIO PARA INFORMES<\/span><\/strong><strong>: <\/strong><strong>Regencia de Nivel Primario, de 14 a 16 horas.&nbsp;<\/strong><\/span><\/p>\n<p><span style=\"font-size: 13.3333px;\"><b><u>PRE INSCRIPCI\u00d3N ONLINE INGRESANDO <a href=\"https:\/\/inscripciones.buenosaires.gob.ar\/\">aqu\u00ed<\/a><\/u><\/b><\/span><br><span style=\"font-size: 10pt;\">Una vez que ingreso al sistema seleccionar&nbsp; ESCUELAS NORMALES SUPERIORES,&nbsp; y luego ESCUELA NORMAL SUPERIOR N\u00b0 10 \u00abJUAN BAUTISTA ALBERDI\u00bb<\/span><\/p>\n<p><span style=\"font-size: 13.3333px;\">VALIDACI\u00d3N: concurrir&nbsp;al establecimiento de 14 a 16 hs con la documentaci\u00f3n requerida y el n\u00famero de pre-inscripci\u00f3n online<\/span><\/p>\n<p style=\"text-align: center;\"><span style=\"font-size: 10pt;\"> <strong><span style=\"text-decoration: underline;\">DOCUMENTACION REQUERIDA PARA LA INSCRIPCION:<\/span><\/strong><\/span><\/p>\n<p style=\"text-align: center;\"><span style=\"font-size: 10pt;\"><strong><span style=\"text-decoration: underline;\">Original y fotocopia<\/span><\/strong><\/span><\/p>\n<ul>\n<li><span style=\"font-size: 10pt;\">DNI del alumno y del&nbsp; responsable legal.<\/span><\/li>\n<\/ul>\n<ul>\n<li><span style=\"font-size: 10pt;\">Partida de Nacimiento.<\/span><\/li>\n<\/ul>\n<ul>\n<li><span style=\"font-size: 10pt;\">Vacunas o libreta sanitaria.<\/span><\/li>\n<\/ul>\n<ul>\n<li><span style=\"font-size: 10pt;\">Planilla de inscripci\u00f3n y de salud (Se compra en la fotocopiadora).<\/span><\/li>\n<\/ul>\n<ul>\n<li><span style=\"font-size: 10pt;\">Un folio transparente tama\u00f1o oficio.<\/span><\/li>\n<\/ul>\n<ul>\n<li><span style=\"font-size: 10pt;\">Bolet\u00edn de Calificaciones (para aspirantes de 2\u00ba a 7\u00ba Grados).<\/span><\/li>\n<\/ul>\n<p><img decoding=\"async\" loading=\"lazy\" style=\"border: 0px; display: block; margin-left: auto; margin-right: auto;\" title=\"HUERTA 4\" src=\"https:\/\/ens10-caba.infd.edu.ar\/sitio\/wp-content\/uploads\/2018\/08\/HUERTA_4.jpg\" alt=\"HUERTA 4\" width=\"600\" height=\"450\" border=\"0\"><\/p>\n\n\n<figure class=\"wp-block-image\"><img alt=\"\"\/><\/figure>\n","protected":false},"excerpt":{"rendered":"<p>LUGAR Y HORARIO PARA INFORMES: Regencia de Nivel Primario, de 14 a 16 horas.&nbsp; PRE INSCRIPCI\u00d3N ONLINE INGRESANDO aqu\u00edUna vez que ingreso al sistema seleccionar&nbsp; ESCUELAS NORMALES SUPERIORES,&nbsp; y luego ESCUELA NORMAL SUPERIOR N\u00b0 10 \u00abJUAN BAUTISTA ALBERDI\u00bb VALIDACI\u00d3N: concurrir&nbsp;al establecimiento de 14 a 16 hs con la documentaci\u00f3n requerida y el n\u00famero de pre-inscripci\u00f3n &#8230; <a title=\"Inscripci\u00f3n Nivel Primario\" class=\"read-more\" href=\"https:\/\/ens10-caba.infd.edu.ar\/sitio\/inscripcion-nivel-primario\/\" aria-label=\"More on Inscripci\u00f3n Nivel Primario\">[+]<\/a><\/p>\n","protected":false},"author":2976,"featured_media":0,"parent":0,"menu_order":0,"comment_status":"closed","ping_status":"closed","template":"","meta":[],"acf":[],"_links":{"self":[{"href":"https:\/\/ens10-caba.infd.edu.ar\/sitio\/wp-json\/wp\/v2\/pages\/1249"}],"collection":[{"href":"https:\/\/ens10-caba.infd.edu.ar\/sitio\/wp-json\/wp\/v2\/pages"}],"about":[{"href":"https:\/\/ens10-caba.infd.edu.ar\/sitio\/wp-json\/wp\/v2\/types\/page"}],"author":[{"embeddable":true,"href":"https:\/\/ens10-caba.infd.edu.ar\/sitio\/wp-json\/wp\/v2\/users\/2976"}],"replies":[{"embeddable":true,"href":"https:\/\/ens10-caba.infd.edu.ar\/sitio\/wp-json\/wp\/v2\/comments?post=1249"}],"version-history":[{"count":6,"href":"https:\/\/ens10-caba.infd.edu.ar\/sitio\/wp-json\/wp\/v2\/pages\/1249\/revisions"}],"predecessor-version":[{"id":4418,"href":"https:\/\/ens10-caba.infd.edu.ar\/sitio\/wp-json\/wp\/v2\/pages\/1249\/revisions\/4418"}],"wp:attachment":[{"href":"https:\/\/ens10-caba.infd.edu.ar\/sitio\/wp-json\/wp\/v2\/media?parent=1249"}],"curies":[{"name":"wp","href":"https:\/\/api.w.org\/{rel}","templated":true}]}}