{"id":1255,"date":"2018-08-29T14:42:30","date_gmt":"2018-08-29T17:42:30","guid":{"rendered":"https:\/\/ens10-caba.infd.edu.ar\/sitio\/servicios-educativos\/"},"modified":"2024-05-09T23:39:12","modified_gmt":"2024-05-10T02:39:12","slug":"servicios-educativos","status":"publish","type":"page","link":"https:\/\/ens10-caba.infd.edu.ar\/sitio\/servicios-educativos\/","title":{"rendered":"Servicios Educativos"},"content":{"rendered":"<h2><span style=\"color: #333333;\"><strong><span style=\"font-family: tahoma,arial,helvetica,sans-serif;\"><span style=\"font-size: 14pt;\">Biblioteca<\/span><\/span><\/strong><\/span><\/h2>\n<p style=\"text-align: justify;\"><span style=\"font-family: verdana,geneva;\"><span style=\"font-size: 10pt;\"><span style=\"font-family: verdana,geneva;\"><span style=\"font-size: 10pt;\"><span style=\"font-family: tahoma,arial,helvetica,sans-serif;\">La biblioteca de la E.N.S. N\u00ba 10 presta servicios a todos sus niveles: Inicial, Primario, Medio y Superior Terciario. Fundamentalmente desarrolla una intensa actividad en articulaci\u00f3n con el nivel Medio, los Profesorados de Educacion Inicial y Primaria y los proyectos pedag\u00f3gicos que presentan los docentes de todos los niveles. Estas acciones de articulaci\u00f3n tienden a reubicar a la biblioteca como espacio abierto a las necesidades de la comunidad educativa.&nbsp;<\/span><\/span><\/span><\/span><\/span><span style=\"font-size: 10pt; font-family: tahoma, arial, helvetica, sans-serif;\">Su capital bibliogr\u00e1fico es de gran valor hist\u00f3rico y patrimonial .En este sentido, se vienen desarrollando distintas acciones y l\u00edneas de trabajo para protegerlo, cuidarlo y ampliarlo.&nbsp;&nbsp;<\/span><span style=\"font-family: verdana,geneva;\"><span style=\"font-size: 10pt;\"><span style=\"font-family: tahoma,arial,helvetica,sans-serif;\"><span style=\"font-size: 10pt;\">La biblioteca por su historia y origen, est\u00e1 a disposici\u00f3n de la formaci\u00f3n docente, siendo un espacio que brinda informaci\u00f3n a los alumnos del profesorado, en la preparaci\u00f3n de los proyectos did\u00e1cticos para implementar en sus pr\u00e1cticas , pero adem\u00e1s es el lugar de encuentro acad\u00e9mico del plantel docente, en la b\u00fasqueda de informaci\u00f3n y herramientas did\u00e1cticas para ofrecer a los estudiantes.<\/span><\/span><\/span><\/span><span style=\"font-family: tahoma,arial,helvetica,sans-serif;\"><span style=\"font-size: 10pt;\"> Para favorecer y actualizar la b\u00fasqueda de informaci\u00f3n se reformul\u00f3 y jerarquiz\u00f3 el espacio institucional de la biblioteca trabajando en forma conjunta con el cuerpo docente, incrementando y ampliando la oferta y servicios con nuevas tecnolog\u00edas inform\u00e1ticas. Se inicio hace unos a\u00f1os la videoteca para el nivel superior y se implement\u00f3 un cat\u00e1logo comentado de estos materiales y de los CD-rom que se disponen para el \u00e1rea de inform\u00e1tica. <\/span><\/span><span style=\"font-size: 10pt; font-family: tahoma, arial, helvetica, sans-serif;\">&nbsp;<\/span><\/p>\n<p id=\"justificado\" style=\"text-align: justify;\"><span style=\"font-family: verdana,geneva;\"><span style=\"font-size: 10pt;\"><span style=\"font-family: tahoma,arial,helvetica,sans-serif;\"><span style=\"font-size: 10pt;\">La biblioteca ofrece a alumnos y profesores un espacio para consulta de referencia, de lectura silenciosa, b\u00fasqueda de informaci\u00f3n por Internet y otro para observaciones de:<\/span><\/span><\/span><\/span><\/p>\n<ul>\n<li>\n<div style=\"text-align: justify;\"><span style=\"font-family: verdana,geneva;\"><span style=\"font-size: 10pt;\"><span style=\"font-family: verdana,geneva;\"><span style=\"font-size: 10pt;\"><span style=\"font-family: tahoma,arial,helvetica,sans-serif;\"><span style=\"font-size: 10pt;\">Consulta en Cat\u00e1logo (Aguap\u00e9y). <\/span><\/span><\/span><\/span><\/span><\/span><\/div>\n<\/li>\n<li>\n<div style=\"text-align: justify;\"><span style=\"font-family: verdana,geneva;\"><span style=\"font-size: 10pt;\"><span style=\"font-family: verdana,geneva;\"><span style=\"font-size: 10pt;\"><span style=\"font-family: tahoma,arial,helvetica,sans-serif;\"><span style=\"font-size: 10pt;\">Pr\u00e9stamos en sala y a domicilio. <\/span><\/span><\/span><\/span><\/span><\/span><\/div>\n<\/li>\n<li>\n<div style=\"text-align: justify;\"><span style=\"font-family: verdana,geneva;\"><span style=\"font-size: 10pt;\"><span style=\"font-family: verdana,geneva;\"><span style=\"font-size: 10pt;\"><span style=\"font-family: tahoma,arial,helvetica,sans-serif;\"><span style=\"font-size: 10pt;\">Pr\u00e9stamo de soportes multimediales. <\/span><\/span><\/span><\/span><\/span><\/span><\/div>\n<\/li>\n<li>\n<div style=\"text-align: justify;\"><span style=\"font-family: verdana,geneva;\"><span style=\"font-size: 10pt;\"><span style=\"font-family: verdana,geneva;\"><span style=\"font-size: 10pt;\"><span style=\"font-family: tahoma,arial,helvetica,sans-serif;\"><span style=\"font-size: 10pt;\">Servicio de Referencia. <\/span><\/span><\/span><\/span><\/span><\/span><\/div>\n<\/li>\n<li>\n<div style=\"text-align: justify;\"><span style=\"font-family: verdana,geneva;\"><span style=\"font-size: 10pt;\"><span style=\"font-family: verdana,geneva;\"><span style=\"font-size: 10pt;\"><span style=\"font-family: tahoma,arial,helvetica,sans-serif;\"><span style=\"font-size: 10pt;\">Asesoramiento al usuario. <\/span><\/span><\/span><\/span><\/span><\/span><\/div>\n<\/li>\n<li>\n<div style=\"text-align: justify;\"><span style=\"font-family: verdana,geneva;\"><span style=\"font-size: 10pt;\"><span style=\"font-family: verdana,geneva;\"><span style=\"font-size: 10pt;\"><span style=\"font-family: tahoma,arial,helvetica,sans-serif;\"><span style=\"font-size: 10pt;\">Consultas remotas. <\/span><\/span><\/span><\/span><\/span><\/span><\/div>\n<\/li>\n<li>\n<div style=\"text-align: justify;\"><span style=\"font-family: verdana,geneva;\"><span style=\"font-size: 10pt;\"><span style=\"font-family: verdana,geneva;\"><span style=\"font-size: 10pt;\"><span style=\"font-family: tahoma,arial,helvetica,sans-serif;\"><span style=\"font-size: 10pt;\">Actividades con el Departamento de Aplicaci\u00f3n: \u201cLa hora del cuento\u201d. <\/span><\/span><\/span><\/span><\/span><\/span><\/div>\n<\/li>\n<li>\n<div style=\"text-align: justify;\"><span style=\"font-family: verdana,geneva;\"><span style=\"font-size: 10pt;\"><span style=\"font-family: verdana,geneva;\"><span style=\"font-size: 10pt;\"><span style=\"font-family: tahoma,arial,helvetica,sans-serif;\"><span style=\"font-size: 10pt;\">Acceso a Internet (computadoras para usuarios). <\/span><\/span><\/span><\/span><\/span><\/span><\/div>\n<\/li>\n<li>\n<div style=\"text-align: justify;\"><span style=\"font-family: verdana,geneva;\"><span style=\"font-size: 10pt;\"><span style=\"font-family: verdana,geneva;\"><span style=\"font-size: 10pt;\"><span style=\"font-family: tahoma,arial,helvetica,sans-serif;\"><span style=\"font-size: 10pt;\">Formaci\u00f3n de usuarios. <\/span><\/span><\/span><\/span><\/span><\/span><\/div>\n<\/li>\n<\/ul>\n<div style=\"text-align: justify;\"><span style=\"font-family: verdana,geneva;\"><span style=\"font-size: 10pt;\"><span style=\"font-family: verdana,geneva;\"><span style=\"font-size: 10pt;\"><span style=\"font-family: tahoma,arial,helvetica,sans-serif;\"><span style=\"font-size: 10pt;\">A partir de un convenio con la Red Comenius, se est\u00e1 confeccionando un cat\u00e1logo informatizado que podr\u00e1 ser consultado, junto a otras bibliotecas de otros institutos, trav\u00e9s de Internet. <\/span><\/span><\/span><\/span><\/span><\/span><span style=\"font-family: verdana,geneva;\"><span style=\"font-size: 10pt;\"><span style=\"font-family: verdana,geneva;\"><span style=\"font-size: 10pt;\"><span style=\"font-family: tahoma,arial,helvetica,sans-serif;\"><span style=\"font-size: 10pt;\">El equipo de trabajo est\u00e1 a cargo de las bibliotecarias: Montserrat Castan, Ma. del Carmen Molina y Otilia Ares.<\/span><\/span><\/span><\/span><\/span><\/span><\/div>\n<p style=\"text-align: justify;\"><span style=\"font-family: verdana,geneva;\"><span style=\"font-size: 10pt;\"><span style=\"font-family: verdana,geneva;\"><span style=\"font-size: 10pt;\"><span style=\"font-family: tahoma,arial,helvetica,sans-serif;\"><span style=\"font-size: 10pt;\"><strong>Horario de atenci\u00f3n:<\/strong> Lunes a viernes de 8 a 12 hs y de 13 a 22 hs.<\/span><\/span><\/span><\/span><\/span><\/span><\/p>\n<p style=\"text-align: justify;\"><strong><span style=\"font-size: 10pt;\"><span style=\"font-family: tahoma,arial,helvetica,sans-serif;\"><span style=\"font-size: 10pt;\">CD-teca:&nbsp;<\/span><\/span><\/span><\/strong><span style=\"font-family: tahoma,arial,helvetica,sans-serif;\"><span style=\"font-size: 10pt;\">Este servicio est\u00e1 pensado para todos los usuarios de la biblioteca . Cuenta con un cat\u00e1logo descriptivo, con informaci\u00f3n acerca de los CD-rom de la colecci\u00f3n. <\/span><\/span><\/p>\n<p style=\"text-align: justify;\"><span style=\"font-family: verdana,geneva;\"><span style=\"font-size: 10pt;\"><span style=\"font-family: verdana,geneva;\"><span style=\"font-size: 10pt;\"><span style=\"font-family: tahoma,arial,helvetica,sans-serif;\"><span style=\"font-size: 10pt;\">Podemos encontrar:<\/span><\/span><\/span><\/span><\/span><\/span><\/p>\n<ul>\n<li>\n<div style=\"text-align: justify;\"><span style=\"font-family: verdana,geneva;\"><span style=\"font-size: 10pt;\"><span style=\"font-family: verdana,geneva;\"><span style=\"font-size: 10pt;\"><span style=\"font-family: tahoma,arial,helvetica,sans-serif;\"><span style=\"font-size: 10pt;\">CD-rom para uso inform\u00e1tico en apoyatura de diversas materias (1) <\/span><\/span><\/span><\/span><\/span><\/span><\/div>\n<\/li>\n<li>\n<div style=\"text-align: justify;\"><span style=\"font-family: verdana,geneva;\"><span style=\"font-size: 10pt;\"><span style=\"font-family: verdana,geneva;\"><span style=\"font-size: 10pt;\"><span style=\"font-family: tahoma,arial,helvetica,sans-serif;\"><span style=\"font-size: 10pt;\">CD-rom de im\u00e1genes (2) <\/span><\/span><\/span><\/span><\/span><\/span><\/div>\n<\/li>\n<li>\n<div style=\"text-align: justify;\"><span style=\"font-family: verdana,geneva;\"><span style=\"font-size: 10pt;\"><span style=\"font-family: verdana,geneva;\"><span style=\"font-size: 10pt;\"><span style=\"font-family: tahoma,arial,helvetica,sans-serif;\"><span style=\"font-size: 10pt;\">CD-m\u00fasica (3) <\/span><\/span><\/span><\/span><\/span><\/span><\/div>\n<\/li>\n<\/ul>\n<ol>\n<li style=\"text-align: justify;\"><span style=\"font-family: verdana,geneva;\"><span style=\"font-size: 10pt;\"><span style=\"font-family: verdana,geneva;\"><span style=\"font-size: 10pt;\"><span style=\"font-family: tahoma,arial,helvetica,sans-serif;\"><span style=\"font-size: 10pt;\">La instituci\u00f3n ofrece 8 CPU para la consulta informatizada en el espacio de la biblioteca.<\/span><\/span><\/span><\/span><\/span><\/span><\/li>\n<li id=\"justificado\" style=\"text-align: justify;\"><span style=\"font-family: verdana,geneva;\"><span style=\"font-size: 10pt;\"><span style=\"font-family: verdana,geneva;\"><span style=\"font-size: 10pt;\"><span style=\"font-family: tahoma,arial,helvetica,sans-serif;\"><span style=\"font-size: 10pt;\">Este material comprende producciones que fueron realizadas por profesores de la instituci\u00f3n (Beatriz Goris) para trabajar aspectos que hacen a las Cs.Sociales. Se utiliza tambi\u00e9n como apoyo a las clases de los profesores y como consulta a los alumnos para sus practicas.<\/span><\/span><\/span><\/span><\/span><\/span><\/li>\n<li style=\"text-align: justify;\"><span style=\"font-family: verdana,geneva;\"><span style=\"font-size: 10pt;\"><span style=\"font-family: verdana,geneva;\"><span style=\"font-size: 10pt;\"><span style=\"font-family: tahoma,arial,helvetica,sans-serif;\"><span style=\"font-size: 10pt;\">Hay una variedad interesante de CD de m\u00fasica para que los profesores de esta instancias curricular, puedan acceder a ellos en sus clases.<\/span><\/span><\/span><\/span><\/span><\/span><\/li>\n<\/ol>\n<div id=\"titulo1\" style=\"text-align: justify;\">\n<p><span style=\"font-family: verdana,geneva;\"><span style=\"font-size: 10pt;\"><strong><span style=\"font-family: verdana,geneva;\"><span style=\"font-size: 10pt;\"><span style=\"font-family: tahoma,arial,helvetica,sans-serif;\"><span style=\"font-size: 14pt;\">Laboratorio de inform\u00e1tica<\/span><\/span><\/span><\/span><\/strong><\/span><\/span><\/p>\n<\/div>\n<p id=\"justificado\" style=\"text-align: justify;\"><span style=\"font-family: verdana,geneva;\"><span style=\"font-size: 10pt;\"><span style=\"font-family: verdana,geneva;\"><span style=\"font-size: 10pt;\"><span style=\"font-family: tahoma,arial,helvetica,sans-serif;\"><span style=\"font-size: 10pt;\">La instituci\u00f3n ofrece 2 laboratorios de inform\u00e1tica donde loa alumnos reciben sus clases con los profesores de esa instancia curricular Adem\u00e1s todos los profesores tienen opci\u00f3n para acceder a ellos en los horarios que quedan libre para utilizar este recurso tecnol\u00f3gico, desde cualquier materia con sus alumnos. La instituci\u00f3n cuenta con AYTP (con perfil inform\u00e1tico) que tiene como tarea, el acompa\u00f1amiento y asesoramiento a los alumnos que lo soliciten, en los horarios pre-establecidos, que se publicar\u00e1n al inicio de cada cuatrimestre, tanto para la escuela media como para el nivel superior.<\/span><\/span><\/span><\/span><\/span><\/span><\/p>\n<p style=\"text-align: justify;\"><strong><span style=\"font-size: 10pt;\"><span style=\"font-family: tahoma,arial,helvetica,sans-serif;\"><span style=\"font-size: 14pt;\">Videoteca<\/span><\/span><\/span><\/strong><\/p>\n<p style=\"text-align: justify;\"><span style=\"font-family: verdana,geneva;\"><span style=\"font-size: 10pt;\"><span style=\"font-family: verdana,geneva;\"><span style=\"font-size: 10pt;\"><span style=\"font-family: tahoma,arial,helvetica,sans-serif;\"><span style=\"font-size: 10pt;\">Es un servicio para profesores y alumnos de los profesorados de formaci\u00f3n docente y de la escuela media . Cuenta con un cat\u00e1logo descriptivo, con informaci\u00f3n acerca de los videos de la colecci\u00f3n. <\/span><\/span><\/span><\/span><\/span><\/span><span style=\"font-family: verdana,geneva;\"><span style=\"font-size: 10pt;\"><span style=\"font-family: verdana,geneva;\"><span style=\"font-size: 10pt;\"><span style=\"font-family: tahoma,arial,helvetica,sans-serif;\"><span style=\"font-size: 10pt;\">En la \u00faltima etapa se fueron agregando videos en DVD.&nbsp;<\/span><\/span><\/span><\/span><\/span><\/span><span style=\"font-family: verdana,geneva;\"><span style=\"font-size: 10pt;\"><span style=\"font-family: verdana,geneva;\"><span style=\"font-size: 10pt;\"><span style=\"font-family: tahoma,arial,helvetica,sans-serif;\"><span style=\"font-size: 10pt;\">La instituci\u00f3n ofrece tres televisores con sus correspondientes video caseteras: uno de ellos como opci\u00f3n para ser utilizado en el aula , otro utilizar en la sala de video y un tercero en el espacio de la biblioteca. <\/span><\/span><\/span><\/span><\/span><\/span><span style=\"font-family: verdana,geneva;\"><span style=\"font-size: 10pt;\"><span style=\"font-family: verdana,geneva;\"><span style=\"font-size: 10pt;\"><span style=\"font-family: tahoma,arial,helvetica,sans-serif;\"><span style=\"font-size: 10pt;\">En este \u00faltimo per\u00edodo hay un proyecto para incorporar a este cat\u00e1logo, los videos de la escuela media , para que todos los t\u00edtulos del mismo, puedan ser compartidos por todos los niveles.&nbsp;<\/span><\/span><\/span><\/span><\/span><\/span><a title=\"upload\/CATALOGO_DE_VIDEOS.doc\" href=\"upload\/CATALOGO_DE_VIDEOS.doc\"><span style=\"font-family: verdana,geneva;\"><span style=\"font-size: 10pt;\"><span style=\"font-family: verdana,geneva;\"><span style=\"font-size: 10pt;\"><span style=\"font-family: tahoma,arial,helvetica,sans-serif;\"><span style=\"font-size: 10pt;\">videos-DVD<\/span><\/span><\/span><\/span><\/span><\/span><\/a><span style=\"font-family: verdana,geneva;\"><span style=\"font-size: 10pt;\"><span style=\"font-family: verdana,geneva;\"><span style=\"font-size: 10pt;\"><span style=\"font-family: tahoma,arial,helvetica,sans-serif;\"><span style=\"font-size: 10pt;\">, proponiendo de esta forma una aproximaci\u00f3n al uso de diferentes recursos.<\/span><\/span><\/span><\/span><\/span><\/span><\/p>\n","protected":false},"excerpt":{"rendered":"<p>Biblioteca La biblioteca de la E.N.S. N\u00ba 10 presta servicios a todos sus niveles: Inicial, Primario, Medio y Superior Terciario. Fundamentalmente desarrolla una intensa actividad en articulaci\u00f3n con el nivel Medio, los Profesorados de Educacion Inicial y Primaria y los proyectos pedag\u00f3gicos que presentan los docentes de todos los niveles. Estas acciones de articulaci\u00f3n tienden &#8230; <a title=\"Servicios Educativos\" class=\"read-more\" href=\"https:\/\/ens10-caba.infd.edu.ar\/sitio\/servicios-educativos\/\" aria-label=\"More on Servicios Educativos\">[+]<\/a><\/p>\n","protected":false},"author":2976,"featured_media":0,"parent":0,"menu_order":0,"comment_status":"closed","ping_status":"closed","template":"","meta":[],"acf":[],"_links":{"self":[{"href":"https:\/\/ens10-caba.infd.edu.ar\/sitio\/wp-json\/wp\/v2\/pages\/1255"}],"collection":[{"href":"https:\/\/ens10-caba.infd.edu.ar\/sitio\/wp-json\/wp\/v2\/pages"}],"about":[{"href":"https:\/\/ens10-caba.infd.edu.ar\/sitio\/wp-json\/wp\/v2\/types\/page"}],"author":[{"embeddable":true,"href":"https:\/\/ens10-caba.infd.edu.ar\/sitio\/wp-json\/wp\/v2\/users\/2976"}],"replies":[{"embeddable":true,"href":"https:\/\/ens10-caba.infd.edu.ar\/sitio\/wp-json\/wp\/v2\/comments?post=1255"}],"version-history":[{"count":2,"href":"https:\/\/ens10-caba.infd.edu.ar\/sitio\/wp-json\/wp\/v2\/pages\/1255\/revisions"}],"predecessor-version":[{"id":3946,"href":"https:\/\/ens10-caba.infd.edu.ar\/sitio\/wp-json\/wp\/v2\/pages\/1255\/revisions\/3946"}],"wp:attachment":[{"href":"https:\/\/ens10-caba.infd.edu.ar\/sitio\/wp-json\/wp\/v2\/media?parent=1255"}],"curies":[{"name":"wp","href":"https:\/\/api.w.org\/{rel}","templated":true}]}}