{"id":1257,"date":"2018-08-29T14:42:31","date_gmt":"2018-08-29T17:42:31","guid":{"rendered":"https:\/\/ens10-caba.infd.edu.ar\/sitio\/secretaria\/"},"modified":"2024-05-09T23:40:03","modified_gmt":"2024-05-10T02:40:03","slug":"secretaria","status":"publish","type":"page","link":"https:\/\/ens10-caba.infd.edu.ar\/sitio\/secretaria\/","title":{"rendered":"Secretar\u00eda"},"content":{"rendered":"<p style=\"text-align: justify;\"><span style=\"font-size: 10pt;\"><span style=\"font-size: 10pt;\">Es la unidad de gesti\u00f3n de la documentaci\u00f3n de la instituci\u00f3n. Su tarea comprende la organizaci\u00f3n de la informaci\u00f3n del personal y las tareas administrativas que sostienen y garantizan el desarrollo acad\u00e9mico de la instituci\u00f3n. Comprende adem\u00e1s la organizaci\u00f3n y supervisi\u00f3n de la infraestructura, el equipamiento y los servicios de maestranza. <\/span><\/span><span style=\"font-size: 10pt;\"><span style=\"font-size: 10pt;\"><span style=\"font-size: 10pt;\">La responsabilidad del funcionamiento de este sector depende de una secretaria que tiene funciones ejecutivas en dichas tareas y es asistida por dos Prosecretarias que cubren todos los turnos de la instituci\u00f3n. Funciona bajo dependencia del Rectorado.<\/span><\/span><\/span><\/p>\n<pre style=\"text-align: justify;\"><span style=\"font-size: 12pt;\"><span style=\"font-size: 12pt;\"><span style=\"font-size: 12pt;\"><strong>Secretaria:<\/strong>&nbsp;<\/span><\/span><\/span><span style=\"font-size: 12pt;\">Soledad Gutierrez.<\/span><\/pre>\n<p style=\"text-align: justify;\"><strong><span style=\"font-size: 10pt;\"><span style=\"font-size: 12pt;\"><span style=\"font-size: 10pt;\"><span style=\"font-size: 12pt;\">Prosecretarios<\/span><\/span><\/span><\/span><\/strong><\/p>\n<ul>\n<li style=\"text-align: justify;\"><span style=\"font-size: 12pt;\"><span style=\"font-size: 12pt;\"><span style=\"font-size: 10pt;\"><span style=\"font-size: 12pt;\">Lorena Gomez (T.M.) <\/span><\/span><\/span><\/span><\/li>\n<li style=\"text-align: justify;\"><span style=\"font-size: 12pt;\"><span style=\"font-size: 12pt;\"><span style=\"font-size: 10pt;\"><span style=\"font-size: 12pt;\">Federico Simo (T.M.)<\/span><\/span><\/span><\/span><\/li>\n<li style=\"text-align: justify;\"><span style=\"font-size: 12pt;\"><span style=\"font-size: 12pt;\"><span style=\"font-size: 10pt;\"><span style=\"font-size: 12pt;\">Natalia Vaquero (T.T.)<\/span><\/span><\/span><\/span><\/li>\n<li style=\"text-align: justify;\"><span style=\"font-size: 12pt;\"><span style=\"font-size: 12pt;\"><span style=\"font-size: 10pt;\"><span style=\"font-size: 12pt;\">Georgina F. Meijomin (T.V.)<\/span><\/span><\/span><\/span><\/li>\n<\/ul>\n<p><strong><span style=\"font-size: 12pt;\">Para comunicarse con la Secretar\u00eda:<\/span><\/strong><span style=\"font-size: 12pt;\">&nbsp;<\/span><a style=\"font-size: 12pt; font-family: tahoma, arial, helvetica, sans-serif;\" href=\"mailto:ens10@bue.edu.ar\">ens10@bue.edu.ar<\/a><\/p>\n\n\n<p><\/p>\n","protected":false},"excerpt":{"rendered":"<p>Es la unidad de gesti\u00f3n de la documentaci\u00f3n de la instituci\u00f3n. Su tarea comprende la organizaci\u00f3n de la informaci\u00f3n del personal y las tareas administrativas que sostienen y garantizan el desarrollo acad\u00e9mico de la instituci\u00f3n. Comprende adem\u00e1s la organizaci\u00f3n y supervisi\u00f3n de la infraestructura, el equipamiento y los servicios de maestranza. La responsabilidad del funcionamiento &#8230; <a title=\"Secretar\u00eda\" class=\"read-more\" href=\"https:\/\/ens10-caba.infd.edu.ar\/sitio\/secretaria\/\" aria-label=\"More on Secretar\u00eda\">[+]<\/a><\/p>\n","protected":false},"author":2976,"featured_media":0,"parent":0,"menu_order":0,"comment_status":"closed","ping_status":"closed","template":"","meta":[],"acf":[],"_links":{"self":[{"href":"https:\/\/ens10-caba.infd.edu.ar\/sitio\/wp-json\/wp\/v2\/pages\/1257"}],"collection":[{"href":"https:\/\/ens10-caba.infd.edu.ar\/sitio\/wp-json\/wp\/v2\/pages"}],"about":[{"href":"https:\/\/ens10-caba.infd.edu.ar\/sitio\/wp-json\/wp\/v2\/types\/page"}],"author":[{"embeddable":true,"href":"https:\/\/ens10-caba.infd.edu.ar\/sitio\/wp-json\/wp\/v2\/users\/2976"}],"replies":[{"embeddable":true,"href":"https:\/\/ens10-caba.infd.edu.ar\/sitio\/wp-json\/wp\/v2\/comments?post=1257"}],"version-history":[{"count":2,"href":"https:\/\/ens10-caba.infd.edu.ar\/sitio\/wp-json\/wp\/v2\/pages\/1257\/revisions"}],"predecessor-version":[{"id":3947,"href":"https:\/\/ens10-caba.infd.edu.ar\/sitio\/wp-json\/wp\/v2\/pages\/1257\/revisions\/3947"}],"wp:attachment":[{"href":"https:\/\/ens10-caba.infd.edu.ar\/sitio\/wp-json\/wp\/v2\/media?parent=1257"}],"curies":[{"name":"wp","href":"https:\/\/api.w.org\/{rel}","templated":true}]}}