{"id":1265,"date":"2018-08-29T14:42:35","date_gmt":"2018-08-29T17:42:35","guid":{"rendered":"https:\/\/ens10-caba.infd.edu.ar\/sitio\/bedelia\/"},"modified":"2026-03-25T18:54:43","modified_gmt":"2026-03-25T21:54:43","slug":"bedelia","status":"publish","type":"page","link":"https:\/\/ens10-caba.infd.edu.ar\/sitio\/bedelia\/","title":{"rendered":"Bedel\u00eda"},"content":{"rendered":"<p><span style=\"font-family: verdana,geneva;\"><span style=\"font-size: 12pt;\"><span style=\"font-family: tahoma,arial,helvetica,sans-serif;\">Es el sector de apoyo administrativo a las actividades de formaci\u00f3n, responsable del relevamiento y circulaci\u00f3n de la informaci\u00f3n relativa a los estudiantes. Las tareas de los bedeles, consiste en ofrecer asesoramiento e informaci\u00f3n permanente a alumnos\/as en lo referente a sus derechos y obligaciones en cuestiones administrativas, adem\u00e1s de archivar la documentaci\u00f3n personal en el legajo de cada alumno\/a, realizar el seguimiento de las cursadas y confeccionar toda la documentaci\u00f3n que acredite el desarrollo de la carrera de los alumnos\/as.\u00a0<\/span><\/span><\/span><\/p>\n<p><span style=\"font-family: verdana,geneva;\"><span style=\"font-size: 12pt;\"><span style=\"font-family: tahoma,arial,helvetica,sans-serif;\"><span style=\"font-size: 12pt;\"><strong>Horario de atenci\u00f3n:<\/strong>\u00a0<\/span><\/span><\/span><\/span><\/p>\n<p><strong>TT<\/strong> 14 a 16 hs.<br \/>\n<strong>TV<\/strong> 18 a 20 hs.<\/p>\n<p><span style=\"font-family: verdana,geneva;\"><span style=\"font-size: 12pt;\"><span style=\"font-family: tahoma,arial,helvetica,sans-serif;\"><span style=\"font-size: 12pt;\"><strong>Contacto:<\/strong> <a href=\"mailto:ens10_bedelia@bue.edu.ar\">ens10_bedelia@bue.edu.ar<\/a>\u00a0<\/span><\/span><\/span><\/span><\/p>\n<pre><span class=\"Resaltado2\" style=\"color: #333333;\"><strong>Tr\u00e1mites \/ Descargas\u00a0<\/strong>\u00a0<\/span><\/pre>\n<p><span style=\"font-family: tahoma, arial, helvetica, sans-serif; font-size: 12pt;\">En este espacio encontrar\u00e1s la informaci\u00f3n general correspondiente al nivel terciario. Tambi\u00e9n podr\u00e1s descargar los formularios de uso com\u00fan para la gesti\u00f3n de tr\u00e1mites usuales, seg\u00fan el listado que encontrar\u00e1 a continuaci\u00f3n. <\/span><span style=\"color: #333333;\"><strong><span style=\"font-family: tahoma, arial, helvetica, sans-serif; font-size: 12pt;\">Cuando realices alg\u00fan tr\u00e1mite que involucre alguno de estos formularios, por favor traer el mismo impreso para gestionar ante quien corresponda, la respectiva firma y el sello de la instituci\u00f3n<\/span><\/strong><\/span><\/p>\n<p><strong><span style=\"font-family: verdana,geneva;\">Las siguientes constancias se descargan directamente del SIU Guaran\u00ed: <\/span><\/strong><\/p>\n<ul>\n<li><span style=\"font-family: verdana,geneva;\">Constancia de alumna\/o regular.<\/span><\/li>\n<li><span style=\"font-family: verdana,geneva;\">Constancia de examen. <\/span><\/li>\n<\/ul>\n<p><span style=\"font-family: verdana,geneva;\">En cuanto a la <strong>ficha acad\u00e9mica<\/strong>, lo cursado a partir del <strong>2025<\/strong> tambi\u00e9n se descarga del <strong>SIU Guaran<\/strong>\u00ed, para lo anterior se solicita por mail a Bedel\u00eda.<\/span><\/p>\n<ul>\n<li><span style=\"font-family: tahoma, arial, helvetica, sans-serif; font-size: 12pt;\"><a title=\"Constancia para Boleto Estudiantil\" href=\"upload\/Constancia_para_Boleto_Estudiantil.pdf\" target=\"_blank\" rel=\"noopener\">Constancia de Alumno para Boleto Estudiantil<\/a><\/span><\/li>\n<li><span style=\"font-family: tahoma, arial, helvetica, sans-serif; font-size: 12pt;\"><a title=\"Constancia de Pr\u00e1cticas\" href=\"upload\/constancia_de_pra_cticas.pdf\" target=\"_blank\" rel=\"noopener\">Constancia de Pr\u00e1cticas<\/a><\/span><\/li>\n<li><span style=\"font-family: tahoma, arial, helvetica, sans-serif; font-size: 12pt;\">Solicitud de Beca para Estudios de Educaci\u00f3n Superior Formulario\u00a0<a title=\"Formulario Becas Hoja 1\" href=\"upload\/Formulario_Becas_Hoja_1de2.pdf\" target=\"_blank\" rel=\"noopener\">Hoja 1<\/a>\u00a0y\u00a0<a title=\"Formulario Becas Hoja 2\" href=\"upload\/Formulario_Becas_Hoja_2de2.pdf\" target=\"_blank\" rel=\"noopener\">Hoja 2<\/a><\/span><\/li>\n<\/ul>\n<pre>Se informa que la Bedel\u00eda <strong>no recibir\u00e1 trabajos<\/strong> para entregar a profesores y\/o estudiantes.<\/pre>\n","protected":false},"excerpt":{"rendered":"<p>Es el sector de apoyo administrativo a las actividades de formaci\u00f3n, responsable del relevamiento y circulaci\u00f3n de la informaci\u00f3n relativa a los estudiantes. Las tareas de los bedeles, consiste en ofrecer asesoramiento e informaci\u00f3n permanente a alumnos\/as en lo referente a sus derechos y obligaciones en cuestiones administrativas, adem\u00e1s de archivar la documentaci\u00f3n personal en &#8230; <a title=\"Bedel\u00eda\" class=\"read-more\" href=\"https:\/\/ens10-caba.infd.edu.ar\/sitio\/bedelia\/\" aria-label=\"More on Bedel\u00eda\">[+]<\/a><\/p>\n","protected":false},"author":2976,"featured_media":0,"parent":0,"menu_order":0,"comment_status":"closed","ping_status":"closed","template":"","meta":[],"acf":[],"_links":{"self":[{"href":"https:\/\/ens10-caba.infd.edu.ar\/sitio\/wp-json\/wp\/v2\/pages\/1265"}],"collection":[{"href":"https:\/\/ens10-caba.infd.edu.ar\/sitio\/wp-json\/wp\/v2\/pages"}],"about":[{"href":"https:\/\/ens10-caba.infd.edu.ar\/sitio\/wp-json\/wp\/v2\/types\/page"}],"author":[{"embeddable":true,"href":"https:\/\/ens10-caba.infd.edu.ar\/sitio\/wp-json\/wp\/v2\/users\/2976"}],"replies":[{"embeddable":true,"href":"https:\/\/ens10-caba.infd.edu.ar\/sitio\/wp-json\/wp\/v2\/comments?post=1265"}],"version-history":[{"count":18,"href":"https:\/\/ens10-caba.infd.edu.ar\/sitio\/wp-json\/wp\/v2\/pages\/1265\/revisions"}],"predecessor-version":[{"id":4802,"href":"https:\/\/ens10-caba.infd.edu.ar\/sitio\/wp-json\/wp\/v2\/pages\/1265\/revisions\/4802"}],"wp:attachment":[{"href":"https:\/\/ens10-caba.infd.edu.ar\/sitio\/wp-json\/wp\/v2\/media?parent=1265"}],"curies":[{"name":"wp","href":"https:\/\/api.w.org\/{rel}","templated":true}]}}