{"id":1271,"date":"2018-08-29T14:42:37","date_gmt":"2018-08-29T17:42:37","guid":{"rendered":"https:\/\/ens10-caba.infd.edu.ar\/sitio\/nuestros-docentes\/"},"modified":"2024-05-31T21:26:50","modified_gmt":"2024-06-01T00:26:50","slug":"nuestros-docentes","status":"publish","type":"page","link":"https:\/\/ens10-caba.infd.edu.ar\/sitio\/nuestros-docentes\/","title":{"rendered":"Personal docente Nivel Inicial"},"content":{"rendered":"\n<pre class=\"wp-block-preformatted\"><strong>\u00a0<u>EQUIPO DE CONDUCCI\u00d3N<\/u><\/strong><\/pre>\n\n\n<ul>\n<li><strong><span style=\"color: #000000;\">Directora:<\/span><\/strong><span style=\"color: #000000;\"> Prof. Mar\u00eda Alexandra Campuzano<\/span><\/li>\n<li><strong><span style=\"color: #000000;\">M.Secretaria:<\/span><\/strong><span style=\"color: #000000;\">\u00a0Prof. Alejandra Emilia Maid<\/span><\/li>\n<\/ul>\n\n\n<pre class=\"wp-block-preformatted\"><strong>\u00a0<u>NUESTROS DOCENTES<\/u><\/strong><\/pre>\n\n\n\n<p><strong><u>Turno ma\u00f1ana<\/u><\/strong><strong>:<\/strong><\/p>\n\n\n\n<p><strong>Sala 2 a\u00f1os<\/strong><\/p>\n\n\n\n<ul>\n<li><strong>Maestra de secci\u00f3n:<\/strong> Prof. Roxana Martinez Feilberg<\/li>\n\n\n\n<li><strong>Maestra auxiliar:<\/strong> Prof. Amal\u00ed Neme Ghio<\/li>\n<\/ul>\n\n\n\n<p><strong>Sala 3 a\u00f1os<\/strong><\/p>\n\n\n\n<ul>\n<li><strong>Maestra de secci\u00f3n:<\/strong> Prof. In\u00e9s Garaventa<\/li>\n<\/ul>\n\n\n\n<p><strong>Sala 4 a\u00f1os<\/strong><\/p>\n\n\n\n<ul>\n<li><strong>Maestra de secci\u00f3n:<\/strong> Prof. Marisol Villasboas<\/li>\n<\/ul>\n\n\n\n<p><strong>Sala 5 a\u00f1os<\/strong><\/p>\n\n\n\n<ul>\n<li><strong>Maestra de secci\u00f3n:<\/strong> Prof. Sabrina Mascarello<\/li>\n\n\n\n<li><strong>Maestra auxiliar salas<\/strong> 3, 4 y 5 a\u00f1os: Prof. Marisol Corral Alvarez<\/li>\n<\/ul>\n\n\n\n<hr class=\"wp-block-separator has-alpha-channel-opacity\"\/>\n\n\n\n<p><strong><u>Turno Tarde<\/u><\/strong><strong>:<\/strong><\/p>\n\n\n\n<p><strong>Sala 2 a\u00f1os<\/strong><\/p>\n\n\n\n<ul>\n<li>Maestra de secci\u00f3n: Prof. Agustina Carbone<\/li>\n\n\n\n<li>Maestra auxiliar: Prof. Marisol Corral Alvarez<\/li>\n<\/ul>\n\n\n\n<p><strong>Sala 3 a\u00f1os<\/strong><\/p>\n\n\n\n<ul>\n<li>Maestra de secci\u00f3n: Prof. In\u00e9s Garaventa<\/li>\n<\/ul>\n\n\n\n<p><strong>Sala 4 a\u00f1os<\/strong><\/p>\n\n\n\n<ul>\n<li>Maestra de secci\u00f3n: Prof. Marisol Villasboas<\/li>\n<\/ul>\n\n\n\n<p><strong>Sala 5 a\u00f1os<\/strong><\/p>\n\n\n\n<ul>\n<li>Maestra de secci\u00f3n: Prof. Amal\u00ed Neme Ghio<\/li>\n\n\n\n<li>Maestra auxiliar salas 3,4 y 5 a\u00f1os: Prof. Roxana Martinez Feilberg<\/li>\n<\/ul>\n","protected":false},"excerpt":{"rendered":"<p>\u00a0EQUIPO DE CONDUCCI\u00d3N Directora: Prof. Mar\u00eda Alexandra Campuzano M.Secretaria:\u00a0Prof. Alejandra Emilia Maid \u00a0NUESTROS DOCENTES Turno ma\u00f1ana: Sala 2 a\u00f1os Sala 3 a\u00f1os Sala 4 a\u00f1os Sala 5 a\u00f1os Turno Tarde: Sala 2 a\u00f1os Sala 3 a\u00f1os Sala 4 a\u00f1os Sala 5 a\u00f1os<\/p>\n","protected":false},"author":2976,"featured_media":0,"parent":0,"menu_order":0,"comment_status":"closed","ping_status":"closed","template":"","meta":[],"acf":[],"_links":{"self":[{"href":"https:\/\/ens10-caba.infd.edu.ar\/sitio\/wp-json\/wp\/v2\/pages\/1271"}],"collection":[{"href":"https:\/\/ens10-caba.infd.edu.ar\/sitio\/wp-json\/wp\/v2\/pages"}],"about":[{"href":"https:\/\/ens10-caba.infd.edu.ar\/sitio\/wp-json\/wp\/v2\/types\/page"}],"author":[{"embeddable":true,"href":"https:\/\/ens10-caba.infd.edu.ar\/sitio\/wp-json\/wp\/v2\/users\/2976"}],"replies":[{"embeddable":true,"href":"https:\/\/ens10-caba.infd.edu.ar\/sitio\/wp-json\/wp\/v2\/comments?post=1271"}],"version-history":[{"count":2,"href":"https:\/\/ens10-caba.infd.edu.ar\/sitio\/wp-json\/wp\/v2\/pages\/1271\/revisions"}],"predecessor-version":[{"id":4106,"href":"https:\/\/ens10-caba.infd.edu.ar\/sitio\/wp-json\/wp\/v2\/pages\/1271\/revisions\/4106"}],"wp:attachment":[{"href":"https:\/\/ens10-caba.infd.edu.ar\/sitio\/wp-json\/wp\/v2\/media?parent=1271"}],"curies":[{"name":"wp","href":"https:\/\/api.w.org\/{rel}","templated":true}]}}