{"id":1285,"date":"2018-08-29T14:42:44","date_gmt":"2018-08-29T17:42:44","guid":{"rendered":"https:\/\/ens10-caba.infd.edu.ar\/sitio\/profesorado-en-educacion-primaria\/"},"modified":"2026-03-09T18:41:50","modified_gmt":"2026-03-09T21:41:50","slug":"profesorado-en-educacion-primaria","status":"publish","type":"page","link":"https:\/\/ens10-caba.infd.edu.ar\/sitio\/profesorado-en-educacion-primaria\/","title":{"rendered":"Profesorado de Educaci\u00f3n Primaria"},"content":{"rendered":"<ul>\n<li><span style=\"color: #333333;\"><strong><a style=\"color: #333333;\" href=\"#informaciongeneral\">Informaci\u00f3n General<\/a><\/strong><\/span><\/li>\n<li><a href=\"https:\/\/ens10-caba.infd.edu.ar\/sitio\/inscripcion-a-la-carrera-pep-y-pei\/\" target=\"_blank\" rel=\"noopener\"><span style=\"color: #333333;\"><strong>Inscripci\u00f3n a la carrera<\/strong><\/span><\/a><\/li>\n<li><a href=\"https:\/\/ens10-caba.infd.edu.ar\/sitio\/inscripcion-a-materias-pep\/\" target=\"_blank\" rel=\"noopener\"><strong>Inscripci\u00f3n a materias PEP<\/strong><\/a><\/li>\n<li><a href=\"https:\/\/ens10-caba.infd.edu.ar\/sitio\/horarios-cursada-pep\/\" target=\"_blank\" rel=\"noopener\"><strong>Horarios de cursada<\/strong><\/a><\/li>\n<li><a href=\"https:\/\/ens10-caba.infd.edu.ar\/sitio\/mesas-de-examenes-pep\/\" target=\"_blank\" rel=\"noopener\"><strong>Mesas de ex\u00e1menes<\/strong><\/a><\/li>\n<li><span style=\"color: #333333;\"><strong><a style=\"color: #333333;\" href=\"#tutores\">Tutor\u00edas<\/a><\/strong><\/span><\/li>\n<li><span style=\"color: #333333;\"><strong><a style=\"color: #333333;\" href=\"#coordinadores\">Equipo de Coordinadores<\/a><\/strong><\/span><\/li>\n<\/ul>\n<pre class=\"Titulo1\"><span style=\"font-size: 13pt; color: #333333;\"><strong><a style=\"color: #333333;\" name=\"informaciongeneral\"><\/a>INFORMACI\u00d3N GENERAL<\/strong><\/span><\/pre>\n<p><strong>Plan de estudio \/ Trayecto sugerido \/ Correlatividades<\/strong><\/p>\n<ul>\n<li>Plan de Estudios de la Carrera <a href=\"upload\/PCI_PROF_EDUC_PRIMARIA.pdf\">descargar<\/a><\/li>\n<li>Nuevo Plan de Estudio 2025\/890<a href=\"https:\/\/drive.google.com\/file\/d\/1Ni2TS-BTc9dFvbRiNCskGcuBYO9u9-Lj\/view?usp=drive_link\"> descargar<\/a><\/li>\n<li>Trayectoria Sugerida <a href=\"https:\/\/ens10-caba.infd.edu.ar\/sitio\/wp-content\/uploads\/2019\/08\/Trayectoria-Sugerida-PEP-Ago-2019.pdf\">descargar<\/a><\/li>\n<li>Claves para leer las Trayectorias <a href=\"upload\/Claves_para_leer_las_Trayectorias.pdf\">descargar<\/a><\/li>\n<li>R\u00e9gimen de correlatividades <a href=\"https:\/\/ens10-caba.infd.edu.ar\/sitio\/wp-content\/uploads\/2019\/10\/Correlatividades-PEPOct19.pdf\">descargar<\/a>. (Oct 2019)<\/li>\n<li>Correlatividades y Requisitos EDDI PEP <a href=\"https:\/\/ens10-caba.infd.edu.ar\/sitio\/wp-content\/uploads\/2023\/09\/EDDI_correlatividades_PEp-nuevo.pdf\" target=\"_blank\" rel=\"noopener\">descargar<\/a><\/li>\n<li>Propuesta de Espacios de Definici\u00f3n Institucional (EDI) PEP <a href=\"upload\/EDI2017-2020_PEP.pdf\">descargar<\/a><\/li>\n<\/ul>\n<p><strong>Sobre materias<\/strong><\/p>\n<ul>\n<li>Instructivo Inscripci\u00f3n a materias\u00a0<u><a href=\"upload\/INSCRIPCION_A_MATERIAS_1C_2017.pdf\">descargar<\/a><\/u><\/li>\n<li>Condici\u00f3n de alumno regular\u00a0<a href=\"upload\/Condicion_de_alumno_regular.pdf\">descargar<\/a><\/li>\n<li>Materias que pueden rendirse en car\u00e1cter de<strong> ALUMNO LIBRE\u00a0<\/strong><a href=\"upload\/Materias_que_pueden_rendirse_en_caracter_de_alumno_LIBRE.pdf\">descargar<\/a><\/li>\n<li>Condiciones y requisitos para rendir en car\u00e1cter de <strong>ALUMNO LIBRE<\/strong>\u00a0<a href=\"upload\/Condicion_de_Alumno_LIBRE_1.pdf\">descargar<\/a><\/li>\n<li>Materias que pueden cursarse baj\u00f3 r\u00e9gimen<strong> SEMIPRESENCIAL<\/strong> <a href=\"upload\/Materias_del_regimen_SEMIPRESENCIAL.pdf\">descargar<\/a><\/li>\n<li>Para rendir examen final de materia cursada en <strong>otra instituci\u00f3n<\/strong> <a href=\"upload\/Para_rendir_examen_final_de_materia_cursada_en_otra_institucion.pdf\">descargar<\/a><\/li>\n<\/ul>\n<p><strong>Acceso al Campus Virtual<\/strong><\/p>\n<ul>\n<li>Solicitud <a href=\"https:\/\/forms.gle\/CQh1LkK6MgXy1toTA\">Usuario Campus virtual<\/a><\/li>\n<li>Consultas sobre el campus virtual: escribinos a <strong>ens10.gi@bue.edu.ar<\/strong><\/li>\n<\/ul>\n<pre><span style=\"color: #333333;\"><strong>BECA \/REFRIGERIO\/VIANDAS<\/strong><\/span><\/pre>\n<ul>\n<li style=\"list-style-type: none;\">\n<ul>\n<li><a href=\"https:\/\/ens10-caba.infd.edu.ar\/sitio\/wp-content\/uploads\/2021\/03\/8._formulario_de_solicitud_de_beca_de_refrigerio_-_medio_y_adultos.pdf\">Formulario de Solicitud de Beca &#8211; Refrigerio<\/a><\/li>\n<li><a href=\"https:\/\/ens10-caba.infd.edu.ar\/sitio\/wp-content\/uploads\/2021\/03\/9._instructivo_para_completar_el_formulario_de_solicitud_de_beca_refrigerio_terciario.docx\">Instructivo para completar el formulario de solicitud de beca refrigerio<\/a><\/li>\n<li>Solicitud de Viandas<a href=\"upload\/SolicituddeViandac.jpg\">\u00a0<\/a><a href=\"upload\/SolicituddeViandac.jpg\">descarga<\/a><\/li>\n<\/ul>\n<\/li>\n<\/ul>\n<div style=\"text-align: left;\">\n<pre class=\"Titulo1\"><span style=\"color: #ff6600;\"><strong><span style=\"font-size: 12pt;\"><span style=\"font-size: 10pt;\"><span style=\"font-size: 13pt;\"><a name=\"tutores\"><\/a><span style=\"color: #333333;\">ESPACIO DE TUTOR\u00cdAS<\/span><\/span><\/span><\/span><\/strong><\/span><\/pre>\n<p style=\"text-align: justify;\"><span style=\"font-size: 12pt;\">El espacio de Tutor\u00edas est\u00e1 concebido con el prop\u00f3sito de acompa\u00f1ar el inicio y recorrido formativo de los\/as\/es estudiantes de los Profesorados de la instituci\u00f3n.<\/span><\/p>\n<ul>\n<li><span style=\"font-size: 12pt;\"><strong>Tutoras PEP<\/strong>: \u00a0Mar\u00eda Florencia Orons P\u00e9rez y Mar\u00eda Julia Citt\u00e1 &#8211; <a href=\"https:\/\/ens10-caba.infd.edu.ar\/aula\/mailto:tutoriaspep@gmail.com\" target=\"_blank\" rel=\"noopener\" data-saferedirecturl=\"https:\/\/www.google.com\/url?q=https:\/\/ens10-caba.infd.edu.ar\/aula\/mailto:tutoriaspep@gmail.com&amp;source=gmail&amp;ust=1648841783694000&amp;usg=AOvVaw1GtUDpo-0EVFD0QaY-W6mW\">tutoriaspep@gmail.com<\/a> (Profesorado Nivel Primario).<\/span><\/li>\n<\/ul>\n<pre class=\"Titulo1\" style=\"clear: both;\"><span style=\"font-size: 13pt; color: #ff6600;\"><strong><a name=\"coordinadores\"><\/a><span style=\"color: #333333;\">EQUIPO DE COORDINADORES<\/span><\/strong><br \/><\/span><\/pre>\n<div style=\"clear: both;\">\n<ul>\n<li><span style=\"font-size: 12pt;\"><strong>Campo de la Formaci\u00f3n General<\/strong> (CFG): Prof. \u00a0Ariadna Abrita y Prof. Ver\u00f3nica Travi<\/span><\/li>\n<li><span style=\"font-size: 12pt;\"><strong>Campo de la Formaci\u00f3n Espec\u00edfica<\/strong> (CFE):\u00a0<\/span><span style=\"font-size: 12pt;\">Prof. Flavia Krause y Prof. Mar\u00eda Jos\u00e9 Presa<\/span><\/li>\n<li><span lang=\"es-TRAD\" style=\"font-size: 12pt;\"><strong>Campo de Pr\u00e1ctica Profesional<\/strong>\u00a0<\/span><span lang=\"es-TRAD\" style=\"font-size: 12pt;\">(CPP)\u00a0<\/span><span lang=\"es-TRAD\" style=\"font-size: 12pt;\">Primario<\/span><span lang=\"es-TRAD\" style=\"font-size: 12pt;\">: Prof. Ver\u00f3nica Travi y Antonio Carabajal\u00a0 &#8211; <a href=\"mailto:cfppcoordinacionpep@gmail.com\" target=\"_blank\" rel=\"noopener\">cfppcoordinacionpep@gmail.com<\/a><br \/><\/span><\/li>\n<\/ul>\n<\/div>\n<\/div>\n\n\n<p><\/p>\n\n\n\n<p><\/p>\n","protected":false},"excerpt":{"rendered":"<p>Informaci\u00f3n General Inscripci\u00f3n a la carrera Inscripci\u00f3n a materias PEP Horarios de cursada Mesas de ex\u00e1menes Tutor\u00edas Equipo de Coordinadores INFORMACI\u00d3N GENERAL Plan de estudio \/ Trayecto sugerido \/ Correlatividades Plan de Estudios de la Carrera descargar Nuevo Plan de Estudio 2025\/890 descargar Trayectoria Sugerida descargar Claves para leer las Trayectorias descargar R\u00e9gimen de correlatividades &#8230; <a title=\"Profesorado de Educaci\u00f3n Primaria\" class=\"read-more\" href=\"https:\/\/ens10-caba.infd.edu.ar\/sitio\/profesorado-en-educacion-primaria\/\" aria-label=\"More on Profesorado de Educaci\u00f3n Primaria\">[+]<\/a><\/p>\n","protected":false},"author":2976,"featured_media":0,"parent":0,"menu_order":0,"comment_status":"closed","ping_status":"closed","template":"","meta":[],"acf":[],"_links":{"self":[{"href":"https:\/\/ens10-caba.infd.edu.ar\/sitio\/wp-json\/wp\/v2\/pages\/1285"}],"collection":[{"href":"https:\/\/ens10-caba.infd.edu.ar\/sitio\/wp-json\/wp\/v2\/pages"}],"about":[{"href":"https:\/\/ens10-caba.infd.edu.ar\/sitio\/wp-json\/wp\/v2\/types\/page"}],"author":[{"embeddable":true,"href":"https:\/\/ens10-caba.infd.edu.ar\/sitio\/wp-json\/wp\/v2\/users\/2976"}],"replies":[{"embeddable":true,"href":"https:\/\/ens10-caba.infd.edu.ar\/sitio\/wp-json\/wp\/v2\/comments?post=1285"}],"version-history":[{"count":122,"href":"https:\/\/ens10-caba.infd.edu.ar\/sitio\/wp-json\/wp\/v2\/pages\/1285\/revisions"}],"predecessor-version":[{"id":4787,"href":"https:\/\/ens10-caba.infd.edu.ar\/sitio\/wp-json\/wp\/v2\/pages\/1285\/revisions\/4787"}],"wp:attachment":[{"href":"https:\/\/ens10-caba.infd.edu.ar\/sitio\/wp-json\/wp\/v2\/media?parent=1285"}],"curies":[{"name":"wp","href":"https:\/\/api.w.org\/{rel}","templated":true}]}}