{"id":1287,"date":"2018-08-29T14:42:45","date_gmt":"2018-08-29T17:42:45","guid":{"rendered":"https:\/\/ens10-caba.infd.edu.ar\/sitio\/profesorado-en-educacion-inicial\/"},"modified":"2026-03-09T18:41:41","modified_gmt":"2026-03-09T21:41:41","slug":"profesorado-en-educacion-inicial","status":"publish","type":"page","link":"https:\/\/ens10-caba.infd.edu.ar\/sitio\/profesorado-en-educacion-inicial\/","title":{"rendered":"Profesorado de Educaci\u00f3n Inicial"},"content":{"rendered":"<ul>\n<li><span class=\"Hipervinculo\" style=\"color: #333300; font-size: 13pt;\" data-mce-mark=\"1\"><strong><a style=\"color: #333300;\" href=\"#info\" target=\"_blank\" rel=\"noopener\">Informaci\u00f3n General<\/a><\/strong><\/span><\/li>\n<li><a href=\"https:\/\/ens10-caba.infd.edu.ar\/sitio\/inscripcion-a-la-carrera-pep-y-pei\/\" target=\"_blank\" rel=\"noopener\"><span class=\"Hipervinculo\" style=\"color: #333300; font-size: 13pt;\" data-mce-mark=\"1\"><strong>Inscripci\u00f3n a la carrera<\/strong><\/span><\/a><\/li>\n<li><strong><a href=\"https:\/\/ens10-caba.infd.edu.ar\/sitio\/inscripcion-a-materias-pei\/\" target=\"_blank\" rel=\"noopener\">Inscripci\u00f3n a materias PEI<\/a><\/strong><\/li>\n<li><strong><a href=\"https:\/\/ens10-caba.infd.edu.ar\/sitio\/horarios-de-cursada-pei\/\" target=\"_blank\" rel=\"noopener\">Horarios de cursada<\/a><\/strong><\/li>\n<li><a href=\"https:\/\/ens10-caba.infd.edu.ar\/sitio\/mesas-de-examenes-pei\/\" target=\"_blank\" rel=\"noopener\"><strong>Mesas de ex\u00e1menes<\/strong><\/a><\/li>\n<li><span class=\"Hipervinculo\" style=\"color: #333300; font-size: 13pt;\" data-mce-mark=\"1\"><strong><a style=\"color: #333300;\" href=\"#tu\" target=\"_blank\" rel=\"noopener\">Tutor\u00edas<\/a><\/strong><\/span><\/li>\n<li><span class=\"Hipervinculo\" style=\"color: #333300; font-size: 13pt;\" data-mce-mark=\"1\"><strong><a style=\"color: #333300;\" href=\"#eq\" target=\"_blank\" rel=\"noopener\">Equipo de Coordinadores<\/a><\/strong><\/span><\/li>\n<\/ul>\n<hr size=\"1\" \/>\n<pre class=\"Titulo1\"><span style=\"font-size: 13pt; color: #333333;\"><strong><a style=\"color: #333333;\" name=\"informaciongeneral\"><\/a>INFORMACI\u00d3N GENERAL<\/strong><\/span><\/pre>\n<ul>\n<li style=\"list-style-type: none;\">\n<ul>\n<li style=\"list-style-type: none;\">\n<ul>\n<li><a href=\"index.cgi?wid_item=10&amp;wid_seccion=17\">Agenda Educativa<\/a><\/li>\n<li>\u00a0<strong>Planes de estudio &#8211; Correlatividades &#8211; Materias\u00a0<\/strong>\n<ul>\n<li>Plan de Estudios de la Carrera\u00a0<a href=\"upload\/0023_-_IF-2015-22936752-___-DGEDS.pdf\">descargar<\/a><\/li>\n<li>Nuevo Plan de Estudio 2025\/893<a href=\"https:\/\/drive.google.com\/file\/d\/1H1VlbfmIXGB4GxtB2xHYBq64nEApzrBx\/view?usp=drive_link\"> descargar<\/a><\/li>\n<li>Trayectoria Sugerida <a href=\"https:\/\/ens10-caba.infd.edu.ar\/sitio\/wp-content\/uploads\/2019\/08\/Trayectoria-Formativa-PEI-ago2019.pdf\">descargar<\/a><\/li>\n<li>Claves para leer las trayectorias <a href=\"upload\/Claves_para_leer_las_Trayectorias.pdf\">descargar<\/a><\/li>\n<li>R\u00e9gimen de correlatividades <a href=\"https:\/\/ens10-caba.infd.edu.ar\/sitio\/wp-content\/uploads\/2019\/10\/Correlatividades-PEI-Oct19.pdf\">descargar<\/a>\u00a0 (Oct 2019)<\/li>\n<li>Correlatividades y Requisitos EDDI PEI\u00a0<a href=\"https:\/\/ens10-caba.infd.edu.ar\/sitio\/wp-content\/uploads\/2023\/09\/EDDI_correlatividades_PEI-nuevo.pdf\" target=\"_blank\" rel=\"noopener\">descargar<\/a><\/li>\n<li>Propuesta de Espacios de Definici\u00f3n Institucional (EDI) PEI <a href=\"upload\/EDI2017-2020_PEI.pdf\">descargar<\/a><\/li>\n<li>Condici\u00f3n de alumno regular <a href=\"upload\/Condicion_de_alumno_regular.pdf\">descargar<\/a><\/li>\n<li>Materias que pueden rendirse en car\u00e1cter de ALUMNO LIBRE\u00a0<a href=\"upload\/Materias_que_pueden_rendirse_en_caracter_de_alumno_LIBRE.pdf\">descargar<\/a><\/li>\n<li>Condiciones y requisitos para rendir en car\u00e1cter de ALUMNO LIBRE\u00a0<a href=\"upload\/Condicion_de_Alumno_LIBRE_1.pdf\">descargar<\/a><\/li>\n<li>Materias que pueden cursarse baj\u00f3 r\u00e9gimen SEMIPRESENCIAL\u00a0<a href=\"upload\/Materias_del_regimen_SEMIPRESENCIAL.pdf\">descargar<\/a><\/li>\n<li>Para rendir examen final de materia cursada en otra instituci\u00f3n\u00a0<a href=\"upload\/Para_rendir_examen_final_de_materia_cursada_en_otra_institucion.pdf\">descargar<\/a><\/li>\n<\/ul>\n<\/li>\n<\/ul>\n<\/li>\n<li style=\"list-style-type: none;\"><strong>Inscripciones<\/strong> <strong>Materias &#8211; Talleres\u00a0 &#8211; EDIS<\/strong>\n<ul>\n<li>Instructivo Inscripci\u00f3n a materias\u00a0<u><a href=\"upload\/INSCRIPCION_A_MATERIAS_1C_2017.pdf\">descargar<\/a><\/u><\/li>\n<\/ul>\n<\/li>\n<li style=\"list-style-type: none;\"><strong>Campus Virtual\u00a0<\/strong>\n<ul>\n<li>Solicitud\u00a0<a href=\"https:\/\/forms.gle\/CQh1LkK6MgXy1toTA\">Usuario Campus virtual<\/a><\/li>\n<\/ul>\n<\/li>\n<li style=\"list-style-type: none;\">\u00a0<strong>Otros asuntos<\/strong>\n<ul>\n<li>Solicitud de Viandas<a href=\"upload\/SolicituddeViandac.jpg\">\u00a0<\/a><a href=\"upload\/SolicituddeViandac.jpg\">descargar<\/a><\/li>\n<li><a href=\"https:\/\/ens10-caba.infd.edu.ar\/sitio\/wp-content\/uploads\/2021\/03\/DECLARACI%C3%93N-JURADA-DESARROLLO-DE-ACTIVIDADES-PRESENCIALES-2021.pdf\">Declaraci\u00f3n Jurada Desarrollo de Actividades Presenciales 2021<\/a><\/li>\n<li><a href=\"https:\/\/ens10-caba.infd.edu.ar\/sitio\/wp-content\/uploads\/2021\/03\/DDJJ-EXCEPCION-DE-INASISTENCIAS.pdf\">Declaraci\u00f3n Jurada para no c\u00f3mputo de inasistencias 2021<\/a>\n<div id=\":a2f\" class=\"pG\" role=\"img\" data-tooltip-contained=\"true\" data-tooltip-align=\"b,l\" data-tooltip-delay=\"1500\" aria-label=\"Importante seg\u00fan el criterio de Google.\"><\/div>\n<\/li>\n<\/ul>\n<\/li>\n<\/ul>\n<\/li>\n<\/ul>\n<pre class=\"Titulo1\"><span style=\"font-size: 13pt; color: #333333;\"><strong><a style=\"color: #333333;\" name=\"informaciongeneral\"><\/a>BECA \/REFIGRERIO\/VIANDAS<\/strong><\/span><\/pre>\n<ul>\n<li><a href=\"https:\/\/ens10-caba.infd.edu.ar\/sitio\/wp-content\/uploads\/2021\/03\/8._formulario_de_solicitud_de_beca_de_refrigerio_-_medio_y_adultos.pdf\">Formulario de Solicitud de Beca &#8211; Refrigerio<\/a><\/li>\n<li><a href=\"https:\/\/ens10-caba.infd.edu.ar\/sitio\/wp-content\/uploads\/2021\/03\/9._instructivo_para_completar_el_formulario_de_solicitud_de_beca_refrigerio_terciario.docx\">Instructivo para completar el formulario de solicitud de beca refrigerio<\/a><\/li>\n<\/ul>\n<div style=\"text-align: left;\">\n<div style=\"text-align: left;\">\n<pre class=\"Titulo1\"><span style=\"color: #ff6600;\"><strong><span style=\"font-size: 12pt;\"><span style=\"font-size: 10pt;\"><span style=\"font-size: 13pt;\"><a name=\"tutores\"><\/a><span style=\"color: #333333;\">ESPACIO DE TUTOR\u00cdAS<\/span><\/span><\/span><\/span><\/strong><\/span><\/pre>\n<\/div>\n<p><span style=\"font-size: 12pt;\" data-mce-mark=\"1\">El espacio de Tutor\u00edas est\u00e1 concebido con el prop\u00f3sito de acompa\u00f1ar el inicio y recorrido formativo de los\/as\/es estudiantes de los Profesorados de la instituci\u00f3n.<\/span><\/p>\n<ul>\n<li style=\"list-style-type: none;\">\n<ul>\n<li style=\"list-style-type: none;\">\n<ul>\n<li><span style=\"font-size: 12pt;\" data-mce-mark=\"1\"><span style=\"font-size: 12pt;\" data-mce-mark=\"1\"><strong>Tutoras PEI<\/strong>: Mariana Baraldini y Mercedes Quint\u00e1s Le Fur<\/span><\/span><span style=\"font-size: 12pt;\" data-mce-mark=\"1\">\u00a0&#8211; <a href=\"https:\/\/ens10-caba.infd.edu.ar\/aula\/mailto:tutoriaspei10@gmail.com\" target=\"_blank\" rel=\"noopener\" data-saferedirecturl=\"https:\/\/www.google.com\/url?q=https:\/\/ens10-caba.infd.edu.ar\/aula\/mailto:tutoriaspei10@gmail.com&amp;source=gmail&amp;ust=1648841783694000&amp;usg=AOvVaw0M-sgtkQ5fildY9nHwEiAO\">tutoriaspei10@gmail.com<\/a> (Profesorado Educaci\u00f3n Inicial)<\/span><\/li>\n<\/ul>\n<\/li>\n<\/ul>\n<\/li>\n<\/ul>\n<pre class=\"Titulo1\" style=\"clear: both;\"><span style=\"font-size: 13pt; color: #ff6600;\"><strong><a name=\"coordinadores\"><\/a><span style=\"color: #333333;\">EQUIPO DE COORDINADORES<\/span><\/strong>\n<\/span><\/pre>\n<div style=\"clear: both;\">\n<div>\n<ul>\n<li><span style=\"font-size: 12pt;\" data-mce-mark=\"1\"><strong>Campo de la Formaci\u00f3n General<\/strong> (CFG): Prof. Ariadna Abrita y Prof. Ver\u00f3nica Travi<br \/>\n<\/span><\/li>\n<li><span style=\"font-size: 12pt;\" data-mce-mark=\"1\"><strong>Campo de la Formaci\u00f3n Espec\u00edfica<\/strong> (CFE): Prof. Flavia Krause y Prof. Carolina Bensabat<br \/>\n<\/span><\/li>\n<li><span style=\"font-size: 12pt;\" data-mce-mark=\"1\"><strong>Campo de Pr\u00e1ctica Profesional<\/strong> (CPP) Inicial: Prof. Loreta Bell\u00f3n y Prof. Silvia Macchi<br \/>\n<\/span><\/li>\n<\/ul>\n<\/div>\n<p style=\"text-align: center;\">\n<\/div>\n<\/div>\n","protected":false},"excerpt":{"rendered":"<p>Informaci\u00f3n General Inscripci\u00f3n a la carrera Inscripci\u00f3n a materias PEI Horarios de cursada Mesas de ex\u00e1menes Tutor\u00edas Equipo de Coordinadores INFORMACI\u00d3N GENERAL Agenda Educativa \u00a0Planes de estudio &#8211; Correlatividades &#8211; Materias\u00a0 Plan de Estudios de la Carrera\u00a0descargar Nuevo Plan de Estudio 2025\/893 descargar Trayectoria Sugerida descargar Claves para leer las trayectorias descargar R\u00e9gimen de correlatividades &#8230; <a title=\"Profesorado de Educaci\u00f3n Inicial\" class=\"read-more\" href=\"https:\/\/ens10-caba.infd.edu.ar\/sitio\/profesorado-en-educacion-inicial\/\" aria-label=\"More on Profesorado de Educaci\u00f3n Inicial\">[+]<\/a><\/p>\n","protected":false},"author":2976,"featured_media":0,"parent":0,"menu_order":0,"comment_status":"closed","ping_status":"closed","template":"","meta":[],"acf":[],"_links":{"self":[{"href":"https:\/\/ens10-caba.infd.edu.ar\/sitio\/wp-json\/wp\/v2\/pages\/1287"}],"collection":[{"href":"https:\/\/ens10-caba.infd.edu.ar\/sitio\/wp-json\/wp\/v2\/pages"}],"about":[{"href":"https:\/\/ens10-caba.infd.edu.ar\/sitio\/wp-json\/wp\/v2\/types\/page"}],"author":[{"embeddable":true,"href":"https:\/\/ens10-caba.infd.edu.ar\/sitio\/wp-json\/wp\/v2\/users\/2976"}],"replies":[{"embeddable":true,"href":"https:\/\/ens10-caba.infd.edu.ar\/sitio\/wp-json\/wp\/v2\/comments?post=1287"}],"version-history":[{"count":108,"href":"https:\/\/ens10-caba.infd.edu.ar\/sitio\/wp-json\/wp\/v2\/pages\/1287\/revisions"}],"predecessor-version":[{"id":4790,"href":"https:\/\/ens10-caba.infd.edu.ar\/sitio\/wp-json\/wp\/v2\/pages\/1287\/revisions\/4790"}],"wp:attachment":[{"href":"https:\/\/ens10-caba.infd.edu.ar\/sitio\/wp-json\/wp\/v2\/media?parent=1287"}],"curies":[{"name":"wp","href":"https:\/\/api.w.org\/{rel}","templated":true}]}}