{"id":1293,"date":"2018-08-29T14:42:47","date_gmt":"2018-08-29T17:42:47","guid":{"rendered":"https:\/\/ens10-caba.infd.edu.ar\/sitio\/informacion-util\/"},"modified":"2025-09-10T21:04:57","modified_gmt":"2025-09-11T00:04:57","slug":"informacion-util","status":"publish","type":"page","link":"https:\/\/ens10-caba.infd.edu.ar\/sitio\/informacion-util\/","title":{"rendered":"Ingresantes 1\u00ba A\u00f1o"},"content":{"rendered":"\n<pre class=\"wp-block-preformatted\"><strong>Inscripci\u00f3n Ciclo Lectivo 2026<\/strong><\/pre>\n\n\n\n<h4 class=\"wp-block-heading\">Per\u00edodo ordinario<\/h4>\n\n\n\n<p>Para aspirantes a Nivel Inicial (todas las salas), 1.\u00b0 grado de Nivel Primario, 1.\u00b0 a\u00f1o de Nivel Secundario. <\/p>\n\n\n\n<pre class=\"wp-block-preformatted\"><strong>Preinscripci\u00f3n <\/strong>\n29 de septiembre al 7 de noviembre de 2025<\/pre>\n\n\n\n<h6 class=\"wp-block-heading has-text-align-left\">Para realizar consultas y tr\u00e1mites ingres\u00e1 en la\u00a0<a href=\"https:\/\/buenosaires.gob.ar\/educacion\/estudiantes\/inscripcionescolar\" target=\"_blank\" rel=\"noreferrer noopener\">web de Inscripci\u00f3n escolar<\/a>.\u00a0<\/h6>\n\n\n\n<hr class=\"wp-block-separator has-alpha-channel-opacity\"\/>\n\n\n\n<h4 class=\"wp-block-heading\">Control documental<\/h4>\n\n\n\n<p>Presentaci\u00f3n de la documentaci\u00f3n que respalda la informaci\u00f3n suministrada en el sistema. Si realiz\u00e1s el control documental no podr\u00e1s modificar los datos de la preinscripci\u00f3n.<\/p>\n\n\n\n<pre class=\"wp-block-preformatted\"><strong>29 de septiembre al 21 de noviembre de 2025<\/strong><\/pre>\n\n\n\n<hr class=\"wp-block-separator has-alpha-channel-opacity\"\/>\n\n\n\n<h4 class=\"wp-block-heading has-text-align-center\">Sorteo p\u00fablico anual<br>&#8211; 22 de octubre de 2025 &#8211;<\/h4>\n\n\n\n<p>Se tomar\u00e1 en cuenta en la asignaci\u00f3n de vacantes, en todos aquellos casos de igualdad de condiciones entre aspirantes. Para m\u00e1s informaci\u00f3n visit\u00e1 las bases del&nbsp;<a href=\"https:\/\/buenosaires.gob.ar\/asignacion-de-vacantes\/sorteo-publico-anual\">sorteo p\u00fablico anual<\/a>.<\/p>\n\n\n\n<hr class=\"wp-block-separator has-alpha-channel-opacity\"\/>\n\n\n\n<h4 class=\"wp-block-heading has-text-align-center\">Publicaci\u00f3n de listados de asignaci\u00f3n de vacantes<br>&#8211; 05 de diciembre de 2025 &#8211; <\/h4>\n\n\n\n<pre class=\"wp-block-preformatted\"><strong>Visitas Guiadas<\/strong>\n\nSon organizadas por el <strong>Gobierno de la Ciudad de Buenos Aires<\/strong> en una fecha determinada por ellos. Los <strong>turnos son online <\/strong>desde la web de inscripciones. <\/pre>\n\n\n\n<pre class=\"wp-block-preformatted\"><strong>VISITAS GUIADAS - INGRESANTES 2026 -<\/strong><\/pre>\n\n\n\n<p>Para todos los que est\u00e9n interesados en inscribir a sus hijos\/as en el nivel secundario para el ciclo lectivo 2025 , se organizar\u00e1n durante el mes de Octubre 2024&nbsp;visitas&nbsp;para conocer la escuela.&nbsp; &nbsp;&nbsp;<\/p>\n\n\n\n<p><strong>Estas&nbsp;visitas&nbsp;SON DE CAR\u00c1CTER OPTATIVO &#8211; no obligatorias -.<\/strong><\/p>\n\n\n\n<p>Para participar de las mismas e ingresar al establecimiento es obligatorio que completen el siguiente\u00a0<a rel=\"noreferrer noopener\" href=\"https:\/\/forms.gle\/5UJFucoP4NHhvwz79\" data-type=\"URL\" data-id=\"https:\/\/forms.gle\/5UJFucoP4NHhvwz79\" target=\"_blank\">formulario<\/a><\/p>\n","protected":false},"excerpt":{"rendered":"<p>Inscripci\u00f3n Ciclo Lectivo 2026 Per\u00edodo ordinario Para aspirantes a Nivel Inicial (todas las salas), 1.\u00b0 grado de Nivel Primario, 1.\u00b0 a\u00f1o de Nivel Secundario. Preinscripci\u00f3n 29 de septiembre al 7 de noviembre de 2025 Para realizar consultas y tr\u00e1mites ingres\u00e1 en la\u00a0web de Inscripci\u00f3n escolar.\u00a0 Control documental Presentaci\u00f3n de la documentaci\u00f3n que respalda la informaci\u00f3n &#8230; <a title=\"Ingresantes 1\u00ba A\u00f1o\" class=\"read-more\" href=\"https:\/\/ens10-caba.infd.edu.ar\/sitio\/informacion-util\/\" aria-label=\"More on Ingresantes 1\u00ba A\u00f1o\">[+]<\/a><\/p>\n","protected":false},"author":2976,"featured_media":0,"parent":0,"menu_order":0,"comment_status":"closed","ping_status":"closed","template":"","meta":[],"acf":[],"_links":{"self":[{"href":"https:\/\/ens10-caba.infd.edu.ar\/sitio\/wp-json\/wp\/v2\/pages\/1293"}],"collection":[{"href":"https:\/\/ens10-caba.infd.edu.ar\/sitio\/wp-json\/wp\/v2\/pages"}],"about":[{"href":"https:\/\/ens10-caba.infd.edu.ar\/sitio\/wp-json\/wp\/v2\/types\/page"}],"author":[{"embeddable":true,"href":"https:\/\/ens10-caba.infd.edu.ar\/sitio\/wp-json\/wp\/v2\/users\/2976"}],"replies":[{"embeddable":true,"href":"https:\/\/ens10-caba.infd.edu.ar\/sitio\/wp-json\/wp\/v2\/comments?post=1293"}],"version-history":[{"count":10,"href":"https:\/\/ens10-caba.infd.edu.ar\/sitio\/wp-json\/wp\/v2\/pages\/1293\/revisions"}],"predecessor-version":[{"id":4673,"href":"https:\/\/ens10-caba.infd.edu.ar\/sitio\/wp-json\/wp\/v2\/pages\/1293\/revisions\/4673"}],"wp:attachment":[{"href":"https:\/\/ens10-caba.infd.edu.ar\/sitio\/wp-json\/wp\/v2\/media?parent=1293"}],"curies":[{"name":"wp","href":"https:\/\/api.w.org\/{rel}","templated":true}]}}