{"id":1302,"date":"2018-08-29T14:42:52","date_gmt":"2018-08-29T17:42:52","guid":{"rendered":"https:\/\/ens10-caba.infd.edu.ar\/sitio\/inscripcion-a-la-carrera-pep\/"},"modified":"2026-04-09T18:39:58","modified_gmt":"2026-04-09T21:39:58","slug":"inscripcion-a-la-carrera-pep-y-pei","status":"publish","type":"page","link":"https:\/\/ens10-caba.infd.edu.ar\/sitio\/inscripcion-a-la-carrera-pep-y-pei\/","title":{"rendered":"Inscripci\u00f3n a las carreras de nuestro profesorado"},"content":{"rendered":"<pre><strong>                                                                                    Inscripci\u00f3n 2<\/strong><strong>\u00ba Cuatrimestre 2026<\/strong><\/pre>\n<h3 style=\"text-align: center;\"><strong>Periodo de inscripci\u00f3n<\/strong><\/h3>\n<h5 style=\"text-align: center;\"><strong><span class=\"a_GcMg font-feature-liga-off font-feature-clig-off font-feature-calt-off text-decoration-none text-strikethrough-none\">1\u00ba Periodo: <\/span><span class=\"a_GcMg font-feature-liga-off font-feature-clig-off font-feature-calt-off text-decoration-none text-strikethrough-none\">a confirmar<\/span><\/strong><\/h5>\n<h5 style=\"text-align: center;\"><strong><span class=\"a_GcMg font-feature-liga-off font-feature-clig-off font-feature-calt-off text-decoration-none text-strikethrough-none\">2\u00ba Periodo:<\/span><\/strong><strong><span class=\"a_GcMg font-feature-liga-off font-feature-clig-off font-feature-calt-off text-decoration-none text-strikethrough-none\"> a confirmar<\/span><\/strong><\/h5>\n<h5 style=\"text-align: center;\"><strong>Control documental\u00a0 &#8211; a confirmar &#8211;<\/strong><\/h5>\n<h1 style=\"text-align: center;\"><span style=\"color: #ff6600;\">Profesorados con T\u00edtulo Oficial &#8211; Validez Nacional<\/span><\/h1>\n<p><strong style=\"font-size: revert; background-color: initial; font-family: inherit; color: inherit;\">Horario de cursada<\/strong><\/p>\n<ul>\n<li style=\"list-style-type: none;\">\n<ul>\n<li style=\"text-align: left;\">T.T: <strong>13.15<\/strong> a <strong>17.20<\/strong> hs.<\/li>\n<\/ul>\n<\/li>\n<\/ul>\n<ul>\n<li style=\"list-style-type: none;\">\n<ul>\n<li style=\"text-align: left;\">T.V: <strong>17.45<\/strong> a <strong>21.50<\/strong> hs<\/li>\n<\/ul>\n<\/li>\n<\/ul>\n<p style=\"text-align: left;\"><strong><span style=\"color: #ff6600;\">Aclaraci\u00f3n: <\/span><\/strong><span style=\"color: #333300;\">No contamos con turno ma\u00f1ana aunque aparezca en el sistema de inscripci\u00f3n.<\/span><\/p>\n<pre style=\"text-align: center;\"><span style=\"color: #333399;\"><strong>Curso de ingreso<\/strong><\/span><\/pre>\n<p style=\"text-align: left;\"><span style=\"background-color: initial; font-family: inherit; color: inherit; font-size: 16px;\"><strong>Fecha<\/strong>: a confirmar<\/span><\/p>\n<p style=\"text-align: left;\"><span style=\"background-color: initial; font-family: inherit; color: inherit; font-size: 16px;\"><strong>Horario: <\/strong>T.T. 13.30 a 16.45 hs &#8211; T.N. 18 a 21.15 Hs<\/span><\/p>\n<h2 class=\"has-text-align-center\"><strong>Pasos a seguir para inscribirte!!!<\/strong><\/h2>\n<pre><strong>                                                                                                      \u00a0- Paso 1 -<\/strong><\/pre>\n<p class=\"has-text-align-center\"><strong>Inscripci\u00f3n on-line en el sistema SIU-Guaran\u00ed<\/strong><\/p>\n<p class=\"has-text-align-center\">Al ingresar al enlace encontrar\u00e1s el paso a paso.<\/p>\n<ul>\n<li>Ten\u00e9 en cuenta que la preinscripci\u00f3n que vas a realizar no se completa hasta que\u00a0<strong>imprimas el formulario de preinscripci\u00f3n que emite el sistema SIU-Guaran\u00ed<\/strong>\u00a0y lo presentes junto\u00a0<strong>a la documentaci\u00f3n pertinente en nuestra instituci\u00f3n<\/strong>.<\/li>\n<\/ul>\n<p style=\"text-align: center;\"><img decoding=\"async\" loading=\"lazy\" class=\"alignnone wp-image-2180\" src=\"https:\/\/ens10-caba.infd.edu.ar\/sitio\/wp-content\/uploads\/2020\/06\/1f447-500x500.jpg\" alt=\"\" width=\"76\" height=\"76\" \/><\/p>\n<p style=\"text-align: center;\"><a href=\"https:\/\/guarani-autogestionfdocente.bue.edu.ar\/preinscripcion\/caba\/\">https:\/\/guarani-autogestionfdocente.bue.edu.ar\/preinscripcion\/caba\/<\/a><\/p>\n<p style=\"text-align: center;\"><span style=\"font-size: revert; color: #ff6600;\"><strong>&lt;&lt;&lt; <span style=\"color: #333333;\">Si ten\u00e9s problemas con el sistema, te esperamos en <a style=\"color: #333333;\" href=\"https:\/\/goo.gl\/maps\/2AqBCbyTSYEHBMpo8\">secretaria<\/a> para ayudarte con la inscripci\u00f3n<\/span> &gt;&gt;&gt;<\/strong><\/span><\/p>\n<p style=\"text-align: center;\"><span style=\"font-size: revert;\">\u00a0&#8211; Lunes a Viernes de 14 a 16 o 18 a 20 hs.-<\/span><\/p>\n<pre style=\"text-align: center;\"><strong>- Paso 2 -\nControl Documental en la secretar\u00eda de nuestra instituci\u00f3n\n<\/strong><strong>Horario de atenci\u00f3n:<\/strong> lunes a viernes de 14 a 16 o 18 a 20 hs.\n\n<strong>-  9 al 20 de febrero de 2026 -<\/strong><\/pre>\n<p style=\"text-align: center;\"><strong>Entrega de documentaci\u00f3n<\/strong> en la Secretar\u00eda del Normal 10<br \/>\n(<a href=\"https:\/\/goo.gl\/maps\/2AqBCbyTSYEHBMpo8\">O&#8217;Higgins 2441 entre Av. Monroe y Blanco Encalada<\/a>) de forma presencial.<\/p>\n<p style=\"text-align: center;\"><strong>La documentaci\u00f3n a presentar debe estar COMPLETA<\/strong>:<\/p>\n<ul>\n<li style=\"text-align: left;\"><a href=\"https:\/\/ens10-caba.infd.edu.ar\/sitio\/wp-content\/uploads\/2021\/11\/carpeta_3_solapas-removebg-preview.png\" target=\"_blank\" rel=\"noopener\">Carpeta de 3 solapas color verde (para Primaria) o amarilla (para Inicial) de cartulina sin el\u00e1stico<\/a> que contenga la documentaci\u00f3n.<\/li>\n<li style=\"text-align: left;\">Constancia de preinscripci\u00f3n<strong> que emite el sistema SIU-Guaran\u00ed<\/strong> al finalizar el tramite y es enviada via email, la misma contiene un QR, recordar firmar en los lugares que se solicita.<\/li>\n<li style=\"text-align: left;\">Planilla de inscripci\u00f3n completa en forma manuscrita (<a href=\"https:\/\/ens10-caba.infd.edu.ar\/sitio\/wp-content\/uploads\/2022\/05\/FORMULARIO-DE-INSCRIPCION-NIVEL-TERCIARIO-DDE-2C2022.pdf\">descargar<\/a>)<\/li>\n<li style=\"text-align: left;\">ORIGINAL y Fotocopia de<strong> DNI<\/strong>.<\/li>\n<li style=\"text-align: left;\">ORIGINAL y Fotocopia de <strong>T\u00edtulo Secundario<\/strong>* o constancia de t\u00edtulo e tr\u00e1mite.<\/li>\n<li style=\"text-align: left;\">Si el <strong>T\u00edtulo Secundario es DIGITAL <\/strong>traer impreso el <strong>QR<\/strong> para escanear y verificar su validez.<\/li>\n<li>\n<div>Deber\u00e1s hacer esta <a href=\"https:\/\/docs.google.com\/forms\/d\/e\/1FAIpQLSfplYjudBMYKyD91hOrW_ZEhHHC-7kWGxZm7MOvVk6OeDTb7w\/viewform?pli=1\">encuesta<\/a> que indaga en los motivos que te llevaron a elegir la carrera docente:<\/div>\n<div>Al finalizarla, recibir\u00e1s un mail como comprobante de haber terminado bien la tarea; re-enviar dicho mail por favor a\u00a0<a href=\"mailto:ingresoal10@gmail.com\" target=\"_blank\" rel=\"noopener\">ingresoal10@gmail.com<\/a><\/div>\n<\/li>\n<\/ul>\n<p style=\"text-align: left;\">*(Ver requisitos de<a href=\"https:\/\/ens10-caba.infd.edu.ar\/sitio\/legalizacion-del-titulo-de-nivel-medio\/\"> legalizaci\u00f3n<\/a>)<\/p>\n<p class=\"has-text-align-center\"><strong>Inscripci\u00f3n condicional<\/strong><br \/>\nLos ingresantes que<strong> adeuden materias del Nivel Medio<\/strong> podr\u00e1n inscribirse en forma condicional, pero deber\u00e1n haber concluido sus estudios y presentar la documentaci\u00f3n que lo acredite antes del <strong>31 de mayo para ingresantes del 1\u00ba cuatrimestre y del 30 de septiembre para ingresantes del 2\u00ba cuatrimestre.<\/strong><\/p>\n<p class=\"has-text-align-center\">En caso de no cumplir con dicha presentaci\u00f3n se dar\u00e1 la baja a la vacante, sin previo aviso.<\/p>\n<pre><strong>CONSULTAS\n\n<\/strong><img decoding=\"async\" loading=\"lazy\" class=\"wp-image-4016 alignnone\" src=\"https:\/\/ens10-caba.infd.edu.ar\/sitio\/wp-content\/uploads\/2024\/05\/4202011_email_gmail_mail_logo_social_icon.png\" alt=\"\" width=\"34\" height=\"34\" srcset=\"https:\/\/ens10-caba.infd.edu.ar\/sitio\/wp-content\/uploads\/2024\/05\/4202011_email_gmail_mail_logo_social_icon.png 512w, https:\/\/ens10-caba.infd.edu.ar\/sitio\/wp-content\/uploads\/2024\/05\/4202011_email_gmail_mail_logo_social_icon-500x500.png 500w\" sizes=\"(max-width: 34px) 100vw, 34px\" \/> \u00a0ingresoal10@gmail.com\n<img decoding=\"async\" loading=\"lazy\" class=\"alignnone  wp-image-4017\" src=\"https:\/\/ens10-caba.infd.edu.ar\/sitio\/wp-content\/uploads\/2024\/05\/instagram.png\" alt=\"\" width=\"31\" height=\"31\" srcset=\"https:\/\/ens10-caba.infd.edu.ar\/sitio\/wp-content\/uploads\/2024\/05\/instagram.png 512w, https:\/\/ens10-caba.infd.edu.ar\/sitio\/wp-content\/uploads\/2024\/05\/instagram-500x500.png 500w\" sizes=\"(max-width: 31px) 100vw, 31px\" \/>\u00a0<a href=\"https:\/\/www.instagram.com\/ens10_caba\/\">@ens10_caba<\/a>\n\n<\/pre>\n<p class=\"has-text-align-center\">\n<p style=\"text-align: right;\">\n<p><a style=\"display: inline-block; padding: 12px 20px; background-color: #25d366; color: #fff; font-weight: bold; text-decoration: none; border-radius: 8px;\" href=\"https:\/\/wa.me\/5491170641066?text=Hola%2C+quiero+consultar+por+la+inscripc\u00edon+a+los+profesorados\" target=\"_blank\" rel=\"noopener\">Consultar por WhatsApp (Ingresantes)<\/a><\/p>\n","protected":false},"excerpt":{"rendered":"<p>Inscripci\u00f3n 2\u00ba Cuatrimestre 2026 Periodo de inscripci\u00f3n 1\u00ba Periodo: a confirmar 2\u00ba Periodo: a confirmar Control documental\u00a0 &#8211; a confirmar &#8211; Profesorados con T\u00edtulo Oficial &#8211; Validez Nacional Horario de cursada T.T: 13.15 a 17.20 hs. T.V: 17.45 a 21.50 hs Aclaraci\u00f3n: No contamos con turno ma\u00f1ana aunque aparezca en el sistema de inscripci\u00f3n. Curso &#8230; <a title=\"Inscripci\u00f3n a las carreras de nuestro profesorado\" class=\"read-more\" href=\"https:\/\/ens10-caba.infd.edu.ar\/sitio\/inscripcion-a-la-carrera-pep-y-pei\/\" aria-label=\"More on Inscripci\u00f3n a las carreras de nuestro profesorado\">[+]<\/a><\/p>\n","protected":false},"author":2976,"featured_media":0,"parent":0,"menu_order":0,"comment_status":"closed","ping_status":"closed","template":"","meta":[],"acf":[],"_links":{"self":[{"href":"https:\/\/ens10-caba.infd.edu.ar\/sitio\/wp-json\/wp\/v2\/pages\/1302"}],"collection":[{"href":"https:\/\/ens10-caba.infd.edu.ar\/sitio\/wp-json\/wp\/v2\/pages"}],"about":[{"href":"https:\/\/ens10-caba.infd.edu.ar\/sitio\/wp-json\/wp\/v2\/types\/page"}],"author":[{"embeddable":true,"href":"https:\/\/ens10-caba.infd.edu.ar\/sitio\/wp-json\/wp\/v2\/users\/2976"}],"replies":[{"embeddable":true,"href":"https:\/\/ens10-caba.infd.edu.ar\/sitio\/wp-json\/wp\/v2\/comments?post=1302"}],"version-history":[{"count":125,"href":"https:\/\/ens10-caba.infd.edu.ar\/sitio\/wp-json\/wp\/v2\/pages\/1302\/revisions"}],"predecessor-version":[{"id":4806,"href":"https:\/\/ens10-caba.infd.edu.ar\/sitio\/wp-json\/wp\/v2\/pages\/1302\/revisions\/4806"}],"wp:attachment":[{"href":"https:\/\/ens10-caba.infd.edu.ar\/sitio\/wp-json\/wp\/v2\/media?parent=1302"}],"curies":[{"name":"wp","href":"https:\/\/api.w.org\/{rel}","templated":true}]}}