{"id":1353,"date":"2018-09-21T20:34:33","date_gmt":"2018-09-21T23:34:33","guid":{"rendered":"https:\/\/ens10-caba.infd.edu.ar\/sitio\/?page_id=1353"},"modified":"2024-09-12T21:21:20","modified_gmt":"2024-09-13T00:21:20","slug":"noticias-del-nivel-inicial","status":"publish","type":"page","link":"https:\/\/ens10-caba.infd.edu.ar\/sitio\/noticias-del-nivel-inicial\/","title":{"rendered":"Noticias del Nivel Inicial"},"content":{"rendered":"\n<pre class=\"wp-block-preformatted\"><strong>Febrero 2024<\/strong><\/pre>\n\n\n\n<ul>\n<li>Entrevistas Iniciales, espacio para formar lazos de v\u00ednculos entre familia y docentes<\/li>\n\n\n\n<li>Reuni\u00f3n general y bienvenida a las nuevas familias del jard\u00edn.<\/li>\n\n\n\n<li>En el primer EMI del a\u00f1o: organizaci\u00f3n y elaboraci\u00f3n de los primeros lineamientos del nuevo Proyecto Escuela&nbsp; 2024 \u201cExplorar tiene sentido\u201d.<\/li>\n\n\n\n<li>Capacitaciones en servicio para las maestras de secci\u00f3n y primera jornada de capacitaci\u00f3n directiva.<\/li>\n<\/ul>\n\n\n\n<pre class=\"wp-block-preformatted\"><strong><u>Inicio del ciclo lectivo:<\/u><\/strong> 26 de Febrero 2024<\/pre>\n\n\n\n<p>Algunas acciones realizadas y a realizar durante el presente ciclo lectivo:<\/p>\n\n\n\n<ul>\n<li>Periodo de Inicio: Las docentes planifican de acuerdo a la edad de los ni\u00f1os y ni\u00f1as, diferentes propuestas seg\u00fan los lineamientos curriculares vigentes.<\/li>\n\n\n\n<li>Planificaci\u00f3n de diferentes estructuras did\u00e1cticas: Proyectas, Unidades Did\u00e1cticas y secuencias. Evaluaciones sistem\u00e1ticas de las mismas.<\/li>\n\n\n\n<li>Articulaci\u00f3n con el nivel terciario. Reuni\u00f3n organizativa entre profesores y la conducci\u00f3n del Nivel Inicial para organizar la concurrencia de las\/os alumnas\/os de los Talleres de Pr\u00e1cticas.<\/li>\n\n\n\n<li>Reuniones familia-escuela: Evaluaci\u00f3n y entrega de informes en cada periodo escolar.<\/li>\n\n\n\n<li>Diferentes jornadas EMI: Se basan en encuentros con&nbsp; el equipo docente en pos de la mejora institucional.<\/li>\n\n\n\n<li>Diferentes capacitaciones en servicio para toda la comunidad educativa (docentes, directivos, etc)<\/li>\n\n\n\n<li>Efem\u00e9rides: En cada efem\u00e9ride (25 de Mayo, 9 de Julio, 17 de agosto, etc) se realizar\u00e1 un acto formal junto a las familias donde podr\u00e1n observar lo abordado en cada sala para dicha fecha (Muestra est\u00e1tica, din\u00e1mica) y en algunas oportunidades modalidad taller.<\/li>\n<\/ul>\n\n\n\n<ul>\n<li>Diferentes Jornadas ESI (Educaci\u00f3n sexual integral) Ej: Convivencia escolar, diversidad de g\u00e9nero, v\u00ednculos saludables, etc.<\/li>\n\n\n\n<li>Diferentes salidas did\u00e1cticas:<\/li>\n<\/ul>\n\n\n\n<ul>\n<li>Museo de las comunidades (ex Museo del hombre)<\/li>\n\n\n\n<li>&nbsp;Museo de Amalita Fortabat<\/li>\n\n\n\n<li>Jard\u00edn Bot\u00e1nico Carlos Thays. Actividad: Mykur\u00e9 en el maravilloso mundo de las plantas.<\/li>\n\n\n\n<li>&nbsp;Veterinaria del barrio<\/li>\n\n\n\n<li>&nbsp;Concierto&nbsp;Did\u00e1ctico&nbsp;de la Banda&nbsp;Sinf\u00f3nica&nbsp;y&nbsp;Orquesta&nbsp;de la Ciudad de Buenos Aires<\/li>\n\n\n\n<li>Pinacoteca del Palacio Sarmiento. Taller \u201cColores\u201d.<\/li>\n\n\n\n<li>Articulaci\u00f3n Nivel Inicial-Nivel primario<\/li>\n<\/ul>\n\n\n\n<p><strong>Diferentes eventos:<\/strong><\/p>\n\n\n\n<ul>\n<li>D\u00eda de los jardines de infantes.<\/li>\n\n\n\n<li>Aniversario de la escuela (110 a\u00f1os)<\/li>\n\n\n\n<li>D\u00eda de la primavera. Actividad: Bicicleteada junto a las familias.<\/li>\n\n\n\n<li>D\u00eda de las infancias. Actividad: distintas propuestas l\u00fadicas<\/li>\n\n\n\n<li>D\u00eda de las familias.<\/li>\n\n\n\n<li>Clase abierta de Educaci\u00f3n Musical<\/li>\n\n\n\n<li>Clase abierta de Educaci\u00f3n f\u00edsica<\/li>\n<\/ul>\n\n\n\n<ul>\n<li>Participaci\u00f3n del Nivel Inicial en diferentes convocatorias:<\/li>\n<\/ul>\n\n\n\n<ul>\n<li>Puertas abiertas. Muestra del Proyecto: \u201cCon mi caballito voy a Tucum\u00e1n\u201d<\/li>\n<\/ul>\n\n\n\n<p>Abordado desde el Eje \u201cIndagaci\u00f3n y conocimiento del Ambiente Social\u201d, intensificado en Educaci\u00f3n Digital (Pensamiento Computacional)<\/p>\n\n\n\n<ul>\n<li>Programa \u201cCooperar en comunidad\u201d. Presentaci\u00f3n del Proyecto: \u201cVivenciamos el ciclo de vida de las mariposas\u201d.<\/li>\n\n\n\n<li>Jornada interniveles. Muestra est\u00e1tica y din\u00e1mica de diferentes proyectos realizados durante el presente ciclo lectivo.<\/li>\n<\/ul>\n","protected":false},"excerpt":{"rendered":"<p>Febrero 2024 Inicio del ciclo lectivo: 26 de Febrero 2024 Algunas acciones realizadas y a realizar durante el presente ciclo lectivo: Diferentes eventos: Abordado desde el Eje \u201cIndagaci\u00f3n y conocimiento del Ambiente Social\u201d, intensificado en Educaci\u00f3n Digital (Pensamiento Computacional)<\/p>\n","protected":false},"author":74,"featured_media":0,"parent":0,"menu_order":0,"comment_status":"closed","ping_status":"closed","template":"","meta":[],"acf":[],"_links":{"self":[{"href":"https:\/\/ens10-caba.infd.edu.ar\/sitio\/wp-json\/wp\/v2\/pages\/1353"}],"collection":[{"href":"https:\/\/ens10-caba.infd.edu.ar\/sitio\/wp-json\/wp\/v2\/pages"}],"about":[{"href":"https:\/\/ens10-caba.infd.edu.ar\/sitio\/wp-json\/wp\/v2\/types\/page"}],"author":[{"embeddable":true,"href":"https:\/\/ens10-caba.infd.edu.ar\/sitio\/wp-json\/wp\/v2\/users\/74"}],"replies":[{"embeddable":true,"href":"https:\/\/ens10-caba.infd.edu.ar\/sitio\/wp-json\/wp\/v2\/comments?post=1353"}],"version-history":[{"count":3,"href":"https:\/\/ens10-caba.infd.edu.ar\/sitio\/wp-json\/wp\/v2\/pages\/1353\/revisions"}],"predecessor-version":[{"id":4307,"href":"https:\/\/ens10-caba.infd.edu.ar\/sitio\/wp-json\/wp\/v2\/pages\/1353\/revisions\/4307"}],"wp:attachment":[{"href":"https:\/\/ens10-caba.infd.edu.ar\/sitio\/wp-json\/wp\/v2\/media?parent=1353"}],"curies":[{"name":"wp","href":"https:\/\/api.w.org\/{rel}","templated":true}]}}