{"id":1358,"date":"2018-09-21T21:40:01","date_gmt":"2018-09-22T00:40:01","guid":{"rendered":"https:\/\/ens10-caba.infd.edu.ar\/sitio\/?page_id=1358"},"modified":"2024-12-10T20:49:46","modified_gmt":"2024-12-10T23:49:46","slug":"noticias-del-nivel-primario","status":"publish","type":"page","link":"https:\/\/ens10-caba.infd.edu.ar\/sitio\/noticias-del-nivel-primario\/","title":{"rendered":"Noticias del Nivel Primario"},"content":{"rendered":"\n<p><strong>SEPTIEMBRE<\/strong><\/p>\n\n\n\n<figure class=\"wp-block-embed is-type-video is-provider-youtube wp-block-embed-youtube wp-embed-aspect-16-9 wp-has-aspect-ratio\"><div class=\"wp-block-embed__wrapper\">\n<iframe loading=\"lazy\" title=\"primaria\" width=\"1200\" height=\"675\" src=\"https:\/\/www.youtube.com\/embed\/x9P-GYYMpQM?feature=oembed\" frameborder=\"0\" allow=\"accelerometer; autoplay; clipboard-write; encrypted-media; gyroscope; picture-in-picture; web-share\" referrerpolicy=\"strict-origin-when-cross-origin\" allowfullscreen><\/iframe>\n<\/div><\/figure>\n\n\n<p><strong>JUNIO<\/strong><\/p>\n<p><strong>7 de junio:<\/strong> Visita al museo del ministerio de educaci\u00f3n, cuarto, quinto y sexto, a cargo de la profesora Arguelles.<\/p>\n<p><strong>8 de junio:<\/strong> Visita al museo del ministerio de educaci\u00f3n, cuarto, quinto y sexto, a cargo de la profesora Urlich.<\/p>\n<p><strong>19 de junio:<\/strong> Acto conmemorativo del fallecimiento de Manuel Belgrano. Promesa de lealtad a la bandera nacional, alumnos de cuarto grado.<\/p>\n<p>Reuni\u00f3n de sub regentes por comedores escolares.<\/p>\n<p><strong>22 de junio:<\/strong> Primera jornada anual de actividades de ESI para todos los grados y secciones.<\/p>\n<p><strong>26 de junio:<\/strong> Capacitaci\u00f3n situada de matem\u00e1ticas, con suspensi\u00f3n de actividades de los alumnos del nivel.<\/p>\n<p>\u00a0<\/p>\n<p><strong>MAYO<\/strong><\/p>\n<p><strong>3 de mayo:<\/strong> Acto conmemorativo del d\u00eda del trabajo y de la Constituci\u00f3n Nacional. Promesa de lealtad a la constituci\u00f3n Nacional por parte de los alumnos de s\u00e9ptimo grado<\/p>\n<p><strong>16 de mayo:<\/strong> Torneo de mini f\u00fatbol inter-normales.<\/p>\n<p>Reuni\u00f3n de proyecto escuela regentes.<\/p>\n<p><strong>17 de mayo:<\/strong> Presentaci\u00f3n de la experiencia en integraci\u00f3n e inclusi\u00f3n en el marco del proyecto de intensificaci\u00f3n de idiomas de nivel primario en la mesa redonda. La escolaridad en el ni\u00f1o con problem\u00e1ticas en el lenguaje, a cargo de la regente del nivel primario Prof. Cristina Andrea Bugnano, en el marco de la XIV jornadas de ORL para pediatr\u00eda, hotel Alvear Icon.<\/p>\n<p><strong>21 de mayo:<\/strong> Reuni\u00f3n de proyecto escuela sub-regentes.<\/p>\n<p><strong>22 de mayo:<\/strong> EMI nivel primario, tem\u00e1tica convivencia y consejos de aula<\/p>\n<p><strong>24 de mayo:<\/strong> Acto conmemorativo del 25 de mayo de 1810.<\/p>\n<p><strong>28 de mayo.<\/strong> Visita al museo del ministerio de educaci\u00f3n, cuarto, quinto y sexto, a cargo de la profesora Urlich.<\/p>\n<p><strong>29 de mayo:<\/strong> Visita al museo del ministerio de educaci\u00f3n, sexto y s\u00e9ptimo grado, a cargo de la profesora Arguelles.<\/p>\n<p>\u00a0<\/p>\n<p><strong>ABRIL<\/strong><\/p>\n<p><strong>3 de abril:<\/strong> Inicio plan de nataci\u00f3n 4to grados, secciones \u201cA\u201d y \u201cB\u201d.<\/p>\n<p><strong>3 de abril:<\/strong> Inicio capacitaci\u00f3n de facilitadores en v\u00ednculos saludables, en el marco del proyecto de convivencia pac\u00edfica.<\/p>\n<p><strong>3 y 4 de abril:<\/strong> Evaluaci\u00f3n diagn\u00f3stica.<\/p>\n<p><strong>10 al 13 de abril:<\/strong> Reuniones con familias, presentaci\u00f3n de propuestas pedag\u00f3gicas anual.<\/p>\n<p><strong>12 de abril:<\/strong> Visita de salud bucal primer grado.<\/p>\n<p><strong>17 de abril:<\/strong> Visita de 5to grado, secciones \u201cA\u201d y \u201cB\u201d a la F\u00e1brica de Colombraro, materiales.<\/p>\n<p><strong>18 de abril:<\/strong> Inicio capacitaci\u00f3n a directivos regentes con la lic. Nicastro.<\/p>\n<p><strong>20 de abril: <\/strong>Inicio capacitaci\u00f3n a directivos sub-regentes con la lic. Nicastro.<\/p>\n<p><strong>23 de abril:<\/strong> Reuni\u00f3n de sub-regentes sobre proyecto escuela.<\/p>\n<p><strong>24 de abril:<\/strong> Reuni\u00f3n de regentes con la supervisi\u00f3n de nivel primario y la direcci\u00f3n de \u00e1rea.<\/p>\n<p><strong>26 de abril:<\/strong> Inicio intervenciones con la profesora de t\u00edteres, Viviana Rogozinski, con participaci\u00f3n de alumnos de nivel terciario, dirigido a alumnos de primer ciclo. Realizaci\u00f3n de actividades con frecuencia semanal.<\/p>\n<p>\u00a0<\/p>\n<p><strong>MARZO<\/strong><\/p>\n<p><strong>6 de marzo:<\/strong> Inicio ciclo lectivo 2017.<\/p>\n<p><strong>14 y 15 de marzo:<\/strong> Presentaci\u00f3n de proyectos anuales de grado.<\/p>\n<p><strong>20 de marzo:<\/strong> Reuni\u00f3n de regentes con la supervisi\u00f3n.<\/p>\n<p><strong>23 de marzo:<\/strong> Preparaci\u00f3n y actualizaci\u00f3n de planilla de mitigaci\u00f3n de riesgos.<\/p>\n<p><strong>27 y 28 de marzo:<\/strong> Reuniones de docentes de educaci\u00f3n f\u00edsica con la supervisi\u00f3n de Educaci\u00f3n F\u00edsica. Tercera etapa de promoci\u00f3n acompa\u00f1ada. Seguimiento de alumnos.<\/p>\n<p>\u00a0<\/p>\n<p><strong>FEBRERO<\/strong><\/p>\n<p><strong>15 de febrero:<\/strong> Presentaci\u00f3n del personal docente.<\/p>\n<p><strong>\u00daltima semana de febrero:\u00a0<\/strong>Capacitaci\u00f3n en servicio para los docentes de grado, brindado por el gobierno de la Ciudad de Buenos Aires. Segunda etapa de promoci\u00f3n acompa\u00f1ada. Seguimiento de alumnos.<\/p>\n<p><strong>21 de febrero:<\/strong> Reuni\u00f3n con familias alumnos ingresantes a primer grado.<\/p>\n<p>\u00a0<\/p>","protected":false},"excerpt":{"rendered":"<p>SEPTIEMBRE JUNIO 7 de junio: Visita al museo del ministerio de educaci\u00f3n, cuarto, quinto y sexto, a cargo de la profesora Arguelles. 8 de junio: Visita al museo del ministerio de educaci\u00f3n, cuarto, quinto y sexto, a cargo de la profesora Urlich. 19 de junio: Acto conmemorativo del fallecimiento de Manuel Belgrano. Promesa de lealtad &#8230; <a title=\"Noticias del Nivel Primario\" class=\"read-more\" href=\"https:\/\/ens10-caba.infd.edu.ar\/sitio\/noticias-del-nivel-primario\/\" aria-label=\"More on Noticias del Nivel Primario\">[+]<\/a><\/p>\n","protected":false},"author":74,"featured_media":0,"parent":0,"menu_order":0,"comment_status":"closed","ping_status":"closed","template":"","meta":[],"acf":[],"_links":{"self":[{"href":"https:\/\/ens10-caba.infd.edu.ar\/sitio\/wp-json\/wp\/v2\/pages\/1358"}],"collection":[{"href":"https:\/\/ens10-caba.infd.edu.ar\/sitio\/wp-json\/wp\/v2\/pages"}],"about":[{"href":"https:\/\/ens10-caba.infd.edu.ar\/sitio\/wp-json\/wp\/v2\/types\/page"}],"author":[{"embeddable":true,"href":"https:\/\/ens10-caba.infd.edu.ar\/sitio\/wp-json\/wp\/v2\/users\/74"}],"replies":[{"embeddable":true,"href":"https:\/\/ens10-caba.infd.edu.ar\/sitio\/wp-json\/wp\/v2\/comments?post=1358"}],"version-history":[{"count":6,"href":"https:\/\/ens10-caba.infd.edu.ar\/sitio\/wp-json\/wp\/v2\/pages\/1358\/revisions"}],"predecessor-version":[{"id":4410,"href":"https:\/\/ens10-caba.infd.edu.ar\/sitio\/wp-json\/wp\/v2\/pages\/1358\/revisions\/4410"}],"wp:attachment":[{"href":"https:\/\/ens10-caba.infd.edu.ar\/sitio\/wp-json\/wp\/v2\/media?parent=1358"}],"curies":[{"name":"wp","href":"https:\/\/api.w.org\/{rel}","templated":true}]}}