{"id":2208,"date":"2020-07-05T11:38:25","date_gmt":"2020-07-05T14:38:25","guid":{"rendered":"https:\/\/ens10-caba.infd.edu.ar\/sitio\/?page_id=2208"},"modified":"2024-02-15T14:24:47","modified_gmt":"2024-02-15T17:24:47","slug":"2do-cuat-2020-talleres-de-practica-pei","status":"publish","type":"page","link":"https:\/\/ens10-caba.infd.edu.ar\/sitio\/2do-cuat-2020-talleres-de-practica-pei\/","title":{"rendered":"1er. Cuat. 2024 Talleres de Pr\u00e1ctica \u2013 PEI"},"content":{"rendered":"<h4 style=\"text-align: center;\">TALLERES DE LA PR\u00c1CTICA 3-4-5-6<\/h4>\n<p><b>PROFESORADO\u00a0DE EDUCACI\u00d3N INICIAL<\/b><\/p>\n<p><b>TALLERES DE LA PR\u00c1CTICA\u00a0 3-4-5-6<\/b><\/p>\n<p><b>PREINSCRIPCI\u00d3N OBLIGATORIA ON LINE\u00a0<\/b><\/p>\n<p><b>1\u00ba CUATRIMESTRE 2024<\/b><\/p>\n<p><b>Del <\/b><b>16 al 22 de febrero<\/b> <b>a las 18 hs<\/b><\/p>\n<p><b>REUNIONES\u00a0INFORMATIVAS PRESENCIALES\u00a0<\/b><\/p>\n<p><span style=\"font-weight: 400;\">TALLER 3 Y 4\u00a0jueves\u00a015 de febrero 2024 18 HS<\/span><\/p>\n<p><span style=\"font-weight: 400;\">TALLER 5 Y 6\u00a0jueves 15 de febrero\u00a02024 19 HS<\/span><\/p>\n<p><span style=\"font-weight: 400;\">Preinscripci\u00f3n OBLIGATORIA a los talleres 3, 4, 5 Y 6 del 16 al 22\/2 completando el siguiente formulario Link : <\/span><span style=\"font-weight: 400;\">\u00a0<\/span><a href=\"https:\/\/forms.gle\/1hZGBGamLjkAcaNYA\"><span style=\"font-weight: 400;\">https:\/\/forms.gle\/1hZGBGamLjkAcaNYA<\/span><\/a><span style=\"font-weight: 400;\"> (se habilita a partir del 16\/2\/2024)<\/span><\/p>\n<p><b>Importante: El formulario habilitar\u00e1 la inscripci\u00f3n a una sola opci\u00f3n de taller publicado.<\/b><\/p>\n<p><b>LA CONFIRMACI\u00d3N DE VACANTE SE REALIZAR\u00c1 DE MANERA PRESENCIAL DE ACUERDO AL SIGUIENTE CRONOGRAMA<\/b><\/p>\n<p><b>JUEVES 29 DE FEBRERO\u00a02024<\/b><\/p>\n<p><b>Taller 6 de ambos turnos: 18 HS<\/b><\/p>\n<p><b>Taller 5 de ambos turnos: 18:30\u00a0HS<\/b><\/p>\n<p><b>Taller 4 de ambos turnos: 19 HS<\/b><\/p>\n<p><b>Taller 3 de ambos turnos: 19.30 HS<\/b><\/p>\n<p><span style=\"font-weight: 400;\">De no poder asistir, la vacante puede ser confirmada por cualquier persona autorizada<\/span><\/p>\n<table>\n<tbody>\n<tr>\n<td><\/td>\n<td><\/td>\n<\/tr>\n<\/tbody>\n<\/table>\n<p>Loreta y Ana<\/p>\n<p><strong class=\"gmail_sendername\" dir=\"auto\">Coordinaci\u00f3n Pr\u00e1cticas Inicial N10<\/strong>\u00a0<span dir=\"auto\">&lt;<a href=\"mailto:coordinacionpracticasn10@gmail.com\" target=\"_blank\" rel=\"noopener\">coordinacionpracticasn10@<wbr \/>gmail.com<\/a>&gt;<\/span><\/p>\n","protected":false},"excerpt":{"rendered":"<p>TALLERES DE LA PR\u00c1CTICA 3-4-5-6 PROFESORADO\u00a0DE EDUCACI\u00d3N INICIAL TALLERES DE LA PR\u00c1CTICA\u00a0 3-4-5-6 PREINSCRIPCI\u00d3N OBLIGATORIA ON LINE\u00a0 1\u00ba CUATRIMESTRE 2024 Del 16 al 22 de febrero a las 18 hs REUNIONES\u00a0INFORMATIVAS PRESENCIALES\u00a0 TALLER 3 Y 4\u00a0jueves\u00a015 de febrero 2024 18 HS TALLER 5 Y 6\u00a0jueves 15 de febrero\u00a02024 19 HS Preinscripci\u00f3n OBLIGATORIA a los talleres &#8230; <a title=\"1er. Cuat. 2024 Talleres de Pr\u00e1ctica \u2013 PEI\" class=\"read-more\" href=\"https:\/\/ens10-caba.infd.edu.ar\/sitio\/2do-cuat-2020-talleres-de-practica-pei\/\" aria-label=\"More on 1er. Cuat. 2024 Talleres de Pr\u00e1ctica \u2013 PEI\">[+]<\/a><\/p>\n","protected":false},"author":2976,"featured_media":0,"parent":0,"menu_order":0,"comment_status":"closed","ping_status":"closed","template":"","meta":[],"acf":[],"_links":{"self":[{"href":"https:\/\/ens10-caba.infd.edu.ar\/sitio\/wp-json\/wp\/v2\/pages\/2208"}],"collection":[{"href":"https:\/\/ens10-caba.infd.edu.ar\/sitio\/wp-json\/wp\/v2\/pages"}],"about":[{"href":"https:\/\/ens10-caba.infd.edu.ar\/sitio\/wp-json\/wp\/v2\/types\/page"}],"author":[{"embeddable":true,"href":"https:\/\/ens10-caba.infd.edu.ar\/sitio\/wp-json\/wp\/v2\/users\/2976"}],"replies":[{"embeddable":true,"href":"https:\/\/ens10-caba.infd.edu.ar\/sitio\/wp-json\/wp\/v2\/comments?post=2208"}],"version-history":[{"count":11,"href":"https:\/\/ens10-caba.infd.edu.ar\/sitio\/wp-json\/wp\/v2\/pages\/2208\/revisions"}],"predecessor-version":[{"id":3768,"href":"https:\/\/ens10-caba.infd.edu.ar\/sitio\/wp-json\/wp\/v2\/pages\/2208\/revisions\/3768"}],"wp:attachment":[{"href":"https:\/\/ens10-caba.infd.edu.ar\/sitio\/wp-json\/wp\/v2\/media?parent=2208"}],"curies":[{"name":"wp","href":"https:\/\/api.w.org\/{rel}","templated":true}]}}