{"id":286,"date":"2016-10-31T13:17:59","date_gmt":"2016-10-31T16:17:59","guid":{"rendered":"https:\/\/ens10-caba.infd.edu.ar\/sitio\/?page_id=286"},"modified":"2026-03-20T10:42:06","modified_gmt":"2026-03-20T13:42:06","slug":"inicio","status":"publish","type":"page","link":"https:\/\/ens10-caba.infd.edu.ar\/sitio\/","title":{"rendered":"Inicio"},"content":{"rendered":"\n<div style=\"height:6px\" aria-hidden=\"true\" class=\"wp-block-spacer\"><\/div>\n\n\n<form role=\"search\" method=\"get\" action=\"https:\/\/ens10-caba.infd.edu.ar\/sitio\/\" class=\"wp-block-search__button-outside wp-block-search__text-button alignright wp-block-search\"><label for=\"wp-block-search__input-1\" class=\"wp-block-search__label\" >Buscar en la web<\/label><div class=\"wp-block-search__inside-wrapper \"  style=\"width: 426px\"><input type=\"search\" id=\"wp-block-search__input-1\" class=\"wp-block-search__input\" name=\"s\" value=\"\" placeholder=\"\"  required \/><button type=\"submit\" class=\"wp-block-search__button wp-element-button\"  >Buscar<\/button><\/div><\/form>\n\n\n<div style=\"height:6px\" aria-hidden=\"true\" class=\"wp-block-spacer\"><\/div>\n\n\n\n<h2 class=\"wp-block-heading has-text-align-center\">Nuestros niveles <\/h2>\n\n\n\n<div class=\"wp-block-columns alignwide is-layout-flex wp-container-5\">\n<div class=\"wp-block-column is-layout-flow\"><div class=\"wp-block-image\">\n<figure class=\"aligncenter size-full\"><a href=\"https:\/\/ens10-caba.infd.edu.ar\/sitio\/nivel-inicial\/\"><img decoding=\"async\" loading=\"lazy\" width=\"600\" height=\"600\" src=\"https:\/\/ens10-caba.infd.edu.ar\/sitio\/wp-content\/uploads\/2024\/05\/1.png\" alt=\"\" class=\"wp-image-4072\" srcset=\"https:\/\/ens10-caba.infd.edu.ar\/sitio\/wp-content\/uploads\/2024\/05\/1.png 600w, https:\/\/ens10-caba.infd.edu.ar\/sitio\/wp-content\/uploads\/2024\/05\/1-500x500.png 500w\" sizes=\"(max-width: 600px) 100vw, 600px\" \/><\/a><\/figure><\/div><\/div>\n\n\n\n<div class=\"wp-block-column is-layout-flow\">\n<figure class=\"wp-block-image size-full\"><a href=\"https:\/\/ens10-caba.infd.edu.ar\/sitio\/nivel-primario-dpto-aplicacion\/\"><img decoding=\"async\" loading=\"lazy\" width=\"600\" height=\"600\" src=\"https:\/\/ens10-caba.infd.edu.ar\/sitio\/wp-content\/uploads\/2024\/05\/2.png\" alt=\"\" class=\"wp-image-4073\" srcset=\"https:\/\/ens10-caba.infd.edu.ar\/sitio\/wp-content\/uploads\/2024\/05\/2.png 600w, https:\/\/ens10-caba.infd.edu.ar\/sitio\/wp-content\/uploads\/2024\/05\/2-500x500.png 500w\" sizes=\"(max-width: 600px) 100vw, 600px\" \/><\/a><\/figure>\n<\/div>\n\n\n\n<div class=\"wp-block-column is-layout-flow\"><div class=\"wp-block-image\">\n<figure class=\"aligncenter size-full\"><a href=\"https:\/\/ens10-caba.infd.edu.ar\/sitio\/nivel-medio\/\"><img decoding=\"async\" loading=\"lazy\" width=\"600\" height=\"600\" src=\"https:\/\/ens10-caba.infd.edu.ar\/sitio\/wp-content\/uploads\/2024\/05\/3.png\" alt=\"\" class=\"wp-image-4074\" srcset=\"https:\/\/ens10-caba.infd.edu.ar\/sitio\/wp-content\/uploads\/2024\/05\/3.png 600w, https:\/\/ens10-caba.infd.edu.ar\/sitio\/wp-content\/uploads\/2024\/05\/3-500x500.png 500w\" sizes=\"(max-width: 600px) 100vw, 600px\" \/><\/a><\/figure><\/div><\/div>\n<\/div>\n\n\n\n<div style=\"height:13px\" aria-hidden=\"true\" class=\"wp-block-spacer\"><\/div>\n\n\n\n<h2 class=\"wp-block-heading has-text-align-center\">Ingreso a los profesorados<\/h2>\n\n\n\n<div style=\"height:13px\" aria-hidden=\"true\" class=\"wp-block-spacer\"><\/div>\n\n\n\n<div class=\"wp-block-media-text is-stacked-on-mobile\" style=\"grid-template-columns:45% auto\"><figure class=\"wp-block-media-text__media\"><a href=\"https:\/\/ens10-caba.infd.edu.ar\/sitio\/nivel-terciario\/\"><img decoding=\"async\" loading=\"lazy\" width=\"600\" height=\"600\" src=\"https:\/\/ens10-caba.infd.edu.ar\/sitio\/wp-content\/uploads\/2024\/05\/4.png\" alt=\"\" class=\"wp-image-4078 size-full\" srcset=\"https:\/\/ens10-caba.infd.edu.ar\/sitio\/wp-content\/uploads\/2024\/05\/4.png 600w, https:\/\/ens10-caba.infd.edu.ar\/sitio\/wp-content\/uploads\/2024\/05\/4-500x500.png 500w\" sizes=\"(max-width: 600px) 100vw, 600px\" \/><\/a><\/figure><div class=\"wp-block-media-text__content\">\n<pre class=\"wp-block-preformatted\"><strong>El primer paso hacia tu futuro como docente<\/strong><\/pre>\n\n\n\n<p><strong>La Escuela Normal Superior N\u00b010 \u00abJuan Bautista Alberdi\u00bb<\/strong> te invita a descubrir su Nivel Terciario, donde podr\u00e1s convertirte en un docente de excelencia en las \u00e1reas de <strong>Educaci\u00f3n Inicial y Educaci\u00f3n Primaria.<\/strong><\/p>\n\n\n\n<p><strong>T\u00edtulos oficiales:<\/strong><\/p>\n\n\n\n<ul>\n<li><a href=\"https:\/\/ens10-caba.infd.edu.ar\/sitio\/profesorado-en-educacion-inicial\/\" data-type=\"URL\" data-id=\"https:\/\/ens10-caba.infd.edu.ar\/sitio\/profesorado-en-educacion-inicial\/\" target=\"_blank\" rel=\"noreferrer noopener\">Profesorado de Educaci\u00f3n Inicial <\/a><\/li>\n<\/ul>\n\n\n\n<ul>\n<li><a href=\"https:\/\/ens10-caba.infd.edu.ar\/sitio\/profesorado-en-educacion-primaria\/\" data-type=\"URL\" data-id=\"https:\/\/ens10-caba.infd.edu.ar\/sitio\/profesorado-en-educacion-primaria\/\" target=\"_blank\" rel=\"noreferrer noopener\">Profesorado de Educaci\u00f3n Primaria.<\/a><\/li>\n<\/ul>\n\n\n\n<p><strong>Formaci\u00f3n integral:<\/strong> Desarrollar\u00e1s las competencias necesarias para brindar una educaci\u00f3n de calidad a los ni\u00f1os, fomentando su aprendizaje y crecimiento personal.<\/p>\n\n\n\n<div class=\"wp-block-buttons is-layout-flex\">\n<div class=\"wp-block-button is-style-fill\"><a class=\"wp-block-button__link wp-element-button\" href=\"https:\/\/ens10-caba.infd.edu.ar\/sitio\/inscripcion-a-la-carrera-pep-y-pei\/\">Inscribirme<\/a><\/div>\n\n\n\n<div class=\"wp-block-button is-style-fill\"><a class=\"wp-block-button__link wp-element-button\" href=\"https:\/\/api.whatsapp.com\/send\/?phone=5491170641066&amp;text=Hola%2C+quiero+consultar+por+la+inscripci%C3%B3n+a+los+profesorados&amp;type=phone_number&amp;app_absent=0\" target=\"_blank\" rel=\"noreferrer noopener\">Escribinos a Whatsapp<\/a><\/div>\n<\/div>\n<\/div><\/div>\n\n\n\n<p class=\"has-text-align-center has-large-font-size\"><strong>Celebramos los 110 a\u00f1os de nuestro Normal 10!<\/strong><\/p>\n\n\n\n<figure class=\"wp-block-embed aligncenter is-type-video is-provider-youtube wp-block-embed-youtube wp-embed-aspect-16-9 wp-has-aspect-ratio\"><div class=\"wp-block-embed__wrapper\">\n<iframe loading=\"lazy\" title=\"Celebramos los 110 a\u00f1os del E. N. S. N\u00ba 10 &quot;Juan Bautista Alberdi&quot;\" width=\"1200\" height=\"675\" src=\"https:\/\/www.youtube.com\/embed\/f-CZPHi1cIs?feature=oembed\" frameborder=\"0\" allow=\"accelerometer; autoplay; clipboard-write; encrypted-media; gyroscope; picture-in-picture; web-share\" referrerpolicy=\"strict-origin-when-cross-origin\" allowfullscreen><\/iframe>\n<\/div><\/figure>\n\n\n\n<div style=\"height:8px\" aria-hidden=\"true\" class=\"wp-block-spacer\"><\/div>\n\n\n\n<p><\/p>\n","protected":false},"excerpt":{"rendered":"<p>Nuestros niveles Ingreso a los profesorados Celebramos los 110 a\u00f1os de nuestro Normal 10!<\/p>\n","protected":false},"author":3017,"featured_media":0,"parent":0,"menu_order":0,"comment_status":"closed","ping_status":"closed","template":"","meta":[],"acf":[],"_links":{"self":[{"href":"https:\/\/ens10-caba.infd.edu.ar\/sitio\/wp-json\/wp\/v2\/pages\/286"}],"collection":[{"href":"https:\/\/ens10-caba.infd.edu.ar\/sitio\/wp-json\/wp\/v2\/pages"}],"about":[{"href":"https:\/\/ens10-caba.infd.edu.ar\/sitio\/wp-json\/wp\/v2\/types\/page"}],"author":[{"embeddable":true,"href":"https:\/\/ens10-caba.infd.edu.ar\/sitio\/wp-json\/wp\/v2\/users\/3017"}],"replies":[{"embeddable":true,"href":"https:\/\/ens10-caba.infd.edu.ar\/sitio\/wp-json\/wp\/v2\/comments?post=286"}],"version-history":[{"count":437,"href":"https:\/\/ens10-caba.infd.edu.ar\/sitio\/wp-json\/wp\/v2\/pages\/286\/revisions"}],"predecessor-version":[{"id":4799,"href":"https:\/\/ens10-caba.infd.edu.ar\/sitio\/wp-json\/wp\/v2\/pages\/286\/revisions\/4799"}],"wp:attachment":[{"href":"https:\/\/ens10-caba.infd.edu.ar\/sitio\/wp-json\/wp\/v2\/media?parent=286"}],"curies":[{"name":"wp","href":"https:\/\/api.w.org\/{rel}","templated":true}]}}