{"id":3040,"date":"2022-04-02T20:02:50","date_gmt":"2022-04-02T23:02:50","guid":{"rendered":"https:\/\/ens10-caba.infd.edu.ar\/sitio\/?page_id=3040"},"modified":"2024-06-06T19:57:13","modified_gmt":"2024-06-06T22:57:13","slug":"novedades-secundaria","status":"publish","type":"page","link":"https:\/\/ens10-caba.infd.edu.ar\/sitio\/nivel-medio\/novedades-secundaria\/","title":{"rendered":""},"content":{"rendered":"<div class=\"wp-block-image\">\n<figure class=\"aligncenter\"><img decoding=\"async\" src=\"https:\/\/ens10-caba.infd.edu.ar\/sitio\/wp-content\/uploads\/2022\/02\/escudo_n10_.png\" alt=\"La imagen tiene un atributo ALT vac\u00c3\u00ado; su nombre de archivo es escudo_n10_.png\"\/><\/figure><\/div>\n\n\n<div class=\"wp-block-columns is-layout-flex wp-container-2\">\n<div class=\"wp-block-column is-layout-flow\" style=\"flex-basis:100%\">\n<p class=\"has-text-align-center\"><mark style=\"background-color:rgba(0, 0, 0, 0)\" class=\"has-inline-color has-accent-color\"><strong>ENS N\u00ba 10 &#8211; \u00abJ. B. Alberdi\u00bb<\/strong><\/mark><\/p>\n<\/div>\n<\/div>\n\n\n\n<h2 class=\"wp-block-heading has-text-align-center\"><strong><mark style=\"background-color:rgba(0, 0, 0, 0)\" class=\"has-inline-color has-accent-color\">MATERIAS ADEUDADAS<\/mark><\/strong><\/h2>\n\n\n\n<h2 class=\"wp-block-heading has-text-align-center\"><strong><mark style=\"background-color:rgba(0, 0, 0, 0)\" class=\"has-inline-color has-accent-color\">&#8211; NIVEL SECUNDARIO &#8211;<\/mark><\/strong><\/h2>\n\n\n\n<p class=\"has-text-align-center\"><strong><u>Informamos que a partir de este ciclo lectivo 2024, ya no habr\u00e1n turnos de ex\u00e1menes de materias previas.<\/u><\/strong><\/p>\n\n\n\n<p class=\"has-text-align-center has-accent-color has-text-color has-medium-font-size\"><strong>Toda materia adeudada deber\u00e1 acreditarse a trav\u00e9s de alg\u00fan programa de acompa\u00f1amiento.<\/strong><\/p>\n\n\n\n<p class=\"has-text-align-center has-medium-font-size\">Para recibir informaci\u00f3n sobre los programas disponibles,\u00a0por favor comunicarse al correo de la Vicedirecci\u00f3n del Nivel Medio aclarando\u00a0nombre, apellido, curso al que pertenec\u00eda y a\u00f1o de egreso:\u00a0<\/p>\n\n\n\n<p class=\"has-text-align-center has-medium-font-size\"><a rel=\"noreferrer noopener\" href=\"mailto:ens10_vicedireccion@bue.edu.ar\" target=\"_blank\">ens10_vicedireccion@bue.edu.ar<\/a><\/p>\n\n\n\n<p class=\"has-text-align-center\"><\/p>\n\n\n\n<p>&#8212;&#8212;&#8212;&#8212;&#8212;&#8212;&#8212;&#8212;&#8212;&#8212;&#8212;&#8212;&#8212;&#8212;&#8212;&#8212;&#8212;&#8212;&#8212;&#8212;&#8212;&#8212;&#8212;&#8212;&#8212;&#8212;&#8212;&#8212;&#8212;&#8212;&#8212;&#8212;&#8212;&#8212;&#8212;&#8212;&#8212;&#8212;&#8212;&#8212;&#8212;&#8212;&#8212;&#8212;&#8212;&#8212;&#8212;&#8212;&#8212;&#8212;&#8212;&#8212;&#8212;&#8212;&#8212;&#8212;&#8212;&#8212;&#8212;&#8212;&#8212;&#8212;&#8212;&#8212;&#8212;&#8212;&#8212;&#8212;&#8212;&#8212;&#8212;&#8212;-<\/p>\n\n\n\n<p><\/p>\n\n\n\n<p><\/p>\n","protected":false},"excerpt":{"rendered":"<p>ENS N\u00ba 10 &#8211; \u00abJ. B. Alberdi\u00bb MATERIAS ADEUDADAS &#8211; NIVEL SECUNDARIO &#8211; Informamos que a partir de este ciclo lectivo 2024, ya no habr\u00e1n turnos de ex\u00e1menes de materias previas. Toda materia adeudada deber\u00e1 acreditarse a trav\u00e9s de alg\u00fan programa de acompa\u00f1amiento. Para recibir informaci\u00f3n sobre los programas disponibles,\u00a0por favor comunicarse al correo de &#8230; <a title=\"\" class=\"read-more\" href=\"https:\/\/ens10-caba.infd.edu.ar\/sitio\/nivel-medio\/novedades-secundaria\/\" aria-label=\"More on \">[+]<\/a><\/p>\n","protected":false},"author":3017,"featured_media":0,"parent":1198,"menu_order":0,"comment_status":"closed","ping_status":"closed","template":"","meta":[],"acf":[],"_links":{"self":[{"href":"https:\/\/ens10-caba.infd.edu.ar\/sitio\/wp-json\/wp\/v2\/pages\/3040"}],"collection":[{"href":"https:\/\/ens10-caba.infd.edu.ar\/sitio\/wp-json\/wp\/v2\/pages"}],"about":[{"href":"https:\/\/ens10-caba.infd.edu.ar\/sitio\/wp-json\/wp\/v2\/types\/page"}],"author":[{"embeddable":true,"href":"https:\/\/ens10-caba.infd.edu.ar\/sitio\/wp-json\/wp\/v2\/users\/3017"}],"replies":[{"embeddable":true,"href":"https:\/\/ens10-caba.infd.edu.ar\/sitio\/wp-json\/wp\/v2\/comments?post=3040"}],"version-history":[{"count":20,"href":"https:\/\/ens10-caba.infd.edu.ar\/sitio\/wp-json\/wp\/v2\/pages\/3040\/revisions"}],"predecessor-version":[{"id":4119,"href":"https:\/\/ens10-caba.infd.edu.ar\/sitio\/wp-json\/wp\/v2\/pages\/3040\/revisions\/4119"}],"up":[{"embeddable":true,"href":"https:\/\/ens10-caba.infd.edu.ar\/sitio\/wp-json\/wp\/v2\/pages\/1198"}],"wp:attachment":[{"href":"https:\/\/ens10-caba.infd.edu.ar\/sitio\/wp-json\/wp\/v2\/media?parent=3040"}],"curies":[{"name":"wp","href":"https:\/\/api.w.org\/{rel}","templated":true}]}}