{"id":4007,"date":"2024-05-22T20:25:49","date_gmt":"2024-05-22T23:25:49","guid":{"rendered":"https:\/\/ens10-caba.infd.edu.ar\/sitio\/?page_id=4007"},"modified":"2025-05-20T18:58:28","modified_gmt":"2025-05-20T21:58:28","slug":"legalizacion-del-titulo-de-nivel-medio","status":"publish","type":"page","link":"https:\/\/ens10-caba.infd.edu.ar\/sitio\/legalizacion-del-titulo-de-nivel-medio\/","title":{"rendered":"Legalizaci\u00f3n del T\u00edtulo de Nivel Medio"},"content":{"rendered":"\n<p><strong><u>T\u00edtulos a partir de 2010<\/u><\/strong> provenientes de escuelas del GCBA y de escuelas de otra jurisdicci\u00f3n: <strong>NO<\/strong> necesitan realizar ning\u00fan tr\u00e1mite.<\/p>\n\n\n\n<p><strong><u>T\u00edtulos anteriores al 01\/01\/2010<\/u>:<\/strong><\/p>\n\n\n\n<ul>\n<li>Si proviene de escuelas pertenecientes al GCBA: NO necesitan realizar ning\u00fan tr\u00e1mite.<\/li>\n\n\n\n<li>Si proviene de escuelas de otra jurisdicci\u00f3n (no pertenecientes al GCBA): deben estar legalizados por la autoridad educativa jurisdiccional y por el Ministerio del Interior, Obras P\u00fablicas y Vivienda.<\/li>\n\n\n\n<li><a href=\"https:\/\/www.argentina.gob.ar\/servicio\/legalizar-documentos-publicos\" data-type=\"URL\" data-id=\"https:\/\/www.argentina.gob.ar\/servicio\/legalizar-documentos-publicos\" target=\"_blank\" rel=\"noreferrer noopener\">Instructivo para legalizar<\/a><\/li>\n<\/ul>\n\n\n\n<p><strong><u>T\u00edtulos extranjeros<\/u>:<\/strong><\/p>\n\n\n\n<p>Las firmas de todo t\u00edtulo extranjero deben estar legalizadas por:<\/p>\n\n\n\n<ul>\n<li>Ministerio de Educaci\u00f3n del pa\u00eds que lo otorga y Canciller\u00eda del mismo<\/li>\n<\/ul>\n\n\n\n<p>Estas ser\u00e1n apostilladas (certificadas) por:<\/p>\n\n\n\n<ul>\n<li>Haya (pueden estar en Franc\u00e9s o Portugu\u00e9s) o Consulado Argentino<\/li>\n<\/ul>\n\n\n\n<p>En Argentina se presentan en<\/p>\n\n\n\n<ul>\n<li><a href=\"https:\/\/www.argentina.gob.ar\/educacion\/tramites\/convalidar-titulo-secundario-de-paises-con-convenio\" data-type=\"URL\" data-id=\"https:\/\/www.argentina.gob.ar\/educacion\/tramites\/convalidar-titulo-secundario-de-paises-con-convenio\">Instructivo para convalidar t\u00edtulo secundario de pa\u00edses con convenio con Argentina <\/a><\/li>\n<\/ul>\n\n\n\n<ul>\n<li><a rel=\"noreferrer noopener\" href=\"https:\/\/www.argentina.gob.ar\/educacion\/tramites\/reconocer-titulo-secundario-de-paises-sin-convenio\" data-type=\"URL\" data-id=\"https:\/\/www.argentina.gob.ar\/educacion\/tramites\/reconocer-titulo-secundario-de-paises-sin-convenio\" target=\"_blank\">Instructivo para reconocimiento de t\u00edtulo secundario de pa\u00edses sin convenio con Argentina<\/a><\/li>\n<\/ul>\n\n\n\n<p><\/p>\n","protected":false},"excerpt":{"rendered":"<p>T\u00edtulos a partir de 2010 provenientes de escuelas del GCBA y de escuelas de otra jurisdicci\u00f3n: NO necesitan realizar ning\u00fan tr\u00e1mite. T\u00edtulos anteriores al 01\/01\/2010: T\u00edtulos extranjeros: Las firmas de todo t\u00edtulo extranjero deben estar legalizadas por: Estas ser\u00e1n apostilladas (certificadas) por: En Argentina se presentan en<\/p>\n","protected":false},"author":3017,"featured_media":0,"parent":0,"menu_order":0,"comment_status":"closed","ping_status":"closed","template":"","meta":[],"acf":[],"_links":{"self":[{"href":"https:\/\/ens10-caba.infd.edu.ar\/sitio\/wp-json\/wp\/v2\/pages\/4007"}],"collection":[{"href":"https:\/\/ens10-caba.infd.edu.ar\/sitio\/wp-json\/wp\/v2\/pages"}],"about":[{"href":"https:\/\/ens10-caba.infd.edu.ar\/sitio\/wp-json\/wp\/v2\/types\/page"}],"author":[{"embeddable":true,"href":"https:\/\/ens10-caba.infd.edu.ar\/sitio\/wp-json\/wp\/v2\/users\/3017"}],"replies":[{"embeddable":true,"href":"https:\/\/ens10-caba.infd.edu.ar\/sitio\/wp-json\/wp\/v2\/comments?post=4007"}],"version-history":[{"count":2,"href":"https:\/\/ens10-caba.infd.edu.ar\/sitio\/wp-json\/wp\/v2\/pages\/4007\/revisions"}],"predecessor-version":[{"id":4564,"href":"https:\/\/ens10-caba.infd.edu.ar\/sitio\/wp-json\/wp\/v2\/pages\/4007\/revisions\/4564"}],"wp:attachment":[{"href":"https:\/\/ens10-caba.infd.edu.ar\/sitio\/wp-json\/wp\/v2\/media?parent=4007"}],"curies":[{"name":"wp","href":"https:\/\/api.w.org\/{rel}","templated":true}]}}