{"id":4134,"date":"2024-06-24T19:33:54","date_gmt":"2024-06-24T22:33:54","guid":{"rendered":"https:\/\/ens10-caba.infd.edu.ar\/sitio\/?page_id=4134"},"modified":"2026-02-19T20:26:59","modified_gmt":"2026-02-19T23:26:59","slug":"campo-de-las-practicas-profesionales-pep-y-pei","status":"publish","type":"page","link":"https:\/\/ens10-caba.infd.edu.ar\/sitio\/campo-de-las-practicas-profesionales-pep-y-pei\/","title":{"rendered":""},"content":{"rendered":"\n<p><\/p>\n\n\n\n<p><\/p>\n\n\n\n<h2 class=\"wp-block-heading has-text-align-center\">CAMPO DE LAS PR\u00c1CTICAS PROFESIONALES<br>1\u00ba CUATRIMESTRE 2026<\/h2>\n\n\n\n<p class=\"has-text-align-center has-medium-font-size\"><strong>REUNI\u00d3N INFORMATIVA&nbsp; &nbsp;<\/strong><\/p>\n\n\n\n<p class=\"has-text-align-center has-accent-color has-text-color\"><strong>JUEVES 19 DE FEBRERO<\/strong><\/p>\n\n\n\n<p><strong>Tem\u00e1ticas a desarrollar durante el encuentro: <\/strong>presentaci\u00f3n general de cada taller: correlatividades, modalidad de cursada, tiempos, acreditaci\u00f3n, evaluaci\u00f3n. Dispositivo de fortalecimiento (obligatorio para quienes desaprobaron dos veces un mismo taller): modalidad de cursada y acreditaci\u00f3n&nbsp;<\/p>\n\n\n\n<pre class=\"wp-block-preformatted\"><strong>Profesorado de Educaci\u00f3n Primaria<\/strong><\/pre>\n\n\n\n<p>18 hs TALLER 5 Y 6<\/p>\n\n\n\n<p>18.45 HS a 19.30 hs TALLER 3 Y 4<\/p>\n\n\n\n<p>19.30&nbsp; HS a 20.15 hs TALLER 1 Y 2<\/p>\n\n\n\n<p>Link : <a href=\"https:\/\/meet.google.com\/hwg-hcps-xwj\">https:\/\/meet.google.com\/hwg-hcps-xwj<\/a><\/p>\n\n\n\n<p>Modalidad<strong> VIRTUAL<\/strong><\/p>\n\n\n\n<pre class=\"wp-block-preformatted\"><strong>Profesorado de Educaci\u00f3n Inicial<\/strong><\/pre>\n\n\n\n<p>18.30 hs Reuni\u00f3n conjunta para todos los talleres<\/p>\n\n\n\n<p>Link: <a href=\"https:\/\/meet.google.com\/rzn-hhpr-pff\">https:\/\/meet.google.com\/rzn-hhpr-pff<\/a>&nbsp;<\/p>\n\n\n\n<p>Modalidad<strong> VIRTUAL<\/strong><\/p>\n\n\n\n<p class=\"has-text-align-center has-accent-color has-text-color has-large-font-size\"><strong>PREINSCRIPCI\u00d3N EN LINEA TALLERES 3 al 6:&nbsp;<\/strong><\/p>\n\n\n\n<p class=\"has-text-align-center\">&nbsp;<strong>19&nbsp; de FEBRERO (a partir de las 20hs)&nbsp; AL 23 de FEBRERO 2026<\/strong>&nbsp;(<strong>hasta las 18 hs<\/strong>)<\/p>\n\n\n\n<pre class=\"wp-block-preformatted\"><strong>Profesorado de educaci\u00f3n primaria<\/strong><\/pre>\n\n\n\n<ol>\n<li><strong>Talleres 5\/6:<\/strong>&nbsp;<a href=\"https:\/\/forms.gle\/5jCiQWeGNEToBQwr8\">https:\/\/forms.gle\/5jCiQWeGNEToBQwr8<\/a><\/li>\n\n\n\n<li><strong>Talleres 3\/4:<\/strong>&nbsp;<a href=\"https:\/\/forms.gle\/9kLTcRZxsgGaz44V6\">https:\/\/forms.gle\/9kLTcRZxsgGaz44V6<\/a><\/li>\n\n\n\n<li><strong>Talleres 1 y 2:<\/strong>&nbsp;inscripci\u00f3n a trav\u00e9s de la web en fecha a informarse por el campus<\/li>\n\n\n\n<li><strong>Dispositivo de fortalecimiento<\/strong><strong>:<\/strong>&nbsp;<a href=\"https:\/\/forms.gle\/9X9e95yhCXRQeJ928\">https:\/\/forms.gle\/9X9e95yhCXRQeJ928<\/a><\/li>\n<\/ol>\n\n\n\n<pre class=\"wp-block-preformatted\"><strong>Profesorado de educaci\u00f3n inicial<\/strong><\/pre>\n\n\n\n<ul>\n<li><strong>Taller 3 al 6<\/strong><strong>: <\/strong><a href=\"https:\/\/forms.gle\/yQauzo9yvaGEJFm88\"><strong>https:\/\/forms.gle\/yQauzo9yvaGEJFm88<\/strong><\/a><\/li>\n\n\n\n<li><strong>Talleres 1 y 2:<\/strong>&nbsp;inscripci\u00f3n a trav\u00e9s de la web en fecha a informarse por el campus<\/li>\n\n\n\n<li><strong>Dispositivo de fortalecimiento:<\/strong><strong>&nbsp; <\/strong><a href=\"https:\/\/forms.gle\/UtNN9STmSoW5Z9ks5\"><strong>https:\/\/forms.gle\/UtNN9STmSoW5Z9ks5<\/strong><\/a><\/li>\n\n\n\n<li>Para quienes hayan desaprobado dos veces un taller de pr\u00e1cticas, <strong>deber\u00e1n inscribirse al <\/strong><strong>dispositivo de fortalecimiento<\/strong><strong>. El mismo tiene por finalidad acompa\u00f1ar las trayectorias formativas de las\/los estudiantes y facilitar su desempe\u00f1o acad\u00e9mico al momento de realizar las pr\u00e1cticas en instituciones asociadas. Se desarrolla a lo largo del cuatrimestre y debe acreditarse al finalizar el mismo.<\/strong><\/li>\n\n\n\n<li><strong>IMPORTANTE<\/strong>&nbsp;&#8212;&gt; El formulario habilitar\u00e1 la inscripci\u00f3n a una sola opci\u00f3n de taller publicado.<\/li>\n<\/ul>\n\n\n\n<p>&#8212;&#8212;&#8212;&#8212;&#8212;&#8212;&#8212;&#8212;&#8212;&#8212;&#8212;&#8212;&#8212;&#8212;&#8212;&#8212;&#8212;&#8212;&#8212;&#8212;&#8212;&#8212;&#8212;&#8212;&#8212;&#8212;&#8212;&#8212;&#8212;&#8212;&#8212;&#8212;&#8212;&#8212;&#8212;&#8212;&#8212;&#8212;&#8212;&#8212;-<\/p>\n\n\n\n<pre class=\"wp-block-preformatted has-base-3-color has-contrast-2-background-color has-text-color has-background\"><strong>CONFIRMACI\u00d3N DE VACANTES <\/strong>&nbsp;<strong>PEP Y PEI&nbsp;<\/strong><\/pre>\n\n\n\n<p><strong>VIERNES 27 de FEBRERO 2026<\/strong><\/p>\n\n\n\n<p><strong>PRESENCIAL Y OBLIGATORIA<\/strong><\/p>\n\n\n\n<p>(De no poder asistir, la vacante puede ser confirmada por cualquier persona autorizada)<\/p>\n\n\n\n<ul>\n<li><strong>T6:<\/strong>&nbsp;18 HS<\/li>\n\n\n\n<li><strong>T5:<\/strong>&nbsp;18.30 HS<\/li>\n\n\n\n<li><strong>T4:<\/strong>&nbsp;19 HS<\/li>\n\n\n\n<li><strong>T3:<\/strong>&nbsp;19.30 HS<\/li>\n\n\n\n<li><strong>Dispositivos de fortalecimiento:<\/strong>&nbsp;19.30\/20HS<\/li>\n<\/ul>\n\n\n\n<hr class=\"wp-block-separator has-alpha-channel-opacity\"\/>\n\n\n\n<h2 class=\"wp-block-heading has-text-align-center has-accent-color has-base-background-color has-text-color has-background has-medium-font-size\"><strong>EDI CAMPO DE FORMACION DE LAS PR\u00c1CTICAS PROFESIONALES\u00a0<\/strong><\/h2>\n\n\n\n<h2 class=\"wp-block-heading has-text-align-center has-accent-color has-text-color has-medium-font-size\"><strong>PROFESORADO\u00a0DE EDUCACI\u00d3N INICIAL<\/strong><\/h2>\n\n\n\n<p class=\"has-text-align-center has-accent-color has-text-color has-medium-font-size\"><strong>EDI 1 Y EDI 2 PEI<\/strong><\/p>\n\n\n\n<p class=\"has-text-align-left\"><strong>PREINSCRIPCI\u00d3N OBLIGATORIA ON LINE&nbsp;<\/strong><\/p>\n\n\n\n<p class=\"has-text-align-left\"><strong>1\u00ba CUATRIMESTRE 2026<\/strong> &#8211; <strong>Jueves 19 al 23 de Febrero 2026 (cierra a las 18 hs)<\/strong> <\/p>\n\n\n\n<p>Estimada\/os estudiantes del Profesorado de Educaci\u00f3n Inicial les informamos que lanzamos la <strong>PREINSCRIPCI\u00d3N ONLINE OBLIGATORIA PARA LOS EDI 1 Y EDI 2 DEL CFPD<\/strong>. Tienen plazo para completar el formulario, desde el Jueves 19 al 23 de Febrero 2026 a trav\u00e9s del formulario<strong>, <\/strong>ese d\u00eda a las 18hs se cerrar\u00e1 el enlace y ya no podr\u00e1n acceder al mismo.<\/p>\n\n\n\n<p>Posteriormente, les comunicaremos la confirmaci\u00f3n de su inscripci\u00f3n definitiva <em>(esto ser\u00e1 el <\/em><strong>Lunes 27 DE FEBRERO<\/strong><em> <\/em><strong>18hs<\/strong><em>)<\/em> a trav\u00e9s de la publicaci\u00f3n de los listados en la cartelera del Profesorado. Las vacantes se adjudican de acuerdo a la demanda <strong>priorizando el avance de sus trayectorias acad\u00e9micas<\/strong>.<\/p>\n\n\n\n<p>Esta preinscripci\u00f3n on line ser\u00e1 para <strong>TODAS LAS COMISIONES<\/strong> que se ofertar\u00e1n, <strong>tanto en el turno tarde como en el vespertino.&nbsp;<\/strong><\/p>\n\n\n\n<p><strong>Les recordamos que\u2026<\/strong><\/p>\n\n\n\n<p><strong>Para cursar el EDI 1\u00a0\u201cAtenci\u00f3n educativa a la primera infancia: propuestas, modalidades y experiencias<\/strong>\u201d\u00a0deber\u00e1n tener aprobado el Tramo I del CFPD (Talleres 1 y 2) y la materia \u201cProblem\u00e1ticas en la Educaci\u00f3n Inicial\u201d, sin excepci\u00f3n. Si quer\u00e9s contar con m\u00e1s informaci\u00f3n acerca del EDI 1, te dejamos esta <a rel=\"noreferrer noopener\" href=\"https:\/\/docs.google.com\/presentation\/d\/1BrbrQEpt6hDgGqoHRSiZS1gbt7TX0M0V\/edit?usp=sharing&amp;ouid=115582102987212229951&amp;rtpof=true&amp;sd=true\" data-type=\"URL\" data-id=\"https:\/\/docs.google.com\/presentation\/d\/1BrbrQEpt6hDgGqoHRSiZS1gbt7TX0M0V\/edit?usp=sharing&amp;ouid=115582102987212229951&amp;rtpof=true&amp;sd=true\" target=\"_blank\">presentaci\u00f3n<\/a>, es importante que la leas:\u00a0<\/p>\n\n\n\n<p><strong>Para cursar el EDI 2 \u201cLa documentaci\u00f3n narrativa en las Pr\u00e1cticas Docentes\u201d <\/strong>tienen que tener aprobado los Talleres 3 o 4, sin excepci\u00f3n. Si quer\u00e9s contar con m\u00e1s informaci\u00f3n acerca del EDI 2, te dejamos est<a rel=\"noreferrer noopener\" href=\"https:\/\/docs.google.com\/presentation\/d\/1KHt2_D8ins3o2eGfeN0qbfjUmDJ4IatP\/edit?usp=sharing&amp;ouid=115582102987212229951&amp;rtpof=true&amp;sd=true\" data-type=\"URL\" data-id=\"https:\/\/docs.google.com\/presentation\/d\/1KHt2_D8ins3o2eGfeN0qbfjUmDJ4IatP\/edit?usp=sharing&amp;ouid=115582102987212229951&amp;rtpof=true&amp;sd=true\" target=\"_blank\">a presentaci\u00f3n<\/a>, es importante que la leas:\u00a0<\/p>\n\n\n\n<p><strong>ESTOS EDIS NO SON CORRELATIVOS ENTRE S\u00cd, POR ESO, ES VALIOSO QUE ATIENDAS LOS REQUISITOS DE INSCRIPCI\u00d3N DE <\/strong><strong>CADA UNO<\/strong><strong>. PODES CURSARLO EN CUALQUIER ORDEN MIENTRAS CUMPLAS CON LAS EXIGENCIAS SOLICITADAS EN CADA ESPACIO.<\/strong><\/p>\n\n\n\n<p>Es muy importante que lean bien el formulario y <strong>completen <\/strong><strong>UN SOLO<\/strong><strong> FORMULARIO POR ESTUDIANTE.<\/strong>&nbsp;<\/p>\n\n\n\n<p><strong>Una vez confirmada la vacante, se comunicar\u00e1 con Uds. la profesora asignada para darles la bienvenida en el Campus.<\/strong><\/p>\n\n\n\n<p><strong>Pasos para la preinscripci\u00f3n online:<\/strong><\/p>\n\n\n\n<p>Completar formulario\u00a0a trav\u00e9s de este <a rel=\"noreferrer noopener\" href=\"https:\/\/forms.gle\/Er6H2DyYM97sYBbx9\" data-type=\"URL\" data-id=\"https:\/\/forms.gle\/Er6H2DyYM97sYBbx9\" target=\"_blank\">link<\/a><\/p>\n\n\n\n<p>V\u00eda de contacto para cualquier informaci\u00f3n <strong>exclusivamente centrada a los EDI CFPD PEI<\/strong>: <a href=\"mailto:silvia.macchi@bue.edu.ar\"><strong>silvia.macchi@bue.edu.ar<\/strong><\/a> Escribir en el mail bajo <strong>ASUNTO: Preinscripci\u00f3n on line EDI 2026<\/strong>&nbsp;<\/p>\n","protected":false},"excerpt":{"rendered":"<p>CAMPO DE LAS PR\u00c1CTICAS PROFESIONALES1\u00ba CUATRIMESTRE 2026 REUNI\u00d3N INFORMATIVA&nbsp; &nbsp; JUEVES 19 DE FEBRERO Tem\u00e1ticas a desarrollar durante el encuentro: presentaci\u00f3n general de cada taller: correlatividades, modalidad de cursada, tiempos, acreditaci\u00f3n, evaluaci\u00f3n. Dispositivo de fortalecimiento (obligatorio para quienes desaprobaron dos veces un mismo taller): modalidad de cursada y acreditaci\u00f3n&nbsp; Profesorado de Educaci\u00f3n Primaria 18 hs &#8230; <a title=\"\" class=\"read-more\" href=\"https:\/\/ens10-caba.infd.edu.ar\/sitio\/campo-de-las-practicas-profesionales-pep-y-pei\/\" aria-label=\"More on \">[+]<\/a><\/p>\n","protected":false},"author":3017,"featured_media":0,"parent":0,"menu_order":0,"comment_status":"closed","ping_status":"closed","template":"","meta":[],"acf":[],"_links":{"self":[{"href":"https:\/\/ens10-caba.infd.edu.ar\/sitio\/wp-json\/wp\/v2\/pages\/4134"}],"collection":[{"href":"https:\/\/ens10-caba.infd.edu.ar\/sitio\/wp-json\/wp\/v2\/pages"}],"about":[{"href":"https:\/\/ens10-caba.infd.edu.ar\/sitio\/wp-json\/wp\/v2\/types\/page"}],"author":[{"embeddable":true,"href":"https:\/\/ens10-caba.infd.edu.ar\/sitio\/wp-json\/wp\/v2\/users\/3017"}],"replies":[{"embeddable":true,"href":"https:\/\/ens10-caba.infd.edu.ar\/sitio\/wp-json\/wp\/v2\/comments?post=4134"}],"version-history":[{"count":24,"href":"https:\/\/ens10-caba.infd.edu.ar\/sitio\/wp-json\/wp\/v2\/pages\/4134\/revisions"}],"predecessor-version":[{"id":4762,"href":"https:\/\/ens10-caba.infd.edu.ar\/sitio\/wp-json\/wp\/v2\/pages\/4134\/revisions\/4762"}],"wp:attachment":[{"href":"https:\/\/ens10-caba.infd.edu.ar\/sitio\/wp-json\/wp\/v2\/media?parent=4134"}],"curies":[{"name":"wp","href":"https:\/\/api.w.org\/{rel}","templated":true}]}}