{"id":4204,"date":"2024-07-31T17:52:52","date_gmt":"2024-07-31T20:52:52","guid":{"rendered":"https:\/\/ens10-caba.infd.edu.ar\/sitio\/?page_id=4204"},"modified":"2025-02-22T18:27:02","modified_gmt":"2025-02-22T21:27:02","slug":"inscripcion-a-materias-pei","status":"publish","type":"page","link":"https:\/\/ens10-caba.infd.edu.ar\/sitio\/inscripcion-a-materias-pei\/","title":{"rendered":"Inscripci\u00f3n a materias PEI"},"content":{"rendered":"\n<pre class=\"wp-block-preformatted\">1<strong>\u00b0 CUATRIMESTRE 2025 - INSCRIPCI\u00d3N A MATERIAS<\/strong><\/pre>\n\n\n\n<ul>\n<li><strong>CAMPO DE LA FORMACI\u00d3N GENERAL<\/strong>&nbsp;(CFG)&nbsp;<strong>\u2014\u2014&gt;<\/strong>&nbsp;<a href=\"https:\/\/forms.gle\/cbLGPr2xoCBrs6Xk7\" target=\"_blank\" rel=\"noreferrer noopener\">Inscripci\u00f3n materias CFG<\/a><\/li>\n\n\n\n<li><strong>EDI \u2014\u2014&gt;<\/strong><a href=\"https:\/\/forms.gle\/j1HytApkNKTxNhn9A\" target=\"_blank\" rel=\"noreferrer noopener\"><strong>&nbsp;<\/strong>Inscripci\u00f3n EDI clic aqu\u00ed<\/a><\/li>\n\n\n\n<li><strong>PEI &#8212;&#8212;> <\/strong><a href=\"https:\/\/forms.gle\/mJK9xpvBPL8VFWREA\" data-type=\"URL\" data-id=\"https:\/\/forms.gle\/mJK9xpvBPL8VFWREA\" target=\"_blank\" rel=\"noreferrer noopener\">Inscripci\u00f3n materias clic aqu\u00ed<\/a><\/li>\n\n\n\n<li><strong>FORTALECIMIENTO ACAD\u00c9MICO &#8212;&#8212;&gt; <\/strong>Inscripci\u00f3n clic aqu\u00ed<\/li>\n\n\n\n<li><strong>BECAS &#8212;&#8212;&gt; <\/strong>Formulario de inscripci\u00f3n<\/li>\n<\/ul>\n\n\n\n<p><strong>Tener en cuenta al momento de inscribirte:<\/strong><\/p>\n\n\n\n<ul>\n<li>Respet\u00e1 tu d\u00eda de inscripci\u00f3n, si no sab\u00e9s cu\u00e1ndo te toca inscribirte consultalo <a href=\"https:\/\/ens10-caba.infd.edu.ar\/sitio\/agenda-educativa\/\" target=\"_blank\" rel=\"noreferrer noopener\">aqu\u00ed<\/a><\/li>\n\n\n\n<li>Cada clic en las materias que elijas es una vacante que se te asigna, por eso, anotate s\u00f3lo en las materias que sepas que vas a poder cursar.<\/li>\n\n\n\n<li>Revis\u00e1 tu inscripci\u00f3n antes de enviar cada formulario.<\/li>\n<\/ul>\n\n\n\n<p><\/p>\n","protected":false},"excerpt":{"rendered":"<p>1\u00b0 CUATRIMESTRE 2025 &#8211; INSCRIPCI\u00d3N A MATERIAS Tener en cuenta al momento de inscribirte:<\/p>\n","protected":false},"author":3017,"featured_media":0,"parent":0,"menu_order":0,"comment_status":"closed","ping_status":"closed","template":"","meta":[],"acf":[],"_links":{"self":[{"href":"https:\/\/ens10-caba.infd.edu.ar\/sitio\/wp-json\/wp\/v2\/pages\/4204"}],"collection":[{"href":"https:\/\/ens10-caba.infd.edu.ar\/sitio\/wp-json\/wp\/v2\/pages"}],"about":[{"href":"https:\/\/ens10-caba.infd.edu.ar\/sitio\/wp-json\/wp\/v2\/types\/page"}],"author":[{"embeddable":true,"href":"https:\/\/ens10-caba.infd.edu.ar\/sitio\/wp-json\/wp\/v2\/users\/3017"}],"replies":[{"embeddable":true,"href":"https:\/\/ens10-caba.infd.edu.ar\/sitio\/wp-json\/wp\/v2\/comments?post=4204"}],"version-history":[{"count":3,"href":"https:\/\/ens10-caba.infd.edu.ar\/sitio\/wp-json\/wp\/v2\/pages\/4204\/revisions"}],"predecessor-version":[{"id":4475,"href":"https:\/\/ens10-caba.infd.edu.ar\/sitio\/wp-json\/wp\/v2\/pages\/4204\/revisions\/4475"}],"wp:attachment":[{"href":"https:\/\/ens10-caba.infd.edu.ar\/sitio\/wp-json\/wp\/v2\/media?parent=4204"}],"curies":[{"name":"wp","href":"https:\/\/api.w.org\/{rel}","templated":true}]}}