{"id":4211,"date":"2024-07-31T17:56:23","date_gmt":"2024-07-31T20:56:23","guid":{"rendered":"https:\/\/ens10-caba.infd.edu.ar\/sitio\/?page_id=4211"},"modified":"2025-02-22T18:02:01","modified_gmt":"2025-02-22T21:02:01","slug":"inscripcion-a-materias-pep","status":"publish","type":"page","link":"https:\/\/ens10-caba.infd.edu.ar\/sitio\/inscripcion-a-materias-pep\/","title":{"rendered":"Inscripci\u00f3n a materias PEP"},"content":{"rendered":"\n<pre class=\"wp-block-preformatted\"><strong>1\u00b0 CUATRIMESTRE 2025 - INSCRIPCI\u00d3N A MATERIAS<\/strong> <\/pre>\n\n\n\n<ul>\n<li><strong>CAMPO DE LA FORMACI\u00d3N GENERAL<\/strong>\u00a0(CFG)\u00a0<strong>\u2014\u2014><\/strong>\u00a0<u><a href=\"https:\/\/forms.gle\/cbLGPr2xoCBrs6Xk7\" data-type=\"URL\" data-id=\"https:\/\/forms.gle\/cbLGPr2xoCBrs6Xk7\" target=\"_blank\" rel=\"noreferrer noopener\">Inscripci\u00f3n materias CFG<\/a><\/u><\/li>\n\n\n\n<li><strong>EDI \u2014\u2014><\/strong><a href=\"https:\/\/forms.gle\/j1HytApkNKTxNhn9A\" data-type=\"URL\" data-id=\"https:\/\/forms.gle\/j1HytApkNKTxNhn9A\" target=\"_blank\" rel=\"noreferrer noopener\"><strong>\u00a0<\/strong>Inscripci\u00f3n EDI clic aqu\u00ed<\/a><\/li>\n\n\n\n<li><strong>PEP \u2014\u2014>\u00a0<\/strong><a href=\"https:\/\/forms.gle\/9TAv31GSydbvuouQ8\" data-type=\"URL\" data-id=\"https:\/\/forms.gle\/9TAv31GSydbvuouQ8\" target=\"_blank\" rel=\"noreferrer noopener\">Inscripci\u00f3n materias clic aqu\u00ed<\/a><\/li>\n\n\n\n<li><strong>FORTALECIMIENTO ACAD\u00c9MICO \u2014\u2014>\u00a0<\/strong>Inscripci\u00f3n clic aqu\u00ed<\/li>\n\n\n\n<li><strong>BECAS \u2014\u2014>\u00a0<\/strong>Formulario de inscripci\u00f3n<\/li>\n<\/ul>\n\n\n\n<p><strong>Tener en cuenta al momento de inscribirte:<\/strong><\/p>\n\n\n\n<ul>\n<li>Respetar el d\u00eda de inscripci\u00f3n, si no sab\u00e9s cu\u00e1ndo te toca inscribirte consultalo&nbsp;<a href=\"https:\/\/ens10-caba.infd.edu.ar\/sitio\/agenda-educativa\/\" target=\"_blank\" rel=\"noreferrer noopener\">aqu\u00ed<\/a><\/li>\n\n\n\n<li>Cada clic en las materias que elijas es una vacante que se te asigna, por eso, s\u00f3lo&nbsp;<strong>ANOTATE<\/strong>&nbsp;en las materias que sepas que vas a poder cursar.<\/li>\n\n\n\n<li>Revisar inscripci\u00f3n antes de enviar cada formulario.<\/li>\n<\/ul>\n","protected":false},"excerpt":{"rendered":"<p>1\u00b0 CUATRIMESTRE 2025 &#8211; INSCRIPCI\u00d3N A MATERIAS Tener en cuenta al momento de inscribirte:<\/p>\n","protected":false},"author":3017,"featured_media":0,"parent":0,"menu_order":0,"comment_status":"closed","ping_status":"closed","template":"","meta":[],"acf":[],"_links":{"self":[{"href":"https:\/\/ens10-caba.infd.edu.ar\/sitio\/wp-json\/wp\/v2\/pages\/4211"}],"collection":[{"href":"https:\/\/ens10-caba.infd.edu.ar\/sitio\/wp-json\/wp\/v2\/pages"}],"about":[{"href":"https:\/\/ens10-caba.infd.edu.ar\/sitio\/wp-json\/wp\/v2\/types\/page"}],"author":[{"embeddable":true,"href":"https:\/\/ens10-caba.infd.edu.ar\/sitio\/wp-json\/wp\/v2\/users\/3017"}],"replies":[{"embeddable":true,"href":"https:\/\/ens10-caba.infd.edu.ar\/sitio\/wp-json\/wp\/v2\/comments?post=4211"}],"version-history":[{"count":2,"href":"https:\/\/ens10-caba.infd.edu.ar\/sitio\/wp-json\/wp\/v2\/pages\/4211\/revisions"}],"predecessor-version":[{"id":4466,"href":"https:\/\/ens10-caba.infd.edu.ar\/sitio\/wp-json\/wp\/v2\/pages\/4211\/revisions\/4466"}],"wp:attachment":[{"href":"https:\/\/ens10-caba.infd.edu.ar\/sitio\/wp-json\/wp\/v2\/media?parent=4211"}],"curies":[{"name":"wp","href":"https:\/\/api.w.org\/{rel}","templated":true}]}}