{"id":4501,"date":"2025-04-05T22:52:51","date_gmt":"2025-04-06T01:52:51","guid":{"rendered":"https:\/\/ens10-caba.infd.edu.ar\/sitio\/?page_id=4501"},"modified":"2025-06-17T19:57:14","modified_gmt":"2025-06-17T22:57:14","slug":"tramitacion-de-equivalencias","status":"publish","type":"page","link":"https:\/\/ens10-caba.infd.edu.ar\/sitio\/tramitacion-de-equivalencias\/","title":{"rendered":"Tramitaci\u00f3n de Equivalencias"},"content":{"rendered":"\n<p><\/p>\n\n\n\n<pre class=\"wp-block-preformatted\">EQUIVALENCIAS <strong>AUTOM\u00c1TICAS<\/strong><\/pre>\n\n\n\n<p><strong>\u00bfQui\u00e9n puede solicitarla?<\/strong><\/p>\n\n\n\n<ul>\n<li>Egresados del Profesorado de Educaci\u00f3n Inicial (cuyo ingreso a la carrera haya sido desde 2002 en adelante) que est\u00e9n cursando el Profesorado de Educaci\u00f3n Primaria.<\/li>\n<\/ul>\n\n\n\n<ul>\n<li>Egresados del Profesorado de Educaci\u00f3n Primaria (cuyo ingreso a la carrera haya sido desde 2002 en adelante) que est\u00e9n cursando el Profesorado de Educaci\u00f3n Inicial.<\/li>\n<\/ul>\n\n\n\n<p><a rel=\"noreferrer noopener\" href=\"https:\/\/ens10-caba.infd.edu.ar\/sitio\/tramitacion-de-equivalencias-para-egresados-de-normales-e-ies-del-gcba\/\" data-type=\"URL\" data-id=\"https:\/\/ens10-caba.infd.edu.ar\/sitio\/tramitacion-de-equivalencias-para-egresados-de-normales-e-ies-del-gcba\/\" target=\"_blank\">Ver indicaciones para su tramitaci\u00f3n<\/a><\/p>\n\n\n\n<pre class=\"wp-block-preformatted\">EQUIVALENCIAS <strong>POR PRESENTACI\u00d3N DE PROGRAMAS<\/strong><\/pre>\n\n\n\n<p><strong>\u00bfQui\u00e9n puede solicitarla?<\/strong><\/p>\n\n\n\n<p>Alumnos que hayan aprobado materias de carreras en otros institutos de Nivel terciario o<br>universitario cuyos programas sean acordes a los contenidos de las materias de nuestros<br>Profesorados.<\/p>\n\n\n\n<p><a href=\"https:\/\/ens10-caba.infd.edu.ar\/sitio\/tramitacion-de-equivalencias-por-presentacion-deprogramas\/\" data-type=\"URL\" data-id=\"https:\/\/ens10-caba.infd.edu.ar\/sitio\/tramitacion-de-equivalencias-por-presentacion-deprogramas\/\" target=\"_blank\" rel=\"noreferrer noopener\">Ver indicaciones para su tramitaci\u00f3n<\/a><\/p>\n\n\n\n<pre class=\"wp-block-preformatted\"><strong>SOLICITUD DE PROGRAMAS<\/strong><\/pre>\n\n\n\n<p>Para pedir programas de materias aprobadas en la ENS N\u00ba10 segu\u00ed los siguientes pasos:<\/p>\n\n\n\n<p>1) <a href=\"https:\/\/docs.google.com\/spreadsheets\/d\/1ezKExddv-LYXcyUZ0mNj8fKAU71PL23I\/edit?usp=sharing&amp;ouid=105773010312748972413&amp;rtpof=true&amp;sd=true\" data-type=\"URL\" data-id=\"https:\/\/docs.google.com\/spreadsheets\/d\/1ezKExddv-LYXcyUZ0mNj8fKAU71PL23I\/edit?usp=sharing&amp;ouid=105773010312748972413&amp;rtpof=true&amp;sd=true\" target=\"_blank\" rel=\"noreferrer noopener\">Descarg\u00e1 el formulario<\/a> de solicitud de programas<br>2) Complet\u00e1 todos los datos y guard\u00e1 el archivo de esta manera: APELLIDO-NOMBRE-CARRERA<br>3) Envi\u00e1 el archivo a equivalenciasens10@gmail.com<\/p>\n\n\n\n<p>Adjuntar tambi\u00e9n la ficha acad\u00e9mica (pod\u00e9s solicitarla en\u00a0<a rel=\"noreferrer noopener\" href=\"mailto:ens10_bedelia@bue.edu.ar\" target=\"_blank\">ens10_bedelia@bue.edu.ar<\/a>)<\/p>\n\n\n\n<p><\/p>\n\n\n\n<p><\/p>\n","protected":false},"excerpt":{"rendered":"<p>EQUIVALENCIAS AUTOM\u00c1TICAS \u00bfQui\u00e9n puede solicitarla? Ver indicaciones para su tramitaci\u00f3n EQUIVALENCIAS POR PRESENTACI\u00d3N DE PROGRAMAS \u00bfQui\u00e9n puede solicitarla? Alumnos que hayan aprobado materias de carreras en otros institutos de Nivel terciario ouniversitario cuyos programas sean acordes a los contenidos de las materias de nuestrosProfesorados. Ver indicaciones para su tramitaci\u00f3n SOLICITUD DE PROGRAMAS Para pedir programas &#8230; <a title=\"Tramitaci\u00f3n de Equivalencias\" class=\"read-more\" href=\"https:\/\/ens10-caba.infd.edu.ar\/sitio\/tramitacion-de-equivalencias\/\" aria-label=\"More on Tramitaci\u00f3n de Equivalencias\">[+]<\/a><\/p>\n","protected":false},"author":3017,"featured_media":0,"parent":0,"menu_order":0,"comment_status":"closed","ping_status":"closed","template":"","meta":[],"acf":[],"_links":{"self":[{"href":"https:\/\/ens10-caba.infd.edu.ar\/sitio\/wp-json\/wp\/v2\/pages\/4501"}],"collection":[{"href":"https:\/\/ens10-caba.infd.edu.ar\/sitio\/wp-json\/wp\/v2\/pages"}],"about":[{"href":"https:\/\/ens10-caba.infd.edu.ar\/sitio\/wp-json\/wp\/v2\/types\/page"}],"author":[{"embeddable":true,"href":"https:\/\/ens10-caba.infd.edu.ar\/sitio\/wp-json\/wp\/v2\/users\/3017"}],"replies":[{"embeddable":true,"href":"https:\/\/ens10-caba.infd.edu.ar\/sitio\/wp-json\/wp\/v2\/comments?post=4501"}],"version-history":[{"count":5,"href":"https:\/\/ens10-caba.infd.edu.ar\/sitio\/wp-json\/wp\/v2\/pages\/4501\/revisions"}],"predecessor-version":[{"id":4598,"href":"https:\/\/ens10-caba.infd.edu.ar\/sitio\/wp-json\/wp\/v2\/pages\/4501\/revisions\/4598"}],"wp:attachment":[{"href":"https:\/\/ens10-caba.infd.edu.ar\/sitio\/wp-json\/wp\/v2\/media?parent=4501"}],"curies":[{"name":"wp","href":"https:\/\/api.w.org\/{rel}","templated":true}]}}