{"id":4506,"date":"2025-04-05T22:19:34","date_gmt":"2025-04-06T01:19:34","guid":{"rendered":"https:\/\/ens10-caba.infd.edu.ar\/sitio\/?page_id=4506"},"modified":"2025-04-05T23:12:52","modified_gmt":"2025-04-06T02:12:52","slug":"tramitacion-de-equivalencias-para-egresados-de-normales-e-ies-del-gcba","status":"publish","type":"page","link":"https:\/\/ens10-caba.infd.edu.ar\/sitio\/tramitacion-de-equivalencias-para-egresados-de-normales-e-ies-del-gcba\/","title":{"rendered":"Tramitaci\u00f3n de equivalencias para egresados de Normales e IES del GCBA."},"content":{"rendered":"\n<p><strong>\u00bfQui\u00e9n puede solicitarla?<\/strong><\/p>\n\n\n\n<ul>\n<li>Egresados del Profesorado de Educaci\u00f3n Inicial (cuyo ingreso a la carrera haya sido desde 2002 en adelante) que est\u00e9n cursando el Profesorado de Educaci\u00f3n Primaria.<\/li>\n\n\n\n<li>Egresados del Profesorado de Educaci\u00f3n Primaria (cuyo ingreso a la carrera haya sido desde 2002 en adelante) que est\u00e9n cursando el Profesorado de Educaci\u00f3n Inicial.<\/li>\n<\/ul>\n\n\n\n<p><strong>Documentaci\u00f3n a presentar:<br><\/strong>Fotocopia de T\u00edtulo de Profesor\/a de Educaci\u00f3n Inicial\/Primaria (Planes de Estudio desde 2002 en<br>adelante)<\/p>\n\n\n\n<p><strong>\u00bfD\u00f3nde y cu\u00e1ndo solicitar las equivalencias?<br><\/strong>En Secretar\u00eda de lunes a viernes de 14 a 16 hs o de 18 a 20 hs.<br><strong>Per\u00edodo de solicitud:<\/strong> en cualquier momento del a\u00f1o<\/p>\n\n\n\n<p><strong>\u00bfQu\u00e9 materias me otorgan aprobadas?<br><\/strong>Todas las materias del Campo de la Formaci\u00f3n General, Taller 1, EDI obligatorios y optativos (en total<br>4 EDI)<\/p>\n","protected":false},"excerpt":{"rendered":"<p>\u00bfQui\u00e9n puede solicitarla? Documentaci\u00f3n a presentar:Fotocopia de T\u00edtulo de Profesor\/a de Educaci\u00f3n Inicial\/Primaria (Planes de Estudio desde 2002 enadelante) \u00bfD\u00f3nde y cu\u00e1ndo solicitar las equivalencias?En Secretar\u00eda de lunes a viernes de 14 a 16 hs o de 18 a 20 hs.Per\u00edodo de solicitud: en cualquier momento del a\u00f1o \u00bfQu\u00e9 materias me otorgan aprobadas?Todas las materias &#8230; <a title=\"Tramitaci\u00f3n de equivalencias para egresados de Normales e IES del GCBA.\" class=\"read-more\" href=\"https:\/\/ens10-caba.infd.edu.ar\/sitio\/tramitacion-de-equivalencias-para-egresados-de-normales-e-ies-del-gcba\/\" aria-label=\"More on Tramitaci\u00f3n de equivalencias para egresados de Normales e IES del GCBA.\">[+]<\/a><\/p>\n","protected":false},"author":3017,"featured_media":0,"parent":0,"menu_order":0,"comment_status":"closed","ping_status":"closed","template":"","meta":[],"acf":[],"_links":{"self":[{"href":"https:\/\/ens10-caba.infd.edu.ar\/sitio\/wp-json\/wp\/v2\/pages\/4506"}],"collection":[{"href":"https:\/\/ens10-caba.infd.edu.ar\/sitio\/wp-json\/wp\/v2\/pages"}],"about":[{"href":"https:\/\/ens10-caba.infd.edu.ar\/sitio\/wp-json\/wp\/v2\/types\/page"}],"author":[{"embeddable":true,"href":"https:\/\/ens10-caba.infd.edu.ar\/sitio\/wp-json\/wp\/v2\/users\/3017"}],"replies":[{"embeddable":true,"href":"https:\/\/ens10-caba.infd.edu.ar\/sitio\/wp-json\/wp\/v2\/comments?post=4506"}],"version-history":[{"count":2,"href":"https:\/\/ens10-caba.infd.edu.ar\/sitio\/wp-json\/wp\/v2\/pages\/4506\/revisions"}],"predecessor-version":[{"id":4514,"href":"https:\/\/ens10-caba.infd.edu.ar\/sitio\/wp-json\/wp\/v2\/pages\/4506\/revisions\/4514"}],"wp:attachment":[{"href":"https:\/\/ens10-caba.infd.edu.ar\/sitio\/wp-json\/wp\/v2\/media?parent=4506"}],"curies":[{"name":"wp","href":"https:\/\/api.w.org\/{rel}","templated":true}]}}