{"id":4510,"date":"2025-04-05T22:26:11","date_gmt":"2025-04-06T01:26:11","guid":{"rendered":"https:\/\/ens10-caba.infd.edu.ar\/sitio\/?page_id=4510"},"modified":"2025-04-07T17:13:34","modified_gmt":"2025-04-07T20:13:34","slug":"tramitacion-de-equivalencias-por-presentacion-deprogramas","status":"publish","type":"page","link":"https:\/\/ens10-caba.infd.edu.ar\/sitio\/tramitacion-de-equivalencias-por-presentacion-deprogramas\/","title":{"rendered":"TRAMITACI\u00d3N DE EQUIVALENCIAS POR PRESENTACI\u00d3N DE PROGRAMAS"},"content":{"rendered":"\n<p><strong>\u00bfQui\u00e9n puede solicitarla?<\/strong><\/p>\n\n\n\n<p>Alumnos que hayan aprobado materias de carreras en otros institutos de Nivel terciario o<br>universitario cuyos programas sean acordes a los contenidos de las materias de nuestros<br>Profesorados.<\/p>\n\n\n\n<p><strong>Documentaci\u00f3n a presentar:<\/strong><\/p>\n\n\n\n<p>Presentar en formato papel y en formato pdf a: <strong>equivalenciasens10@gmail.com<\/strong><br>1- <a href=\"https:\/\/drive.google.com\/file\/d\/1azctW6qqBZACNCkBI8dgGUit8t3ff6j1\/view?usp=sharing\" data-type=\"URL\" data-id=\"https:\/\/drive.google.com\/file\/d\/1azctW6qqBZACNCkBI8dgGUit8t3ff6j1\/view?usp=sharing\" target=\"_blank\" rel=\"noreferrer noopener\">Solicitud de equivalencias<\/a><br>2- Certificado anal\u00edtico<br>3- Programas foliados de cada una de las materias solicitadas, debidamente autenticadas por la<br>instituci\u00f3n de origen.<\/p>\n\n\n\n<p><strong>\u00bfC\u00f3mo solicitar equivalencias?<\/strong><\/p>\n\n\n\n<p>Para solicitar equivalencias, debes dirigirte a los Coordinadores correspondientes a cada campo,<br>presentando toda la documentaci\u00f3n requerida y el formulario en blanco, el cual completar\u00e1s junto a<br>ellos. Antes de hacerlo, consult\u00e1 en Bedel\u00eda los d\u00edas y horarios de atenci\u00f3n de los Coordinadores.<\/p>\n\n\n\n<p><strong>\u00bfD\u00f3nde y cu\u00e1ndo presentar la documentaci\u00f3n?<br>D\u00f3nde: <\/strong>en Biblioteca<br><strong>Cu\u00e1ndo:<\/strong> Del 1 al 30 de abril de cada a\u00f1o \/ Del 1 al 30 de septiembre de cada a\u00f1o<\/p>\n\n\n\n<p><strong>Consultas: <\/strong>equivalenciasens10@bue.edu.ar<\/p>\n","protected":false},"excerpt":{"rendered":"<p>\u00bfQui\u00e9n puede solicitarla? Alumnos que hayan aprobado materias de carreras en otros institutos de Nivel terciario ouniversitario cuyos programas sean acordes a los contenidos de las materias de nuestrosProfesorados. Documentaci\u00f3n a presentar: Presentar en formato papel y en formato pdf a: equivalenciasens10@gmail.com1- Solicitud de equivalencias2- Certificado anal\u00edtico3- Programas foliados de cada una de las materias &#8230; <a title=\"TRAMITACI\u00d3N DE EQUIVALENCIAS POR PRESENTACI\u00d3N DE PROGRAMAS\" class=\"read-more\" href=\"https:\/\/ens10-caba.infd.edu.ar\/sitio\/tramitacion-de-equivalencias-por-presentacion-deprogramas\/\" aria-label=\"More on TRAMITACI\u00d3N DE EQUIVALENCIAS POR PRESENTACI\u00d3N DE PROGRAMAS\">[+]<\/a><\/p>\n","protected":false},"author":3017,"featured_media":0,"parent":0,"menu_order":0,"comment_status":"closed","ping_status":"closed","template":"","meta":[],"acf":[],"_links":{"self":[{"href":"https:\/\/ens10-caba.infd.edu.ar\/sitio\/wp-json\/wp\/v2\/pages\/4510"}],"collection":[{"href":"https:\/\/ens10-caba.infd.edu.ar\/sitio\/wp-json\/wp\/v2\/pages"}],"about":[{"href":"https:\/\/ens10-caba.infd.edu.ar\/sitio\/wp-json\/wp\/v2\/types\/page"}],"author":[{"embeddable":true,"href":"https:\/\/ens10-caba.infd.edu.ar\/sitio\/wp-json\/wp\/v2\/users\/3017"}],"replies":[{"embeddable":true,"href":"https:\/\/ens10-caba.infd.edu.ar\/sitio\/wp-json\/wp\/v2\/comments?post=4510"}],"version-history":[{"count":5,"href":"https:\/\/ens10-caba.infd.edu.ar\/sitio\/wp-json\/wp\/v2\/pages\/4510\/revisions"}],"predecessor-version":[{"id":4527,"href":"https:\/\/ens10-caba.infd.edu.ar\/sitio\/wp-json\/wp\/v2\/pages\/4510\/revisions\/4527"}],"wp:attachment":[{"href":"https:\/\/ens10-caba.infd.edu.ar\/sitio\/wp-json\/wp\/v2\/media?parent=4510"}],"curies":[{"name":"wp","href":"https:\/\/api.w.org\/{rel}","templated":true}]}}